{"id":14997,"date":"2020-12-15T13:00:04","date_gmt":"2020-12-15T13:00:04","guid":{"rendered":"https:\/\/www.satinal.it\/mission-vision-values\/"},"modified":"2026-01-29T09:06:07","modified_gmt":"2026-01-29T09:06:07","slug":"mision-vision-valores","status":"publish","type":"page","link":"https:\/\/www.satinal.it\/es\/mision-vision-valores\/","title":{"rendered":"Mision | Valores | Vision"},"content":{"rendered":"<p><div class=\"fusion-fullwidth fullwidth-box fusion-builder-row-1 fusion-flex-container fusion-parallax-none hundred-percent-fullwidth non-hundred-percent-height-scrolling fusion-no-small-visibility\" style=\"--awb-border-radius-top-left:0px;--awb-border-radius-top-right:0px;--awb-border-radius-bottom-right:0px;--awb-border-radius-bottom-left:0px;--awb-min-height:400px;--awb-background-image:url(&quot;https:\/\/www.satinal.it\/wp-content\/uploads\/2020\/10\/satinal-company-no-group.jpg&quot;);--awb-background-size:cover;--awb-flex-wrap:wrap;\" ><div class=\"fusion-builder-row fusion-row fusion-flex-align-items-center fusion-flex-align-content-center fusion-flex-content-wrap\" style=\"width:104% !important;max-width:104% !important;margin-left: calc(-4% \/ 2 );margin-right: calc(-4% \/ 2 );\"><div class=\"fusion-layout-column fusion_builder_column fusion-builder-column-0 fusion_builder_column_1_1 1_1 fusion-flex-column\" style=\"--awb-bg-size:cover;--awb-width-large:100%;--awb-margin-top-large:0px;--awb-spacing-right-large:1.92%;--awb-margin-bottom-large:20px;--awb-spacing-left-large:1.92%;--awb-width-medium:100%;--awb-order-medium:0;--awb-spacing-right-medium:1.92%;--awb-spacing-left-medium:1.92%;--awb-width-small:100%;--awb-order-small:0;--awb-spacing-right-small:1.92%;--awb-spacing-left-small:1.92%;\"><div class=\"fusion-column-wrapper fusion-column-has-shadow fusion-flex-justify-content-flex-start fusion-content-layout-column\"><\/div><\/div><\/div><\/div><div class=\"fusion-fullwidth fullwidth-box fusion-builder-row-2 fusion-flex-container hundred-percent-fullwidth non-hundred-percent-height-scrolling fusion-no-medium-visibility fusion-no-large-visibility\" style=\"--awb-border-radius-top-left:0px;--awb-border-radius-top-right:0px;--awb-border-radius-bottom-right:0px;--awb-border-radius-bottom-left:0px;--awb-padding-top:0px;--awb-padding-right:0px;--awb-padding-bottom:0px;--awb-padding-left:0px;--awb-margin-top:0px;--awb-margin-bottom:0px;--awb-flex-wrap:wrap;\" ><div class=\"fusion-builder-row fusion-row fusion-flex-align-items-center fusion-flex-align-content-center fusion-flex-content-wrap\" style=\"width:104% !important;max-width:104% !important;margin-left: calc(-4% \/ 2 );margin-right: calc(-4% \/ 2 );\"><div class=\"fusion-layout-column fusion_builder_column fusion-builder-column-1 fusion_builder_column_1_1 1_1 fusion-flex-column\" style=\"--awb-bg-size:cover;--awb-width-large:100%;--awb-margin-top-large:0px;--awb-spacing-right-large:1.92%;--awb-margin-bottom-large:20px;--awb-spacing-left-large:1.92%;--awb-width-medium:100%;--awb-order-medium:0;--awb-spacing-right-medium:1.92%;--awb-spacing-left-medium:1.92%;--awb-width-small:100%;--awb-order-small:0;--awb-spacing-right-small:1.92%;--awb-spacing-left-small:1.92%;\"><div class=\"fusion-column-wrapper fusion-column-has-shadow fusion-flex-justify-content-flex-start fusion-content-layout-column\"><div class=\"fusion-image-element \" style=\"text-align:center;--awb-caption-title-font-family:var(--h2_typography-font-family);--awb-caption-title-font-weight:var(--h2_typography-font-weight);--awb-caption-title-font-style:var(--h2_typography-font-style);--awb-caption-title-size:var(--h2_typography-font-size);--awb-caption-title-transform:var(--h2_typography-text-transform);--awb-caption-title-line-height:var(--h2_typography-line-height);--awb-caption-title-letter-spacing:var(--h2_typography-letter-spacing);\"><span class=\" fusion-imageframe imageframe-none imageframe-1 hover-type-none\"><img decoding=\"async\" width=\"1200\" height=\"815\" alt=\"Satinal Company\" title=\"AZIENDA-mobile\" src=\"https:\/\/www.satinal.it\/wp-content\/uploads\/2020\/12\/AZIENDA-mobile.jpg\" class=\"img-responsive wp-image-9836\" srcset=\"https:\/\/www.satinal.it\/wp-content\/uploads\/2020\/12\/AZIENDA-mobile-200x136.jpg 200w, https:\/\/www.satinal.it\/wp-content\/uploads\/2020\/12\/AZIENDA-mobile-400x272.jpg 400w, https:\/\/www.satinal.it\/wp-content\/uploads\/2020\/12\/AZIENDA-mobile-600x408.jpg 600w, https:\/\/www.satinal.it\/wp-content\/uploads\/2020\/12\/AZIENDA-mobile-800x543.jpg 800w, https:\/\/www.satinal.it\/wp-content\/uploads\/2020\/12\/AZIENDA-mobile.jpg 1200w\" sizes=\"(max-width: 1024px) 100vw, (max-width: 640px) 100vw, 1200px\" \/><\/span><\/div><\/div><\/div><\/div><\/div><div class=\"fusion-fullwidth fullwidth-box fusion-builder-row-3 nonhundred-percent-fullwidth non-hundred-percent-height-scrolling\" style=\"--awb-border-radius-top-left:0px;--awb-border-radius-top-right:0px;--awb-border-radius-bottom-right:0px;--awb-border-radius-bottom-left:0px;--awb-padding-top:60px;--awb-padding-bottom:60px;--awb-flex-wrap:wrap;\" ><div class=\"fusion-builder-row fusion-row\"><div class=\"fusion-layout-column fusion_builder_column fusion-builder-column-2 fusion_builder_column_1_3 1_3 fusion-one-third fusion-column-first\" style=\"--awb-padding-right:5%;--awb-bg-size:cover;width:30.6666%; margin-right: 4%;\"><div class=\"fusion-column-wrapper fusion-column-has-shadow fusion-flex-column-wrapper-legacy\"><div class=\"fusion-text fusion-text-1\" style=\"--awb-content-alignment:center;--awb-text-color:#38373a;\"><p><strong>SOBRE NOSOTROS<\/strong><\/p>\n<\/div><div class=\"fusion-sep-clear\"><\/div><div class=\"fusion-separator fusion-full-width-sep\" style=\"margin-left: auto;margin-right: auto;margin-top:-10px;margin-bottom:20px;width:100%;\"><div class=\"fusion-separator-border sep-single sep-solid\" style=\"--awb-height:20px;--awb-amount:20px;--awb-sep-color:#38373a;border-color:#38373a;border-top-width:2px;\"><\/div><\/div><div class=\"fusion-sep-clear\"><\/div><div class=\"fusion-fa-align-left\"><i class=\"fb-icon-element-1 fb-icon-element fontawesome-icon fa-square-full fas circle-no\" style=\"--awb-iconcolor:#38373a;--awb-iconcolor-hover:#38373a;--awb-font-size:25px;--awb-margin-right:10px;\"><\/i><\/div><div class=\"fusion-title title fusion-title-1 sep-underline sep-solid fusion-title-text fusion-title-size-four bottone-s-lab-grey\" style=\"--awb-text-color:#38373a;--awb-margin-top:0px;--awb-font-size:16px;\"><h4 class=\"fusion-title-heading title-heading-left\" style=\"margin:0;font-size:1em;line-height:22px;\"><a href=\"https:\/\/www.satinal.it\/es\/la-empresa\/\">LA EMPRESA<\/a><\/h4><\/div><div class=\"fusion-fa-align-left\"><i class=\"fb-icon-element-2 fb-icon-element fontawesome-icon fa-square-full fas circle-no\" style=\"--awb-iconcolor:#38373a;--awb-iconcolor-hover:#38373a;--awb-font-size:25px;--awb-margin-right:10px;\"><\/i><\/div><div class=\"fusion-title title fusion-title-2 sep-underline sep-solid fusion-title-text fusion-title-size-four bottone-s-lab-grey\" style=\"--awb-text-color:#38373a;--awb-margin-top:0px;--awb-font-size:16px;\"><h4 class=\"fusion-title-heading title-heading-left\" style=\"margin:0;font-size:1em;line-height:22px;\"><a href=\"https:\/\/www.satinal.it\/es\/nuestras-ubicaciones\/\">SATINAL EN EL MUNDO<\/a><\/h4><\/div><div class=\"fusion-fa-align-left\"><i class=\"fb-icon-element-3 fb-icon-element fontawesome-icon fa-square-full fas circle-no\" style=\"--awb-iconcolor:#38373a;--awb-iconcolor-hover:#38373a;--awb-font-size:25px;--awb-margin-right:10px;\"><\/i><\/div><div class=\"fusion-title title fusion-title-3 sep-underline sep-solid fusion-title-text fusion-title-size-four bottone-s-lab-grey\" style=\"--awb-text-color:#38373a;--awb-margin-top:0px;--awb-font-size:16px;\"><h4 class=\"fusion-title-heading title-heading-left\" style=\"margin:0;font-size:1em;line-height:22px;\"><a href=\"https:\/\/www.satinal.it\/es\/mision-vision-valores\/\">MISION | <\/a><a href=\"https:\/\/www.satinal.it\/es\/mision-vision-valores\/\">VALORES<\/a><a href=\"https:\/\/www.satinal.it\/es\/mision-vision-valores\/\"> | <\/a><a href=\"https:\/\/www.satinal.it\/es\/mision-vision-valores\/\">VISION\u00a0<\/a><\/h4><\/div><div class=\"fusion-fa-align-left\"><i class=\"fb-icon-element-4 fb-icon-element fontawesome-icon fa-square-full fas circle-no\" style=\"--awb-iconcolor:#38373a;--awb-iconcolor-hover:#38373a;--awb-font-size:25px;--awb-margin-right:10px;\"><\/i><\/div><div class=\"fusion-title title fusion-title-4 sep-underline sep-solid fusion-title-text fusion-title-size-four bottone-s-lab-grey\" style=\"--awb-text-color:#38373a;--awb-margin-top:0px;--awb-font-size:16px;\"><h4 class=\"fusion-title-heading title-heading-left\" style=\"margin:0;font-size:1em;line-height:22px;\"><a href=\"https:\/\/www.satinal.it\/es\/seguridad-sostenibilidad-responsabilidad\/\">SOSTENTABILIDAD<\/a><\/h4><\/div><div class=\"fusion-clearfix\"><\/div><\/div><\/div>\n<div class=\"fusion-layout-column fusion_builder_column fusion-builder-column-3 fusion_builder_column_2_3 2_3 fusion-two-third fusion-column-last\" style=\"--awb-bg-size:cover;width:65.3333%;\"><div class=\"fusion-column-wrapper fusion-column-has-shadow fusion-flex-column-wrapper-legacy\"><div class=\"fusion-title title fusion-title-5 fusion-sep-none fusion-title-text fusion-title-size-one\" style=\"--awb-margin-top:6px;--awb-font-size:40px;\"><h1 class=\"fusion-title-heading title-heading-left\" style=\"margin:0;font-size:1em;\">LA TRADICI\u00d3N DE LA FAMILIA BRESCIANI<\/h1><\/div><div class=\"fusion-text fusion-text-2\" style=\"--awb-content-alignment:left;\"><p>La <strong>familia Bresciani<\/strong> ha estado operando en el sector del vidrio desde la d\u00e9cada de 1920 y fund\u00f3 SATINAL SpA  en 2001, despu\u00e9s de varias experiencias en el procesamiento industrial de vidrio.<\/p>\n<\/div><div class=\"fusion-title title fusion-title-6 fusion-sep-none fusion-title-text fusion-title-size-three\" style=\"--awb-margin-top:6px;\"><h3 class=\"fusion-title-heading title-heading-left\" style=\"margin:0;\">NUESTRA MISI\u00d3N<\/h3><\/div><div class=\"fusion-text fusion-text-3\" style=\"--awb-content-alignment:left;--awb-font-size:24px;\"><p><strong>Habilitar hoy la producci\u00f3n del cristal de seguridad del futuro<\/strong><\/p>\n<\/div><div class=\"fusion-text fusion-text-4\" style=\"--awb-content-alignment:left;\"><p>Nuestro compromiso es ser un punto de referencia fiable y un centro de excelencia en Europa. Nos especializamos en la producci\u00f3n de interl\u00e1minas y productos qu\u00edmicos para vidrio de seguridad, vidrio satinado y aplicaciones fotovoltaicas.<\/p>\n<p>Nuestra vocaci\u00f3n es <strong>consolidar nuestra naturaleza de excelencia italiana <\/strong>en el mundo.<\/p>\n<p><strong>El objetivo estrat\u00e9gico<\/strong>, centrado en la producci\u00f3n de productos qu\u00edmicos, interl\u00e1minas de pl\u00e1stico y maquinaria innovadora, convierte a nuestra empresa en pionera de la transformaci\u00f3n del vidrio del futuro y en int\u00e9rprete de dise\u00f1o y  de la <em>seguridad<\/em> en el presente.<\/p>\n<p>Trabajamos con un <strong>enfoque \u00fanico e innovador<\/strong> a nivel internacional, garantizando un servicio de asistencia t\u00e9cnica en la gesti\u00f3n de la maquinaria.<\/p>\n<p>Gracias a nuestra capacidad <strong>para resolver problemas y dar respuestas oportunas, <\/strong>superamos las expectativas de nuestros clientes. Esto es el motivo para dar confianza a Satinal.<\/p>\n<\/div><div class=\"fusion-clearfix\"><\/div><\/div><\/div><div class=\"fusion-layout-column fusion_builder_column fusion-builder-column-4 fusion_builder_column_1_1 1_1 fusion-one-full fusion-column-first fusion-column-last\" style=\"--awb-bg-size:cover;--awb-margin-bottom:0px;\"><div class=\"fusion-column-wrapper fusion-flex-column-wrapper-legacy\"><div class=\"fusion-clearfix\"><\/div><\/div><\/div><\/div><\/div><div class=\"fusion-fullwidth fullwidth-box fusion-builder-row-4 fusion-flex-container nonhundred-percent-fullwidth non-hundred-percent-height-scrolling\" style=\"--awb-border-radius-top-left:0px;--awb-border-radius-top-right:0px;--awb-border-radius-bottom-right:0px;--awb-border-radius-bottom-left:0px;--awb-padding-top:4%;--awb-padding-bottom:4%;--awb-padding-bottom-medium:52px;--awb-padding-top-small:40px;--awb-padding-bottom-small:24px;--awb-background-color:#f4f4f6;--awb-flex-wrap:wrap;\" ><div class=\"fusion-builder-row fusion-row fusion-flex-align-items-flex-start fusion-flex-justify-content-center fusion-flex-content-wrap\" style=\"max-width:1248px;margin-left: calc(-4% \/ 2 );margin-right: calc(-4% \/ 2 );\"><div class=\"fusion-layout-column fusion_builder_column fusion-builder-column-5 fusion_builder_column_1_3 1_3 fusion-flex-column\" style=\"--awb-bg-size:cover;--awb-width-large:33.333333333333%;--awb-margin-top-large:0px;--awb-spacing-right-large:5.76%;--awb-margin-bottom-large:20px;--awb-spacing-left-large:5.76%;--awb-width-medium:100%;--awb-order-medium:0;--awb-spacing-right-medium:1.92%;--awb-spacing-left-medium:1.92%;--awb-width-small:100%;--awb-order-small:0;--awb-spacing-right-small:1.92%;--awb-spacing-left-small:1.92%;\"><div class=\"fusion-column-wrapper fusion-column-has-shadow fusion-flex-justify-content-flex-start fusion-content-layout-column\"><\/div><\/div><div class=\"fusion-layout-column fusion_builder_column fusion-builder-column-6 fusion_builder_column_2_3 2_3 fusion-flex-column\" style=\"--awb-bg-size:cover;--awb-width-large:66.666666666667%;--awb-margin-top-large:0px;--awb-spacing-right-large:2.88%;--awb-margin-bottom-large:20px;--awb-spacing-left-large:2.88%;--awb-width-medium:83.333333333333%;--awb-order-medium:0;--awb-spacing-right-medium:2.304%;--awb-spacing-left-medium:2.304%;--awb-width-small:100%;--awb-order-small:0;--awb-spacing-right-small:1.92%;--awb-spacing-left-small:1.92%;\"><div class=\"fusion-column-wrapper fusion-column-has-shadow fusion-flex-justify-content-flex-start fusion-content-layout-column\"><div class=\"fusion-title title fusion-title-7 fusion-sep-none fusion-title-text fusion-title-size-three\" style=\"--awb-margin-top:6px;--awb-font-size:40px;\"><h3 class=\"fusion-title-heading title-heading-left\" style=\"margin:0;font-size:1em;\">NUESTRA FORMA DE SER<\/h3><\/div><div class=\"fusion-text fusion-text-5\" style=\"--awb-content-alignment:left;\"><p>Calidad, honestidad, transparencia, innovaci\u00f3n y respeto son los principales ingredientes de nuestra vida cotidiana. Nuestros principales recursos son las personas y su valor. Esta es la inspiraci\u00f3n que gu\u00eda nuestro enfoque diario de los negocios, la innovaci\u00f3n y la calidad<\/p>\n<p>Escuchamos, no solo o\u00edmos.<br \/>\nObservamos, no solo vemos.<br \/>\nCreamos, no solo hacemos.<\/p>\n<p>La innovaci\u00f3n es una consecuencia<\/p>\n<\/div><\/div><\/div><\/div><\/div><div class=\"fusion-fullwidth fullwidth-box fusion-builder-row-5 fusion-flex-container nonhundred-percent-fullwidth non-hundred-percent-height-scrolling\" style=\"--awb-border-radius-top-left:0px;--awb-border-radius-top-right:0px;--awb-border-radius-bottom-right:0px;--awb-border-radius-bottom-left:0px;--awb-padding-top-medium:12px;--awb-padding-top-small:10px;--awb-padding-bottom-small:40px;--awb-margin-top:40px;--awb-flex-wrap:wrap;\" ><div class=\"fusion-builder-row fusion-row fusion-flex-align-items-flex-start fusion-flex-justify-content-center fusion-flex-content-wrap\" style=\"max-width:1248px;margin-left: calc(-4% \/ 2 );margin-right: calc(-4% \/ 2 );\"><div class=\"fusion-layout-column fusion_builder_column fusion-builder-column-7 fusion_builder_column_1_3 1_3 fusion-flex-column\" style=\"--awb-bg-size:cover;--awb-width-large:33.333333333333%;--awb-margin-top-large:0px;--awb-spacing-right-large:5.76%;--awb-margin-bottom-large:20px;--awb-spacing-left-large:5.76%;--awb-width-medium:100%;--awb-order-medium:0;--awb-spacing-right-medium:1.92%;--awb-spacing-left-medium:1.92%;--awb-width-small:100%;--awb-order-small:0;--awb-spacing-right-small:1.92%;--awb-spacing-left-small:1.92%;\"><div class=\"fusion-column-wrapper fusion-column-has-shadow fusion-flex-justify-content-flex-start fusion-content-layout-column\"><\/div><\/div><div class=\"fusion-layout-column fusion_builder_column fusion-builder-column-8 fusion_builder_column_2_3 2_3 fusion-flex-column\" style=\"--awb-bg-size:cover;--awb-width-large:66.666666666667%;--awb-margin-top-large:0px;--awb-spacing-right-large:2.88%;--awb-margin-bottom-large:5%;--awb-spacing-left-large:2.88%;--awb-width-medium:75%;--awb-order-medium:0;--awb-spacing-right-medium:2.56%;--awb-margin-bottom-medium:30px;--awb-spacing-left-medium:2.56%;--awb-width-small:100%;--awb-order-small:0;--awb-spacing-right-small:1.92%;--awb-spacing-left-small:1.92%;\"><div class=\"fusion-column-wrapper fusion-column-has-shadow fusion-flex-justify-content-flex-start fusion-content-layout-column\"><div class=\"fusion-title title fusion-title-8 fusion-sep-none fusion-title-text fusion-title-size-three\" style=\"--awb-margin-top:6px;--awb-font-size:40px;\"><h3 class=\"fusion-title-heading title-heading-left\" style=\"margin:0;font-size:1em;\">NUESTRA VISI\u00d3N<\/h3><\/div><div class=\"fusion-text fusion-text-6\"><p>Ser una empresa italiana impulsada por la innovaci\u00f3n, que opera en todo el mundo para proporcionar soluciones avanzadas para la industria del vidrio. Invertimos para ser los fabricantes m\u00e1s confiables de l\u00e1minas intercalares, as\u00ed como los proveedores m\u00e1s experimentados de m\u00e1quinas y productos qu\u00edmicos para el satinado en todo el mundo. Participamos en estrecha colaboraci\u00f3n con nuestros clientes para proporcionar asistencia t\u00e9cnica integral y soporte y hacer que su negocio sea m\u00e1s rentable.<\/p>\n<\/div><\/div><\/div><\/div><\/div><\/p>\n","protected":false},"excerpt":{"rendered":"","protected":false},"author":7,"featured_media":0,"parent":0,"menu_order":0,"comment_status":"closed","ping_status":"closed","template":"100-width.php","meta":{"footnotes":""},"class_list":["post-14997","page","type-page","status-publish","hentry"],"yoast_head":"<!-- This site is optimized with the Yoast SEO plugin v25.7 - https:\/\/yoast.com\/wordpress\/plugins\/seo\/ -->\n<title>Nuestra misi\u00f3n, valores y visi\u00f3n - SATINAL<\/title>\n<meta name=\"description\" content=\"Somos una empresa italiana impulsada por la innovaci\u00f3n, que opera en todo el mundo para ofrecer soluciones avanzadas para la industria del vidrio.\" \/>\n<meta name=\"robots\" content=\"index, follow, max-snippet:-1, max-image-preview:large, max-video-preview:-1\" \/>\n<link rel=\"canonical\" href=\"https:\/\/www.satinal.it\/es\/mision-vision-valores\/\" \/>\n<meta property=\"og:locale\" content=\"es_ES\" \/>\n<meta property=\"og:type\" content=\"article\" \/>\n<meta property=\"og:title\" content=\"Nuestra misi\u00f3n, valores y visi\u00f3n - SATINAL\" \/>\n<meta property=\"og:description\" content=\"Somos una empresa italiana impulsada por la innovaci\u00f3n, que opera en todo el mundo para ofrecer soluciones avanzadas para la industria del vidrio.\" \/>\n<meta property=\"og:url\" content=\"https:\/\/www.satinal.it\/es\/mision-vision-valores\/\" \/>\n<meta property=\"og:site_name\" content=\"Satinal\" \/>\n<meta property=\"article:modified_time\" content=\"2026-01-29T09:06:07+00:00\" \/>\n<meta name=\"twitter:card\" content=\"summary_large_image\" \/>\n<meta name=\"twitter:label1\" content=\"Tiempo de lectura\" \/>\n\t<meta name=\"twitter:data1\" content=\"15 minutos\" \/>\n<script type=\"application\/ld+json\" class=\"yoast-schema-graph\">{\"@context\":\"https:\/\/schema.org\",\"@graph\":[{\"@type\":\"WebPage\",\"@id\":\"https:\/\/www.satinal.it\/es\/mision-vision-valores\/\",\"url\":\"https:\/\/www.satinal.it\/es\/mision-vision-valores\/\",\"name\":\"Nuestra misi\u00f3n, valores y visi\u00f3n - SATINAL\",\"isPartOf\":{\"@id\":\"https:\/\/www.satinal.it\/es\/#website\"},\"datePublished\":\"2020-12-15T13:00:04+00:00\",\"dateModified\":\"2026-01-29T09:06:07+00:00\",\"description\":\"Somos una empresa italiana impulsada por la innovaci\u00f3n, que opera en todo el mundo para ofrecer soluciones avanzadas para la industria del vidrio.\",\"breadcrumb\":{\"@id\":\"https:\/\/www.satinal.it\/es\/mision-vision-valores\/#breadcrumb\"},\"inLanguage\":\"es\",\"potentialAction\":[{\"@type\":\"ReadAction\",\"target\":[\"https:\/\/www.satinal.it\/es\/mision-vision-valores\/\"]}]},{\"@type\":\"BreadcrumbList\",\"@id\":\"https:\/\/www.satinal.it\/es\/mision-vision-valores\/#breadcrumb\",\"itemListElement\":[{\"@type\":\"ListItem\",\"position\":1,\"name\":\"Home\",\"item\":\"https:\/\/www.satinal.it\/es\/\"},{\"@type\":\"ListItem\",\"position\":2,\"name\":\"Mision | Valores | Vision\"}]},{\"@type\":\"WebSite\",\"@id\":\"https:\/\/www.satinal.it\/es\/#website\",\"url\":\"https:\/\/www.satinal.it\/es\/\",\"name\":\"Satinal\",\"description\":\"Competent in glass\",\"publisher\":{\"@id\":\"https:\/\/www.satinal.it\/es\/#organization\"},\"potentialAction\":[{\"@type\":\"SearchAction\",\"target\":{\"@type\":\"EntryPoint\",\"urlTemplate\":\"https:\/\/www.satinal.it\/es\/?s={search_term_string}\"},\"query-input\":{\"@type\":\"PropertyValueSpecification\",\"valueRequired\":true,\"valueName\":\"search_term_string\"}}],\"inLanguage\":\"es\"},{\"@type\":\"Organization\",\"@id\":\"https:\/\/www.satinal.it\/es\/#organization\",\"name\":\"SATINAL SPA\",\"url\":\"https:\/\/www.satinal.it\/es\/\",\"logo\":{\"@type\":\"ImageObject\",\"inLanguage\":\"es\",\"@id\":\"https:\/\/www.satinal.it\/es\/#\/schema\/logo\/image\/\",\"url\":\"https:\/\/www.satinal.it\/wp-content\/uploads\/2020\/11\/Satinal-logo-mission.png\",\"contentUrl\":\"https:\/\/www.satinal.it\/wp-content\/uploads\/2020\/11\/Satinal-logo-mission.png\",\"width\":210,\"height\":81,\"caption\":\"SATINAL SPA\"},\"image\":{\"@id\":\"https:\/\/www.satinal.it\/es\/#\/schema\/logo\/image\/\"}}]}<\/script>\n<!-- \/ Yoast SEO plugin. -->","yoast_head_json":{"title":"Nuestra misi\u00f3n, valores y visi\u00f3n - SATINAL","description":"Somos una empresa italiana impulsada por la innovaci\u00f3n, que opera en todo el mundo para ofrecer soluciones avanzadas para la industria del vidrio.","robots":{"index":"index","follow":"follow","max-snippet":"max-snippet:-1","max-image-preview":"max-image-preview:large","max-video-preview":"max-video-preview:-1"},"canonical":"https:\/\/www.satinal.it\/es\/mision-vision-valores\/","og_locale":"es_ES","og_type":"article","og_title":"Nuestra misi\u00f3n, valores y visi\u00f3n - SATINAL","og_description":"Somos una empresa italiana impulsada por la innovaci\u00f3n, que opera en todo el mundo para ofrecer soluciones avanzadas para la industria del vidrio.","og_url":"https:\/\/www.satinal.it\/es\/mision-vision-valores\/","og_site_name":"Satinal","article_modified_time":"2026-01-29T09:06:07+00:00","twitter_card":"summary_large_image","twitter_misc":{"Tiempo de lectura":"15 minutos"},"schema":{"@context":"https:\/\/schema.org","@graph":[{"@type":"WebPage","@id":"https:\/\/www.satinal.it\/es\/mision-vision-valores\/","url":"https:\/\/www.satinal.it\/es\/mision-vision-valores\/","name":"Nuestra misi\u00f3n, valores y visi\u00f3n - SATINAL","isPartOf":{"@id":"https:\/\/www.satinal.it\/es\/#website"},"datePublished":"2020-12-15T13:00:04+00:00","dateModified":"2026-01-29T09:06:07+00:00","description":"Somos una empresa italiana impulsada por la innovaci\u00f3n, que opera en todo el mundo para ofrecer soluciones avanzadas para la industria del vidrio.","breadcrumb":{"@id":"https:\/\/www.satinal.it\/es\/mision-vision-valores\/#breadcrumb"},"inLanguage":"es","potentialAction":[{"@type":"ReadAction","target":["https:\/\/www.satinal.it\/es\/mision-vision-valores\/"]}]},{"@type":"BreadcrumbList","@id":"https:\/\/www.satinal.it\/es\/mision-vision-valores\/#breadcrumb","itemListElement":[{"@type":"ListItem","position":1,"name":"Home","item":"https:\/\/www.satinal.it\/es\/"},{"@type":"ListItem","position":2,"name":"Mision | Valores | Vision"}]},{"@type":"WebSite","@id":"https:\/\/www.satinal.it\/es\/#website","url":"https:\/\/www.satinal.it\/es\/","name":"Satinal","description":"Competent in glass","publisher":{"@id":"https:\/\/www.satinal.it\/es\/#organization"},"potentialAction":[{"@type":"SearchAction","target":{"@type":"EntryPoint","urlTemplate":"https:\/\/www.satinal.it\/es\/?s={search_term_string}"},"query-input":{"@type":"PropertyValueSpecification","valueRequired":true,"valueName":"search_term_string"}}],"inLanguage":"es"},{"@type":"Organization","@id":"https:\/\/www.satinal.it\/es\/#organization","name":"SATINAL SPA","url":"https:\/\/www.satinal.it\/es\/","logo":{"@type":"ImageObject","inLanguage":"es","@id":"https:\/\/www.satinal.it\/es\/#\/schema\/logo\/image\/","url":"https:\/\/www.satinal.it\/wp-content\/uploads\/2020\/11\/Satinal-logo-mission.png","contentUrl":"https:\/\/www.satinal.it\/wp-content\/uploads\/2020\/11\/Satinal-logo-mission.png","width":210,"height":81,"caption":"SATINAL SPA"},"image":{"@id":"https:\/\/www.satinal.it\/es\/#\/schema\/logo\/image\/"}}]}},"_links":{"self":[{"href":"https:\/\/www.satinal.it\/es\/wp-json\/wp\/v2\/pages\/14997","targetHints":{"allow":["GET"]}}],"collection":[{"href":"https:\/\/www.satinal.it\/es\/wp-json\/wp\/v2\/pages"}],"about":[{"href":"https:\/\/www.satinal.it\/es\/wp-json\/wp\/v2\/types\/page"}],"author":[{"embeddable":true,"href":"https:\/\/www.satinal.it\/es\/wp-json\/wp\/v2\/users\/7"}],"replies":[{"embeddable":true,"href":"https:\/\/www.satinal.it\/es\/wp-json\/wp\/v2\/comments?post=14997"}],"version-history":[{"count":2,"href":"https:\/\/www.satinal.it\/es\/wp-json\/wp\/v2\/pages\/14997\/revisions"}],"predecessor-version":[{"id":24086,"href":"https:\/\/www.satinal.it\/es\/wp-json\/wp\/v2\/pages\/14997\/revisions\/24086"}],"wp:attachment":[{"href":"https:\/\/www.satinal.it\/es\/wp-json\/wp\/v2\/media?parent=14997"}],"curies":[{"name":"wp","href":"https:\/\/api.w.org\/{rel}","templated":true}]}}