{"id":15089,"date":"2020-09-22T10:57:44","date_gmt":"2020-09-22T10:57:44","guid":{"rendered":"https:\/\/www.satinal.it\/shop\/sin%20categor\u00eda\/silicone-bag-vacuum-valve\/"},"modified":"2021-06-29T12:51:25","modified_gmt":"2021-06-29T12:51:25","slug":"valvula-de-vacio-para-bolsas-de-silicona","status":"publish","type":"product","link":"https:\/\/www.satinal.it\/es\/shop\/accesorios-y-repuestos\/valvula-de-vacio-para-bolsas-de-silicona\/","title":{"rendered":"V\u00e1lvula de vac\u00edo para bolsas de silicona"},"content":{"rendered":"","protected":false},"excerpt":{"rendered":"<p>V\u00e1lvula de extracci\u00f3n de aire para recrear el vac\u00edo en la bolsa de laminaci\u00f3n.<\/p>\n<p>Compatible exclusivamente con hornos Lamijet TK (hay que verificar otras marcas).<\/p>\n","protected":false},"featured_media":7920,"template":"","meta":[],"product_brand":[],"product_cat":[749],"product_tag":[],"class_list":{"0":"post-15089","1":"product","2":"type-product","3":"status-publish","4":"has-post-thumbnail","6":"product_cat-accesorios-y-repuestos","8":"first","9":"instock","10":"featured","11":"shipping-taxable","12":"purchasable","13":"product-type-simple"},"yoast_head":"<!-- This site is optimized with the Yoast SEO plugin v25.7 - https:\/\/yoast.com\/wordpress\/plugins\/seo\/ -->\n<title>V\u00e1lvula de vac\u00edo para bolsas de silicona SATINAL<\/title>\n<meta name=\"description\" content=\"SATINAL SpA - V\u00e1lvula de vac\u00edo para bolsas de silicona. Compatible con hornos Lamijet TK (hay que verificar otras marcas).\" \/>\n<meta name=\"robots\" content=\"index, follow, max-snippet:-1, max-image-preview:large, max-video-preview:-1\" \/>\n<link rel=\"canonical\" href=\"https:\/\/www.satinal.it\/es\/shop\/accesorios-y-repuestos\/valvula-de-vacio-para-bolsas-de-silicona\/\" \/>\n<meta property=\"og:locale\" content=\"es_ES\" \/>\n<meta property=\"og:type\" content=\"article\" \/>\n<meta property=\"og:title\" content=\"V\u00e1lvula de vac\u00edo para bolsas de silicona SATINAL\" \/>\n<meta property=\"og:description\" content=\"SATINAL SpA - V\u00e1lvula de vac\u00edo para bolsas de silicona. Compatible con hornos Lamijet TK (hay que verificar otras marcas).\" \/>\n<meta property=\"og:url\" content=\"https:\/\/www.satinal.it\/es\/shop\/accesorios-y-repuestos\/valvula-de-vacio-para-bolsas-de-silicona\/\" \/>\n<meta property=\"og:site_name\" content=\"Satinal\" \/>\n<meta property=\"article:modified_time\" content=\"2021-06-29T12:51:25+00:00\" \/>\n<meta property=\"og:image\" content=\"https:\/\/www.satinal.it\/wp-content\/uploads\/2020\/09\/Silicone-bag-vacuum-valve.jpg\" \/>\n\t<meta property=\"og:image:width\" content=\"1200\" \/>\n\t<meta property=\"og:image:height\" content=\"1200\" \/>\n\t<meta property=\"og:image:type\" content=\"image\/jpeg\" \/>\n<meta name=\"twitter:card\" content=\"summary_large_image\" \/>\n<script type=\"application\/ld+json\" class=\"yoast-schema-graph\">{\"@context\":\"https:\/\/schema.org\",\"@graph\":[{\"@type\":\"WebPage\",\"@id\":\"https:\/\/www.satinal.it\/es\/shop\/accesorios-y-repuestos\/valvula-de-vacio-para-bolsas-de-silicona\/\",\"url\":\"https:\/\/www.satinal.it\/es\/shop\/accesorios-y-repuestos\/valvula-de-vacio-para-bolsas-de-silicona\/\",\"name\":\"V\u00e1lvula de vac\u00edo para bolsas de silicona SATINAL\",\"isPartOf\":{\"@id\":\"https:\/\/www.satinal.it\/es\/#website\"},\"primaryImageOfPage\":{\"@id\":\"https:\/\/www.satinal.it\/es\/shop\/accesorios-y-repuestos\/valvula-de-vacio-para-bolsas-de-silicona\/#primaryimage\"},\"image\":{\"@id\":\"https:\/\/www.satinal.it\/es\/shop\/accesorios-y-repuestos\/valvula-de-vacio-para-bolsas-de-silicona\/#primaryimage\"},\"thumbnailUrl\":\"https:\/\/www.satinal.it\/wp-content\/uploads\/2020\/09\/Silicone-bag-vacuum-valve.jpg\",\"datePublished\":\"2020-09-22T10:57:44+00:00\",\"dateModified\":\"2021-06-29T12:51:25+00:00\",\"description\":\"SATINAL SpA - V\u00e1lvula de vac\u00edo para bolsas de silicona. Compatible con hornos Lamijet TK (hay que verificar otras marcas).\",\"breadcrumb\":{\"@id\":\"https:\/\/www.satinal.it\/es\/shop\/accesorios-y-repuestos\/valvula-de-vacio-para-bolsas-de-silicona\/#breadcrumb\"},\"inLanguage\":\"es\",\"potentialAction\":[{\"@type\":\"ReadAction\",\"target\":[\"https:\/\/www.satinal.it\/es\/shop\/accesorios-y-repuestos\/valvula-de-vacio-para-bolsas-de-silicona\/\"]}]},{\"@type\":\"ImageObject\",\"inLanguage\":\"es\",\"@id\":\"https:\/\/www.satinal.it\/es\/shop\/accesorios-y-repuestos\/valvula-de-vacio-para-bolsas-de-silicona\/#primaryimage\",\"url\":\"https:\/\/www.satinal.it\/wp-content\/uploads\/2020\/09\/Silicone-bag-vacuum-valve.jpg\",\"contentUrl\":\"https:\/\/www.satinal.it\/wp-content\/uploads\/2020\/09\/Silicone-bag-vacuum-valve.jpg\",\"width\":1200,\"height\":1200,\"caption\":\"SATINAL Vacuum valve for silicon bag\"},{\"@type\":\"BreadcrumbList\",\"@id\":\"https:\/\/www.satinal.it\/es\/shop\/accesorios-y-repuestos\/valvula-de-vacio-para-bolsas-de-silicona\/#breadcrumb\",\"itemListElement\":[{\"@type\":\"ListItem\",\"position\":1,\"name\":\"Home\",\"item\":\"https:\/\/www.satinal.it\/es\/\"},{\"@type\":\"ListItem\",\"position\":2,\"name\":\"La nuestra tienda online\",\"item\":\"https:\/\/www.satinal.it\/es\/la-nuestra-tienda-online\/\"},{\"@type\":\"ListItem\",\"position\":3,\"name\":\"V\u00e1lvula de vac\u00edo para bolsas de silicona\"}]},{\"@type\":\"WebSite\",\"@id\":\"https:\/\/www.satinal.it\/es\/#website\",\"url\":\"https:\/\/www.satinal.it\/es\/\",\"name\":\"Satinal\",\"description\":\"Competent in glass\",\"publisher\":{\"@id\":\"https:\/\/www.satinal.it\/es\/#organization\"},\"potentialAction\":[{\"@type\":\"SearchAction\",\"target\":{\"@type\":\"EntryPoint\",\"urlTemplate\":\"https:\/\/www.satinal.it\/es\/?s={search_term_string}\"},\"query-input\":{\"@type\":\"PropertyValueSpecification\",\"valueRequired\":true,\"valueName\":\"search_term_string\"}}],\"inLanguage\":\"es\"},{\"@type\":\"Organization\",\"@id\":\"https:\/\/www.satinal.it\/es\/#organization\",\"name\":\"SATINAL SPA\",\"url\":\"https:\/\/www.satinal.it\/es\/\",\"logo\":{\"@type\":\"ImageObject\",\"inLanguage\":\"es\",\"@id\":\"https:\/\/www.satinal.it\/es\/#\/schema\/logo\/image\/\",\"url\":\"https:\/\/www.satinal.it\/wp-content\/uploads\/2020\/11\/Satinal-logo-mission.png\",\"contentUrl\":\"https:\/\/www.satinal.it\/wp-content\/uploads\/2020\/11\/Satinal-logo-mission.png\",\"width\":210,\"height\":81,\"caption\":\"SATINAL SPA\"},\"image\":{\"@id\":\"https:\/\/www.satinal.it\/es\/#\/schema\/logo\/image\/\"}}]}<\/script>\n<!-- \/ Yoast SEO plugin. -->","yoast_head_json":{"title":"V\u00e1lvula de vac\u00edo para bolsas de silicona SATINAL","description":"SATINAL SpA - V\u00e1lvula de vac\u00edo para bolsas de silicona. Compatible con hornos Lamijet TK (hay que verificar otras marcas).","robots":{"index":"index","follow":"follow","max-snippet":"max-snippet:-1","max-image-preview":"max-image-preview:large","max-video-preview":"max-video-preview:-1"},"canonical":"https:\/\/www.satinal.it\/es\/shop\/accesorios-y-repuestos\/valvula-de-vacio-para-bolsas-de-silicona\/","og_locale":"es_ES","og_type":"article","og_title":"V\u00e1lvula de vac\u00edo para bolsas de silicona SATINAL","og_description":"SATINAL SpA - V\u00e1lvula de vac\u00edo para bolsas de silicona. Compatible con hornos Lamijet TK (hay que verificar otras marcas).","og_url":"https:\/\/www.satinal.it\/es\/shop\/accesorios-y-repuestos\/valvula-de-vacio-para-bolsas-de-silicona\/","og_site_name":"Satinal","article_modified_time":"2021-06-29T12:51:25+00:00","og_image":[{"width":1200,"height":1200,"url":"https:\/\/www.satinal.it\/wp-content\/uploads\/2020\/09\/Silicone-bag-vacuum-valve.jpg","type":"image\/jpeg"}],"twitter_card":"summary_large_image","schema":{"@context":"https:\/\/schema.org","@graph":[{"@type":"WebPage","@id":"https:\/\/www.satinal.it\/es\/shop\/accesorios-y-repuestos\/valvula-de-vacio-para-bolsas-de-silicona\/","url":"https:\/\/www.satinal.it\/es\/shop\/accesorios-y-repuestos\/valvula-de-vacio-para-bolsas-de-silicona\/","name":"V\u00e1lvula de vac\u00edo para bolsas de silicona SATINAL","isPartOf":{"@id":"https:\/\/www.satinal.it\/es\/#website"},"primaryImageOfPage":{"@id":"https:\/\/www.satinal.it\/es\/shop\/accesorios-y-repuestos\/valvula-de-vacio-para-bolsas-de-silicona\/#primaryimage"},"image":{"@id":"https:\/\/www.satinal.it\/es\/shop\/accesorios-y-repuestos\/valvula-de-vacio-para-bolsas-de-silicona\/#primaryimage"},"thumbnailUrl":"https:\/\/www.satinal.it\/wp-content\/uploads\/2020\/09\/Silicone-bag-vacuum-valve.jpg","datePublished":"2020-09-22T10:57:44+00:00","dateModified":"2021-06-29T12:51:25+00:00","description":"SATINAL SpA - V\u00e1lvula de vac\u00edo para bolsas de silicona. Compatible con hornos Lamijet TK (hay que verificar otras marcas).","breadcrumb":{"@id":"https:\/\/www.satinal.it\/es\/shop\/accesorios-y-repuestos\/valvula-de-vacio-para-bolsas-de-silicona\/#breadcrumb"},"inLanguage":"es","potentialAction":[{"@type":"ReadAction","target":["https:\/\/www.satinal.it\/es\/shop\/accesorios-y-repuestos\/valvula-de-vacio-para-bolsas-de-silicona\/"]}]},{"@type":"ImageObject","inLanguage":"es","@id":"https:\/\/www.satinal.it\/es\/shop\/accesorios-y-repuestos\/valvula-de-vacio-para-bolsas-de-silicona\/#primaryimage","url":"https:\/\/www.satinal.it\/wp-content\/uploads\/2020\/09\/Silicone-bag-vacuum-valve.jpg","contentUrl":"https:\/\/www.satinal.it\/wp-content\/uploads\/2020\/09\/Silicone-bag-vacuum-valve.jpg","width":1200,"height":1200,"caption":"SATINAL Vacuum valve for silicon bag"},{"@type":"BreadcrumbList","@id":"https:\/\/www.satinal.it\/es\/shop\/accesorios-y-repuestos\/valvula-de-vacio-para-bolsas-de-silicona\/#breadcrumb","itemListElement":[{"@type":"ListItem","position":1,"name":"Home","item":"https:\/\/www.satinal.it\/es\/"},{"@type":"ListItem","position":2,"name":"La nuestra tienda online","item":"https:\/\/www.satinal.it\/es\/la-nuestra-tienda-online\/"},{"@type":"ListItem","position":3,"name":"V\u00e1lvula de vac\u00edo para bolsas de silicona"}]},{"@type":"WebSite","@id":"https:\/\/www.satinal.it\/es\/#website","url":"https:\/\/www.satinal.it\/es\/","name":"Satinal","description":"Competent in glass","publisher":{"@id":"https:\/\/www.satinal.it\/es\/#organization"},"potentialAction":[{"@type":"SearchAction","target":{"@type":"EntryPoint","urlTemplate":"https:\/\/www.satinal.it\/es\/?s={search_term_string}"},"query-input":{"@type":"PropertyValueSpecification","valueRequired":true,"valueName":"search_term_string"}}],"inLanguage":"es"},{"@type":"Organization","@id":"https:\/\/www.satinal.it\/es\/#organization","name":"SATINAL SPA","url":"https:\/\/www.satinal.it\/es\/","logo":{"@type":"ImageObject","inLanguage":"es","@id":"https:\/\/www.satinal.it\/es\/#\/schema\/logo\/image\/","url":"https:\/\/www.satinal.it\/wp-content\/uploads\/2020\/11\/Satinal-logo-mission.png","contentUrl":"https:\/\/www.satinal.it\/wp-content\/uploads\/2020\/11\/Satinal-logo-mission.png","width":210,"height":81,"caption":"SATINAL SPA"},"image":{"@id":"https:\/\/www.satinal.it\/es\/#\/schema\/logo\/image\/"}}]}},"_links":{"self":[{"href":"https:\/\/www.satinal.it\/es\/wp-json\/wp\/v2\/product\/15089","targetHints":{"allow":["GET"]}}],"collection":[{"href":"https:\/\/www.satinal.it\/es\/wp-json\/wp\/v2\/product"}],"about":[{"href":"https:\/\/www.satinal.it\/es\/wp-json\/wp\/v2\/types\/product"}],"wp:featuredmedia":[{"embeddable":true,"href":"https:\/\/www.satinal.it\/es\/wp-json\/wp\/v2\/media\/7920"}],"wp:attachment":[{"href":"https:\/\/www.satinal.it\/es\/wp-json\/wp\/v2\/media?parent=15089"}],"wp:term":[{"taxonomy":"product_brand","embeddable":true,"href":"https:\/\/www.satinal.it\/es\/wp-json\/wp\/v2\/product_brand?post=15089"},{"taxonomy":"product_cat","embeddable":true,"href":"https:\/\/www.satinal.it\/es\/wp-json\/wp\/v2\/product_cat?post=15089"},{"taxonomy":"product_tag","embeddable":true,"href":"https:\/\/www.satinal.it\/es\/wp-json\/wp\/v2\/product_tag?post=15089"}],"curies":[{"name":"wp","href":"https:\/\/api.w.org\/{rel}","templated":true}]}}