{"id":15299,"date":"2020-09-22T12:11:56","date_gmt":"2020-09-22T12:11:56","guid":{"rendered":"https:\/\/www.satinal.it\/shop\/sin%20categor\u00eda\/thermal-cutter-with-4-blades-continuously-working-type\/"},"modified":"2021-06-29T12:52:08","modified_gmt":"2021-06-29T12:52:08","slug":"termocortador-electrico-funcionamiento-continuo","status":"publish","type":"product","link":"https:\/\/www.satinal.it\/es\/shop\/instrumentos\/termocortador-electrico-funcionamiento-continuo\/","title":{"rendered":"Termocortador el\u00e9ctrico con 4 cuchillas funcionamiento continuo"},"content":{"rendered":"","protected":false},"excerpt":{"rendered":"<p>Herramienta el\u00e9ctrica ideal para limpiar los bordes del vidrio laminado del desbordamiento de cualquier l\u00e1mina intercalar utilizada. Est\u00e1 dise\u00f1ado para trabajar de manera continua con el sistema de enfriamiento por aire. Tama\u00f1o compacto, equipado con cuatro cuchillas diferentes que se calientan r\u00e1pidamente (hasta 500\u00b0C). Pr\u00e1ctico con la palanca de encendido integrada en el mango que le permite operar f\u00e1cilmente.<\/p>\n<ul>\n<li>Temperatura ajustable<\/li>\n<li>Las Cuchillas se pueden comprar por separado<\/li>\n<li>Completo con malet\u00edn<\/li>\n<\/ul>\n","protected":false},"featured_media":7928,"template":"","meta":[],"product_brand":[],"product_cat":[753],"product_tag":[],"class_list":{"0":"post-15299","1":"product","2":"type-product","3":"status-publish","4":"has-post-thumbnail","6":"product_cat-instrumentos","8":"first","9":"instock","10":"featured","11":"shipping-taxable","12":"purchasable","13":"product-type-simple"},"yoast_head":"<!-- This site is optimized with the Yoast SEO plugin v25.7 - https:\/\/yoast.com\/wordpress\/plugins\/seo\/ -->\n<title>Termocortador el\u00e9ctrico 4 cuchillas funcionamiento continuo<\/title>\n<meta name=\"description\" content=\"SATINAL SpA - Termocortador el\u00e9ctrico con 4 cuchillas funcionamiento continuo. Ideal para limpiar los bordes del vidrio laminado.\" \/>\n<meta name=\"robots\" content=\"index, follow, max-snippet:-1, max-image-preview:large, max-video-preview:-1\" \/>\n<link rel=\"canonical\" href=\"https:\/\/www.satinal.it\/es\/shop\/instrumentos\/termocortador-electrico-funcionamiento-continuo\/\" \/>\n<meta property=\"og:locale\" content=\"es_ES\" \/>\n<meta property=\"og:type\" content=\"article\" \/>\n<meta property=\"og:title\" content=\"Termocortador el\u00e9ctrico 4 cuchillas funcionamiento continuo\" \/>\n<meta property=\"og:description\" content=\"SATINAL SpA - Termocortador el\u00e9ctrico con 4 cuchillas funcionamiento continuo. Ideal para limpiar los bordes del vidrio laminado.\" \/>\n<meta property=\"og:url\" content=\"https:\/\/www.satinal.it\/es\/shop\/instrumentos\/termocortador-electrico-funcionamiento-continuo\/\" \/>\n<meta property=\"og:site_name\" content=\"Satinal\" \/>\n<meta property=\"article:modified_time\" content=\"2021-06-29T12:52:08+00:00\" \/>\n<meta property=\"og:image\" content=\"https:\/\/www.satinal.it\/wp-content\/uploads\/2020\/09\/Thermal-cutter-4-blades-continuously-working-type.jpg\" \/>\n\t<meta property=\"og:image:width\" content=\"1200\" \/>\n\t<meta property=\"og:image:height\" content=\"1200\" \/>\n\t<meta property=\"og:image:type\" content=\"image\/jpeg\" \/>\n<meta name=\"twitter:card\" content=\"summary_large_image\" \/>\n<script type=\"application\/ld+json\" class=\"yoast-schema-graph\">{\"@context\":\"https:\/\/schema.org\",\"@graph\":[{\"@type\":\"WebPage\",\"@id\":\"https:\/\/www.satinal.it\/es\/shop\/instrumentos\/termocortador-electrico-funcionamiento-continuo\/\",\"url\":\"https:\/\/www.satinal.it\/es\/shop\/instrumentos\/termocortador-electrico-funcionamiento-continuo\/\",\"name\":\"Termocortador el\u00e9ctrico 4 cuchillas funcionamiento continuo\",\"isPartOf\":{\"@id\":\"https:\/\/www.satinal.it\/es\/#website\"},\"primaryImageOfPage\":{\"@id\":\"https:\/\/www.satinal.it\/es\/shop\/instrumentos\/termocortador-electrico-funcionamiento-continuo\/#primaryimage\"},\"image\":{\"@id\":\"https:\/\/www.satinal.it\/es\/shop\/instrumentos\/termocortador-electrico-funcionamiento-continuo\/#primaryimage\"},\"thumbnailUrl\":\"https:\/\/www.satinal.it\/wp-content\/uploads\/2020\/09\/Thermal-cutter-4-blades-continuously-working-type.jpg\",\"datePublished\":\"2020-09-22T12:11:56+00:00\",\"dateModified\":\"2021-06-29T12:52:08+00:00\",\"description\":\"SATINAL SpA - Termocortador el\u00e9ctrico con 4 cuchillas funcionamiento continuo. Ideal para limpiar los bordes del vidrio laminado.\",\"breadcrumb\":{\"@id\":\"https:\/\/www.satinal.it\/es\/shop\/instrumentos\/termocortador-electrico-funcionamiento-continuo\/#breadcrumb\"},\"inLanguage\":\"es\",\"potentialAction\":[{\"@type\":\"ReadAction\",\"target\":[\"https:\/\/www.satinal.it\/es\/shop\/instrumentos\/termocortador-electrico-funcionamiento-continuo\/\"]}]},{\"@type\":\"ImageObject\",\"inLanguage\":\"es\",\"@id\":\"https:\/\/www.satinal.it\/es\/shop\/instrumentos\/termocortador-electrico-funcionamiento-continuo\/#primaryimage\",\"url\":\"https:\/\/www.satinal.it\/wp-content\/uploads\/2020\/09\/Thermal-cutter-4-blades-continuously-working-type.jpg\",\"contentUrl\":\"https:\/\/www.satinal.it\/wp-content\/uploads\/2020\/09\/Thermal-cutter-4-blades-continuously-working-type.jpg\",\"width\":1200,\"height\":1200,\"caption\":\"Thermal cutter 4 blades continuously working type\"},{\"@type\":\"BreadcrumbList\",\"@id\":\"https:\/\/www.satinal.it\/es\/shop\/instrumentos\/termocortador-electrico-funcionamiento-continuo\/#breadcrumb\",\"itemListElement\":[{\"@type\":\"ListItem\",\"position\":1,\"name\":\"Home\",\"item\":\"https:\/\/www.satinal.it\/es\/\"},{\"@type\":\"ListItem\",\"position\":2,\"name\":\"La nuestra tienda online\",\"item\":\"https:\/\/www.satinal.it\/es\/la-nuestra-tienda-online\/\"},{\"@type\":\"ListItem\",\"position\":3,\"name\":\"Termocortador el\u00e9ctrico con 4 cuchillas funcionamiento continuo\"}]},{\"@type\":\"WebSite\",\"@id\":\"https:\/\/www.satinal.it\/es\/#website\",\"url\":\"https:\/\/www.satinal.it\/es\/\",\"name\":\"Satinal\",\"description\":\"Competent in glass\",\"publisher\":{\"@id\":\"https:\/\/www.satinal.it\/es\/#organization\"},\"potentialAction\":[{\"@type\":\"SearchAction\",\"target\":{\"@type\":\"EntryPoint\",\"urlTemplate\":\"https:\/\/www.satinal.it\/es\/?s={search_term_string}\"},\"query-input\":{\"@type\":\"PropertyValueSpecification\",\"valueRequired\":true,\"valueName\":\"search_term_string\"}}],\"inLanguage\":\"es\"},{\"@type\":\"Organization\",\"@id\":\"https:\/\/www.satinal.it\/es\/#organization\",\"name\":\"SATINAL SPA\",\"url\":\"https:\/\/www.satinal.it\/es\/\",\"logo\":{\"@type\":\"ImageObject\",\"inLanguage\":\"es\",\"@id\":\"https:\/\/www.satinal.it\/es\/#\/schema\/logo\/image\/\",\"url\":\"https:\/\/www.satinal.it\/wp-content\/uploads\/2020\/11\/Satinal-logo-mission.png\",\"contentUrl\":\"https:\/\/www.satinal.it\/wp-content\/uploads\/2020\/11\/Satinal-logo-mission.png\",\"width\":210,\"height\":81,\"caption\":\"SATINAL SPA\"},\"image\":{\"@id\":\"https:\/\/www.satinal.it\/es\/#\/schema\/logo\/image\/\"}}]}<\/script>\n<!-- \/ Yoast SEO plugin. -->","yoast_head_json":{"title":"Termocortador el\u00e9ctrico 4 cuchillas funcionamiento continuo","description":"SATINAL SpA - Termocortador el\u00e9ctrico con 4 cuchillas funcionamiento continuo. Ideal para limpiar los bordes del vidrio laminado.","robots":{"index":"index","follow":"follow","max-snippet":"max-snippet:-1","max-image-preview":"max-image-preview:large","max-video-preview":"max-video-preview:-1"},"canonical":"https:\/\/www.satinal.it\/es\/shop\/instrumentos\/termocortador-electrico-funcionamiento-continuo\/","og_locale":"es_ES","og_type":"article","og_title":"Termocortador el\u00e9ctrico 4 cuchillas funcionamiento continuo","og_description":"SATINAL SpA - Termocortador el\u00e9ctrico con 4 cuchillas funcionamiento continuo. Ideal para limpiar los bordes del vidrio laminado.","og_url":"https:\/\/www.satinal.it\/es\/shop\/instrumentos\/termocortador-electrico-funcionamiento-continuo\/","og_site_name":"Satinal","article_modified_time":"2021-06-29T12:52:08+00:00","og_image":[{"width":1200,"height":1200,"url":"https:\/\/www.satinal.it\/wp-content\/uploads\/2020\/09\/Thermal-cutter-4-blades-continuously-working-type.jpg","type":"image\/jpeg"}],"twitter_card":"summary_large_image","schema":{"@context":"https:\/\/schema.org","@graph":[{"@type":"WebPage","@id":"https:\/\/www.satinal.it\/es\/shop\/instrumentos\/termocortador-electrico-funcionamiento-continuo\/","url":"https:\/\/www.satinal.it\/es\/shop\/instrumentos\/termocortador-electrico-funcionamiento-continuo\/","name":"Termocortador el\u00e9ctrico 4 cuchillas funcionamiento continuo","isPartOf":{"@id":"https:\/\/www.satinal.it\/es\/#website"},"primaryImageOfPage":{"@id":"https:\/\/www.satinal.it\/es\/shop\/instrumentos\/termocortador-electrico-funcionamiento-continuo\/#primaryimage"},"image":{"@id":"https:\/\/www.satinal.it\/es\/shop\/instrumentos\/termocortador-electrico-funcionamiento-continuo\/#primaryimage"},"thumbnailUrl":"https:\/\/www.satinal.it\/wp-content\/uploads\/2020\/09\/Thermal-cutter-4-blades-continuously-working-type.jpg","datePublished":"2020-09-22T12:11:56+00:00","dateModified":"2021-06-29T12:52:08+00:00","description":"SATINAL SpA - Termocortador el\u00e9ctrico con 4 cuchillas funcionamiento continuo. Ideal para limpiar los bordes del vidrio laminado.","breadcrumb":{"@id":"https:\/\/www.satinal.it\/es\/shop\/instrumentos\/termocortador-electrico-funcionamiento-continuo\/#breadcrumb"},"inLanguage":"es","potentialAction":[{"@type":"ReadAction","target":["https:\/\/www.satinal.it\/es\/shop\/instrumentos\/termocortador-electrico-funcionamiento-continuo\/"]}]},{"@type":"ImageObject","inLanguage":"es","@id":"https:\/\/www.satinal.it\/es\/shop\/instrumentos\/termocortador-electrico-funcionamiento-continuo\/#primaryimage","url":"https:\/\/www.satinal.it\/wp-content\/uploads\/2020\/09\/Thermal-cutter-4-blades-continuously-working-type.jpg","contentUrl":"https:\/\/www.satinal.it\/wp-content\/uploads\/2020\/09\/Thermal-cutter-4-blades-continuously-working-type.jpg","width":1200,"height":1200,"caption":"Thermal cutter 4 blades continuously working type"},{"@type":"BreadcrumbList","@id":"https:\/\/www.satinal.it\/es\/shop\/instrumentos\/termocortador-electrico-funcionamiento-continuo\/#breadcrumb","itemListElement":[{"@type":"ListItem","position":1,"name":"Home","item":"https:\/\/www.satinal.it\/es\/"},{"@type":"ListItem","position":2,"name":"La nuestra tienda online","item":"https:\/\/www.satinal.it\/es\/la-nuestra-tienda-online\/"},{"@type":"ListItem","position":3,"name":"Termocortador el\u00e9ctrico con 4 cuchillas funcionamiento continuo"}]},{"@type":"WebSite","@id":"https:\/\/www.satinal.it\/es\/#website","url":"https:\/\/www.satinal.it\/es\/","name":"Satinal","description":"Competent in glass","publisher":{"@id":"https:\/\/www.satinal.it\/es\/#organization"},"potentialAction":[{"@type":"SearchAction","target":{"@type":"EntryPoint","urlTemplate":"https:\/\/www.satinal.it\/es\/?s={search_term_string}"},"query-input":{"@type":"PropertyValueSpecification","valueRequired":true,"valueName":"search_term_string"}}],"inLanguage":"es"},{"@type":"Organization","@id":"https:\/\/www.satinal.it\/es\/#organization","name":"SATINAL SPA","url":"https:\/\/www.satinal.it\/es\/","logo":{"@type":"ImageObject","inLanguage":"es","@id":"https:\/\/www.satinal.it\/es\/#\/schema\/logo\/image\/","url":"https:\/\/www.satinal.it\/wp-content\/uploads\/2020\/11\/Satinal-logo-mission.png","contentUrl":"https:\/\/www.satinal.it\/wp-content\/uploads\/2020\/11\/Satinal-logo-mission.png","width":210,"height":81,"caption":"SATINAL SPA"},"image":{"@id":"https:\/\/www.satinal.it\/es\/#\/schema\/logo\/image\/"}}]}},"_links":{"self":[{"href":"https:\/\/www.satinal.it\/es\/wp-json\/wp\/v2\/product\/15299","targetHints":{"allow":["GET"]}}],"collection":[{"href":"https:\/\/www.satinal.it\/es\/wp-json\/wp\/v2\/product"}],"about":[{"href":"https:\/\/www.satinal.it\/es\/wp-json\/wp\/v2\/types\/product"}],"wp:featuredmedia":[{"embeddable":true,"href":"https:\/\/www.satinal.it\/es\/wp-json\/wp\/v2\/media\/7928"}],"wp:attachment":[{"href":"https:\/\/www.satinal.it\/es\/wp-json\/wp\/v2\/media?parent=15299"}],"wp:term":[{"taxonomy":"product_brand","embeddable":true,"href":"https:\/\/www.satinal.it\/es\/wp-json\/wp\/v2\/product_brand?post=15299"},{"taxonomy":"product_cat","embeddable":true,"href":"https:\/\/www.satinal.it\/es\/wp-json\/wp\/v2\/product_cat?post=15299"},{"taxonomy":"product_tag","embeddable":true,"href":"https:\/\/www.satinal.it\/es\/wp-json\/wp\/v2\/product_tag?post=15299"}],"curies":[{"name":"wp","href":"https:\/\/api.w.org\/{rel}","templated":true}]}}