{"id":15339,"date":"2020-09-22T12:29:48","date_gmt":"2020-09-22T12:29:48","guid":{"rendered":"https:\/\/www.satinal.it\/shop\/sin%20categor\u00eda\/high-humidity-test-equipment\/"},"modified":"2021-06-29T12:55:30","modified_gmt":"2021-06-29T12:55:30","slug":"maquina-prueba-alta-humedad","status":"publish","type":"product","link":"https:\/\/www.satinal.it\/es\/shop\/instrumentacion-para-pruebas\/maquina-prueba-alta-humedad\/","title":{"rendered":"M\u00e1quina de prueba de alta humedad"},"content":{"rendered":"","protected":false},"excerpt":{"rendered":"<p>C\u00e1mara para realizar ensayos de alta resistencia a la humedad en vidrio laminado. Equipado con panel digital para el control de procesos.<br \/>\nEnsayos realizados de acuerdo con la norma EN ISO 12543-4-2011 Vidrio de construcci\u00f3n \u2013 Vidrio laminado \u2013 Parte 4, secci\u00f3n 5.3.1.<br \/>\nPuede contener un m\u00e1ximo de 18 piezas de muestras de vidrio laminado de 300\u00d7300 mm.<\/p>\n","protected":false},"featured_media":7900,"template":"","meta":[],"product_brand":[],"product_cat":[755],"product_tag":[],"class_list":{"0":"post-15339","1":"product","2":"type-product","3":"status-publish","4":"has-post-thumbnail","6":"product_cat-instrumentacion-para-pruebas","8":"first","9":"instock","10":"featured","11":"shipping-taxable","12":"purchasable","13":"product-type-simple"},"yoast_head":"<!-- This site is optimized with the Yoast SEO plugin v25.7 - https:\/\/yoast.com\/wordpress\/plugins\/seo\/ -->\n<title>M\u00e1quina de prueba de alta humedad - SATINAL<\/title>\n<meta name=\"description\" content=\"SATINAL SpA - M\u00e1quina de prueba de alta humedad. C\u00e1mara para realizar ensayos de alta resistencia a la humedad en vidrio laminado.\" \/>\n<meta name=\"robots\" content=\"index, follow, max-snippet:-1, max-image-preview:large, max-video-preview:-1\" \/>\n<link rel=\"canonical\" href=\"https:\/\/www.satinal.it\/es\/shop\/instrumentacion-para-pruebas\/maquina-prueba-alta-humedad\/\" \/>\n<meta property=\"og:locale\" content=\"es_ES\" \/>\n<meta property=\"og:type\" content=\"article\" \/>\n<meta property=\"og:title\" content=\"M\u00e1quina de prueba de alta humedad - SATINAL\" \/>\n<meta property=\"og:description\" content=\"SATINAL SpA - M\u00e1quina de prueba de alta humedad. C\u00e1mara para realizar ensayos de alta resistencia a la humedad en vidrio laminado.\" \/>\n<meta property=\"og:url\" content=\"https:\/\/www.satinal.it\/es\/shop\/instrumentacion-para-pruebas\/maquina-prueba-alta-humedad\/\" \/>\n<meta property=\"og:site_name\" content=\"Satinal\" \/>\n<meta property=\"article:modified_time\" content=\"2021-06-29T12:55:30+00:00\" \/>\n<meta property=\"og:image\" content=\"https:\/\/www.satinal.it\/wp-content\/uploads\/2020\/09\/High-temperature-test-equipment.jpg\" \/>\n\t<meta property=\"og:image:width\" content=\"1200\" \/>\n\t<meta property=\"og:image:height\" content=\"1200\" \/>\n\t<meta property=\"og:image:type\" content=\"image\/jpeg\" \/>\n<meta name=\"twitter:card\" content=\"summary_large_image\" \/>\n<script type=\"application\/ld+json\" class=\"yoast-schema-graph\">{\"@context\":\"https:\/\/schema.org\",\"@graph\":[{\"@type\":\"WebPage\",\"@id\":\"https:\/\/www.satinal.it\/es\/shop\/instrumentacion-para-pruebas\/maquina-prueba-alta-humedad\/\",\"url\":\"https:\/\/www.satinal.it\/es\/shop\/instrumentacion-para-pruebas\/maquina-prueba-alta-humedad\/\",\"name\":\"M\u00e1quina de prueba de alta humedad - SATINAL\",\"isPartOf\":{\"@id\":\"https:\/\/www.satinal.it\/es\/#website\"},\"primaryImageOfPage\":{\"@id\":\"https:\/\/www.satinal.it\/es\/shop\/instrumentacion-para-pruebas\/maquina-prueba-alta-humedad\/#primaryimage\"},\"image\":{\"@id\":\"https:\/\/www.satinal.it\/es\/shop\/instrumentacion-para-pruebas\/maquina-prueba-alta-humedad\/#primaryimage\"},\"thumbnailUrl\":\"https:\/\/www.satinal.it\/wp-content\/uploads\/2020\/09\/High-temperature-test-equipment.jpg\",\"datePublished\":\"2020-09-22T12:29:48+00:00\",\"dateModified\":\"2021-06-29T12:55:30+00:00\",\"description\":\"SATINAL SpA - M\u00e1quina de prueba de alta humedad. C\u00e1mara para realizar ensayos de alta resistencia a la humedad en vidrio laminado.\",\"breadcrumb\":{\"@id\":\"https:\/\/www.satinal.it\/es\/shop\/instrumentacion-para-pruebas\/maquina-prueba-alta-humedad\/#breadcrumb\"},\"inLanguage\":\"es\",\"potentialAction\":[{\"@type\":\"ReadAction\",\"target\":[\"https:\/\/www.satinal.it\/es\/shop\/instrumentacion-para-pruebas\/maquina-prueba-alta-humedad\/\"]}]},{\"@type\":\"ImageObject\",\"inLanguage\":\"es\",\"@id\":\"https:\/\/www.satinal.it\/es\/shop\/instrumentacion-para-pruebas\/maquina-prueba-alta-humedad\/#primaryimage\",\"url\":\"https:\/\/www.satinal.it\/wp-content\/uploads\/2020\/09\/High-temperature-test-equipment.jpg\",\"contentUrl\":\"https:\/\/www.satinal.it\/wp-content\/uploads\/2020\/09\/High-temperature-test-equipment.jpg\",\"width\":1200,\"height\":1200,\"caption\":\"SATINAL Forno Test Alte Temperature\"},{\"@type\":\"BreadcrumbList\",\"@id\":\"https:\/\/www.satinal.it\/es\/shop\/instrumentacion-para-pruebas\/maquina-prueba-alta-humedad\/#breadcrumb\",\"itemListElement\":[{\"@type\":\"ListItem\",\"position\":1,\"name\":\"Home\",\"item\":\"https:\/\/www.satinal.it\/es\/\"},{\"@type\":\"ListItem\",\"position\":2,\"name\":\"La nuestra tienda online\",\"item\":\"https:\/\/www.satinal.it\/es\/la-nuestra-tienda-online\/\"},{\"@type\":\"ListItem\",\"position\":3,\"name\":\"M\u00e1quina de prueba de alta humedad\"}]},{\"@type\":\"WebSite\",\"@id\":\"https:\/\/www.satinal.it\/es\/#website\",\"url\":\"https:\/\/www.satinal.it\/es\/\",\"name\":\"Satinal\",\"description\":\"Competent in glass\",\"publisher\":{\"@id\":\"https:\/\/www.satinal.it\/es\/#organization\"},\"potentialAction\":[{\"@type\":\"SearchAction\",\"target\":{\"@type\":\"EntryPoint\",\"urlTemplate\":\"https:\/\/www.satinal.it\/es\/?s={search_term_string}\"},\"query-input\":{\"@type\":\"PropertyValueSpecification\",\"valueRequired\":true,\"valueName\":\"search_term_string\"}}],\"inLanguage\":\"es\"},{\"@type\":\"Organization\",\"@id\":\"https:\/\/www.satinal.it\/es\/#organization\",\"name\":\"SATINAL SPA\",\"url\":\"https:\/\/www.satinal.it\/es\/\",\"logo\":{\"@type\":\"ImageObject\",\"inLanguage\":\"es\",\"@id\":\"https:\/\/www.satinal.it\/es\/#\/schema\/logo\/image\/\",\"url\":\"https:\/\/www.satinal.it\/wp-content\/uploads\/2020\/11\/Satinal-logo-mission.png\",\"contentUrl\":\"https:\/\/www.satinal.it\/wp-content\/uploads\/2020\/11\/Satinal-logo-mission.png\",\"width\":210,\"height\":81,\"caption\":\"SATINAL SPA\"},\"image\":{\"@id\":\"https:\/\/www.satinal.it\/es\/#\/schema\/logo\/image\/\"}}]}<\/script>\n<!-- \/ Yoast SEO plugin. -->","yoast_head_json":{"title":"M\u00e1quina de prueba de alta humedad - SATINAL","description":"SATINAL SpA - M\u00e1quina de prueba de alta humedad. C\u00e1mara para realizar ensayos de alta resistencia a la humedad en vidrio laminado.","robots":{"index":"index","follow":"follow","max-snippet":"max-snippet:-1","max-image-preview":"max-image-preview:large","max-video-preview":"max-video-preview:-1"},"canonical":"https:\/\/www.satinal.it\/es\/shop\/instrumentacion-para-pruebas\/maquina-prueba-alta-humedad\/","og_locale":"es_ES","og_type":"article","og_title":"M\u00e1quina de prueba de alta humedad - SATINAL","og_description":"SATINAL SpA - M\u00e1quina de prueba de alta humedad. C\u00e1mara para realizar ensayos de alta resistencia a la humedad en vidrio laminado.","og_url":"https:\/\/www.satinal.it\/es\/shop\/instrumentacion-para-pruebas\/maquina-prueba-alta-humedad\/","og_site_name":"Satinal","article_modified_time":"2021-06-29T12:55:30+00:00","og_image":[{"width":1200,"height":1200,"url":"https:\/\/www.satinal.it\/wp-content\/uploads\/2020\/09\/High-temperature-test-equipment.jpg","type":"image\/jpeg"}],"twitter_card":"summary_large_image","schema":{"@context":"https:\/\/schema.org","@graph":[{"@type":"WebPage","@id":"https:\/\/www.satinal.it\/es\/shop\/instrumentacion-para-pruebas\/maquina-prueba-alta-humedad\/","url":"https:\/\/www.satinal.it\/es\/shop\/instrumentacion-para-pruebas\/maquina-prueba-alta-humedad\/","name":"M\u00e1quina de prueba de alta humedad - SATINAL","isPartOf":{"@id":"https:\/\/www.satinal.it\/es\/#website"},"primaryImageOfPage":{"@id":"https:\/\/www.satinal.it\/es\/shop\/instrumentacion-para-pruebas\/maquina-prueba-alta-humedad\/#primaryimage"},"image":{"@id":"https:\/\/www.satinal.it\/es\/shop\/instrumentacion-para-pruebas\/maquina-prueba-alta-humedad\/#primaryimage"},"thumbnailUrl":"https:\/\/www.satinal.it\/wp-content\/uploads\/2020\/09\/High-temperature-test-equipment.jpg","datePublished":"2020-09-22T12:29:48+00:00","dateModified":"2021-06-29T12:55:30+00:00","description":"SATINAL SpA - M\u00e1quina de prueba de alta humedad. C\u00e1mara para realizar ensayos de alta resistencia a la humedad en vidrio laminado.","breadcrumb":{"@id":"https:\/\/www.satinal.it\/es\/shop\/instrumentacion-para-pruebas\/maquina-prueba-alta-humedad\/#breadcrumb"},"inLanguage":"es","potentialAction":[{"@type":"ReadAction","target":["https:\/\/www.satinal.it\/es\/shop\/instrumentacion-para-pruebas\/maquina-prueba-alta-humedad\/"]}]},{"@type":"ImageObject","inLanguage":"es","@id":"https:\/\/www.satinal.it\/es\/shop\/instrumentacion-para-pruebas\/maquina-prueba-alta-humedad\/#primaryimage","url":"https:\/\/www.satinal.it\/wp-content\/uploads\/2020\/09\/High-temperature-test-equipment.jpg","contentUrl":"https:\/\/www.satinal.it\/wp-content\/uploads\/2020\/09\/High-temperature-test-equipment.jpg","width":1200,"height":1200,"caption":"SATINAL Forno Test Alte Temperature"},{"@type":"BreadcrumbList","@id":"https:\/\/www.satinal.it\/es\/shop\/instrumentacion-para-pruebas\/maquina-prueba-alta-humedad\/#breadcrumb","itemListElement":[{"@type":"ListItem","position":1,"name":"Home","item":"https:\/\/www.satinal.it\/es\/"},{"@type":"ListItem","position":2,"name":"La nuestra tienda online","item":"https:\/\/www.satinal.it\/es\/la-nuestra-tienda-online\/"},{"@type":"ListItem","position":3,"name":"M\u00e1quina de prueba de alta humedad"}]},{"@type":"WebSite","@id":"https:\/\/www.satinal.it\/es\/#website","url":"https:\/\/www.satinal.it\/es\/","name":"Satinal","description":"Competent in glass","publisher":{"@id":"https:\/\/www.satinal.it\/es\/#organization"},"potentialAction":[{"@type":"SearchAction","target":{"@type":"EntryPoint","urlTemplate":"https:\/\/www.satinal.it\/es\/?s={search_term_string}"},"query-input":{"@type":"PropertyValueSpecification","valueRequired":true,"valueName":"search_term_string"}}],"inLanguage":"es"},{"@type":"Organization","@id":"https:\/\/www.satinal.it\/es\/#organization","name":"SATINAL SPA","url":"https:\/\/www.satinal.it\/es\/","logo":{"@type":"ImageObject","inLanguage":"es","@id":"https:\/\/www.satinal.it\/es\/#\/schema\/logo\/image\/","url":"https:\/\/www.satinal.it\/wp-content\/uploads\/2020\/11\/Satinal-logo-mission.png","contentUrl":"https:\/\/www.satinal.it\/wp-content\/uploads\/2020\/11\/Satinal-logo-mission.png","width":210,"height":81,"caption":"SATINAL SPA"},"image":{"@id":"https:\/\/www.satinal.it\/es\/#\/schema\/logo\/image\/"}}]}},"_links":{"self":[{"href":"https:\/\/www.satinal.it\/es\/wp-json\/wp\/v2\/product\/15339","targetHints":{"allow":["GET"]}}],"collection":[{"href":"https:\/\/www.satinal.it\/es\/wp-json\/wp\/v2\/product"}],"about":[{"href":"https:\/\/www.satinal.it\/es\/wp-json\/wp\/v2\/types\/product"}],"wp:featuredmedia":[{"embeddable":true,"href":"https:\/\/www.satinal.it\/es\/wp-json\/wp\/v2\/media\/7900"}],"wp:attachment":[{"href":"https:\/\/www.satinal.it\/es\/wp-json\/wp\/v2\/media?parent=15339"}],"wp:term":[{"taxonomy":"product_brand","embeddable":true,"href":"https:\/\/www.satinal.it\/es\/wp-json\/wp\/v2\/product_brand?post=15339"},{"taxonomy":"product_cat","embeddable":true,"href":"https:\/\/www.satinal.it\/es\/wp-json\/wp\/v2\/product_cat?post=15339"},{"taxonomy":"product_tag","embeddable":true,"href":"https:\/\/www.satinal.it\/es\/wp-json\/wp\/v2\/product_tag?post=15339"}],"curies":[{"name":"wp","href":"https:\/\/api.w.org\/{rel}","templated":true}]}}