{"id":10976,"date":"2020-12-15T13:00:04","date_gmt":"2020-12-15T13:00:04","guid":{"rendered":"https:\/\/www.satinal.it\/mission-vision-values\/"},"modified":"2026-01-29T07:56:58","modified_gmt":"2026-01-29T07:56:58","slug":"missione-visione-valori","status":"publish","type":"page","link":"https:\/\/www.satinal.it\/it\/missione-visione-valori\/","title":{"rendered":"Missione | Visione | Valori"},"content":{"rendered":"<p><div class=\"fusion-fullwidth fullwidth-box fusion-builder-row-1 fusion-flex-container fusion-parallax-none hundred-percent-fullwidth non-hundred-percent-height-scrolling fusion-no-small-visibility\" style=\"--awb-border-radius-top-left:0px;--awb-border-radius-top-right:0px;--awb-border-radius-bottom-right:0px;--awb-border-radius-bottom-left:0px;--awb-min-height:400px;--awb-background-image:url(&quot;https:\/\/www.satinal.it\/wp-content\/uploads\/2020\/10\/satinal-company-no-group.jpg&quot;);--awb-background-size:cover;--awb-flex-wrap:wrap;\" ><div class=\"fusion-builder-row fusion-row fusion-flex-align-items-center fusion-flex-align-content-center fusion-flex-content-wrap\" style=\"width:104% !important;max-width:104% !important;margin-left: calc(-4% \/ 2 );margin-right: calc(-4% \/ 2 );\"><div class=\"fusion-layout-column fusion_builder_column fusion-builder-column-0 fusion_builder_column_1_1 1_1 fusion-flex-column\" style=\"--awb-bg-size:cover;--awb-width-large:100%;--awb-margin-top-large:0px;--awb-spacing-right-large:1.92%;--awb-margin-bottom-large:20px;--awb-spacing-left-large:1.92%;--awb-width-medium:100%;--awb-order-medium:0;--awb-spacing-right-medium:1.92%;--awb-spacing-left-medium:1.92%;--awb-width-small:100%;--awb-order-small:0;--awb-spacing-right-small:1.92%;--awb-spacing-left-small:1.92%;\"><div class=\"fusion-column-wrapper fusion-column-has-shadow fusion-flex-justify-content-flex-start fusion-content-layout-column\"><\/div><\/div><\/div><\/div><div class=\"fusion-fullwidth fullwidth-box fusion-builder-row-2 fusion-flex-container hundred-percent-fullwidth non-hundred-percent-height-scrolling fusion-no-medium-visibility fusion-no-large-visibility\" style=\"--awb-border-radius-top-left:0px;--awb-border-radius-top-right:0px;--awb-border-radius-bottom-right:0px;--awb-border-radius-bottom-left:0px;--awb-padding-top:0px;--awb-padding-right:0px;--awb-padding-bottom:0px;--awb-padding-left:0px;--awb-margin-top:0px;--awb-margin-bottom:0px;--awb-flex-wrap:wrap;\" ><div class=\"fusion-builder-row fusion-row fusion-flex-align-items-center fusion-flex-align-content-center fusion-flex-content-wrap\" style=\"width:104% !important;max-width:104% !important;margin-left: calc(-4% \/ 2 );margin-right: calc(-4% \/ 2 );\"><div class=\"fusion-layout-column fusion_builder_column fusion-builder-column-1 fusion_builder_column_1_1 1_1 fusion-flex-column\" style=\"--awb-bg-size:cover;--awb-width-large:100%;--awb-margin-top-large:0px;--awb-spacing-right-large:1.92%;--awb-margin-bottom-large:20px;--awb-spacing-left-large:1.92%;--awb-width-medium:100%;--awb-order-medium:0;--awb-spacing-right-medium:1.92%;--awb-spacing-left-medium:1.92%;--awb-width-small:100%;--awb-order-small:0;--awb-spacing-right-small:1.92%;--awb-spacing-left-small:1.92%;\"><div class=\"fusion-column-wrapper fusion-column-has-shadow fusion-flex-justify-content-flex-start fusion-content-layout-column\"><div class=\"fusion-image-element \" style=\"text-align:center;--awb-caption-title-font-family:var(--h2_typography-font-family);--awb-caption-title-font-weight:var(--h2_typography-font-weight);--awb-caption-title-font-style:var(--h2_typography-font-style);--awb-caption-title-size:var(--h2_typography-font-size);--awb-caption-title-transform:var(--h2_typography-text-transform);--awb-caption-title-line-height:var(--h2_typography-line-height);--awb-caption-title-letter-spacing:var(--h2_typography-letter-spacing);\"><span class=\" fusion-imageframe imageframe-none imageframe-1 hover-type-none\"><img decoding=\"async\" width=\"1200\" height=\"815\" alt=\"Satinal Company\" title=\"AZIENDA-mobile\" src=\"https:\/\/www.satinal.it\/wp-content\/uploads\/2020\/12\/AZIENDA-mobile.jpg\" class=\"img-responsive wp-image-9834\" srcset=\"https:\/\/www.satinal.it\/wp-content\/uploads\/2020\/12\/AZIENDA-mobile-200x136.jpg 200w, https:\/\/www.satinal.it\/wp-content\/uploads\/2020\/12\/AZIENDA-mobile-400x272.jpg 400w, https:\/\/www.satinal.it\/wp-content\/uploads\/2020\/12\/AZIENDA-mobile-600x408.jpg 600w, https:\/\/www.satinal.it\/wp-content\/uploads\/2020\/12\/AZIENDA-mobile-800x543.jpg 800w, https:\/\/www.satinal.it\/wp-content\/uploads\/2020\/12\/AZIENDA-mobile.jpg 1200w\" sizes=\"(max-width: 1024px) 100vw, (max-width: 640px) 100vw, 1200px\" \/><\/span><\/div><\/div><\/div><\/div><\/div><div class=\"fusion-fullwidth fullwidth-box fusion-builder-row-3 nonhundred-percent-fullwidth non-hundred-percent-height-scrolling\" style=\"--awb-border-radius-top-left:0px;--awb-border-radius-top-right:0px;--awb-border-radius-bottom-right:0px;--awb-border-radius-bottom-left:0px;--awb-padding-top:60px;--awb-padding-bottom:60px;--awb-flex-wrap:wrap;\" ><div class=\"fusion-builder-row fusion-row\"><div class=\"fusion-layout-column fusion_builder_column fusion-builder-column-2 fusion_builder_column_1_3 1_3 fusion-one-third fusion-column-first\" style=\"--awb-padding-right:5%;--awb-bg-size:cover;width:30.6666%; margin-right: 4%;\"><div class=\"fusion-column-wrapper fusion-column-has-shadow fusion-flex-column-wrapper-legacy\"><div class=\"fusion-text fusion-text-1\" style=\"--awb-content-alignment:center;--awb-text-color:#38373a;\"><p><strong>CHI SIAMO<\/strong><\/p>\n<\/div><div class=\"fusion-sep-clear\"><\/div><div class=\"fusion-separator fusion-full-width-sep\" style=\"margin-left: auto;margin-right: auto;margin-top:-10px;margin-bottom:20px;width:100%;\"><div class=\"fusion-separator-border sep-single sep-solid\" style=\"--awb-height:20px;--awb-amount:20px;--awb-sep-color:#38373a;border-color:#38373a;border-top-width:2px;\"><\/div><\/div><div class=\"fusion-sep-clear\"><\/div><div class=\"fusion-fa-align-left\"><i class=\"fb-icon-element-1 fb-icon-element fontawesome-icon fa-square-full fas circle-no\" style=\"--awb-iconcolor:#38373a;--awb-iconcolor-hover:#38373a;--awb-font-size:25px;--awb-margin-right:10px;\"><\/i><\/div><div class=\"fusion-title title fusion-title-1 sep-underline sep-solid fusion-title-text fusion-title-size-four bottone-s-lab-grey\" style=\"--awb-text-color:#38373a;--awb-margin-top:0px;--awb-font-size:16px;\"><h4 class=\"fusion-title-heading title-heading-left\" style=\"margin:0;font-size:1em;line-height:22px;\"><a href=\"https:\/\/www.satinal.it\/it\/azienda\/\">L\u2019AZIENDA<\/a><\/h4><\/div><div class=\"fusion-fa-align-left\"><i class=\"fb-icon-element-2 fb-icon-element fontawesome-icon fa-square-full fas circle-no\" style=\"--awb-iconcolor:#38373a;--awb-iconcolor-hover:#38373a;--awb-font-size:25px;--awb-margin-right:10px;\"><\/i><\/div><div class=\"fusion-title title fusion-title-2 sep-underline sep-solid fusion-title-text fusion-title-size-four bottone-s-lab-grey\" style=\"--awb-text-color:#38373a;--awb-margin-top:0px;--awb-font-size:16px;\"><h4 class=\"fusion-title-heading title-heading-left\" style=\"margin:0;font-size:1em;line-height:22px;\"><a href=\"https:\/\/www.satinal.it\/it\/le-nostre-sedi\/\">SATINAL NEL MONDO<\/a><\/h4><\/div><div class=\"fusion-fa-align-left\"><i class=\"fb-icon-element-3 fb-icon-element fontawesome-icon fa-square-full fas circle-no\" style=\"--awb-iconcolor:#38373a;--awb-iconcolor-hover:#38373a;--awb-font-size:25px;--awb-margin-right:10px;\"><\/i><\/div><div class=\"fusion-title title fusion-title-3 sep-underline sep-solid fusion-title-text fusion-title-size-four bottone-s-lab-grey\" style=\"--awb-text-color:#38373a;--awb-margin-top:0px;--awb-font-size:16px;\"><h4 class=\"fusion-title-heading title-heading-left\" style=\"margin:0;font-size:1em;line-height:22px;\"><a href=\"https:\/\/www.satinal.it\/it\/missione-visione-valori\/\">MISSIONE | <\/a><a href=\"https:\/\/www.satinal.it\/it\/missione-visione-valori\/\">VALORI<\/a><a href=\"https:\/\/www.satinal.it\/it\/missione-visione-valori\/\"> |<\/a><a href=\"https:\/\/www.satinal.it\/it\/missione-visione-valori\/\"> VISIONE <\/a><\/h4><\/div><div class=\"fusion-fa-align-left\"><i class=\"fb-icon-element-4 fb-icon-element fontawesome-icon fa-square-full fas circle-no\" style=\"--awb-iconcolor:#38373a;--awb-iconcolor-hover:#38373a;--awb-font-size:25px;--awb-margin-right:10px;\"><\/i><\/div><div class=\"fusion-title title fusion-title-4 sep-underline sep-solid fusion-title-text fusion-title-size-four bottone-s-lab-grey\" style=\"--awb-text-color:#38373a;--awb-margin-top:0px;--awb-font-size:16px;\"><h4 class=\"fusion-title-heading title-heading-left\" style=\"margin:0;font-size:1em;line-height:22px;\"><a href=\"https:\/\/www.satinal.it\/it\/sostenibilita\/\">SOSTENIBILIT\u00c0<\/a><\/h4><\/div><div class=\"fusion-clearfix\"><\/div><\/div><\/div>\n<div class=\"fusion-layout-column fusion_builder_column fusion-builder-column-3 fusion_builder_column_2_3 2_3 fusion-two-third fusion-column-last fusion-animated\" style=\"--awb-bg-size:cover;width:65.3333%;\" data-animationType=\"fadeInRight\" data-animationDuration=\"1.6\" data-animationOffset=\"top-into-view\"><div class=\"fusion-column-wrapper fusion-column-has-shadow fusion-flex-column-wrapper-legacy\"><div class=\"fusion-title title fusion-title-5 fusion-sep-none fusion-title-text fusion-title-size-one\" style=\"--awb-margin-top:6px;--awb-font-size:32px;\"><h1 class=\"fusion-title-heading title-heading-left\" style=\"margin:0;font-size:1em;\">LA TRADIZIONE DELLA FAMIGLIA BRESCIANI<\/h1><\/div><div class=\"fusion-text fusion-text-2\" style=\"--awb-content-alignment:left;\"><p>La <strong>famiglia Bresciani<\/strong> opera nel <strong>settore del vetro<\/strong> dagli anni &#8216;<strong>20<\/strong> e ha fondato SATINAL SpA nel <strong>2001<\/strong>, dopo varie esperienze nella lavorazione industriale del vetro.<\/p>\n<\/div><div class=\"fusion-title title fusion-title-6 fusion-sep-none fusion-title-text fusion-title-size-three\" style=\"--awb-margin-top:6px;\"><h3 class=\"fusion-title-heading title-heading-left\" style=\"margin:0;\">LA NOSTRA MISSIONE<\/h3><\/div><div class=\"fusion-text fusion-text-3\" style=\"--awb-content-alignment:left;--awb-font-size:24px;\"><p><strong>Consentire oggi la produzione del vetro di sicurezza del futuro<\/strong><\/p>\n<\/div><div class=\"fusion-text fusion-text-4\" style=\"--awb-content-alignment:left;\"><p><strong>Il nostro impegno<\/strong> \u00e8 essere un punto di riferimento affidabile e un centro di eccellenza in Europa. Siamo specializzati nella produzione di intercalari, macchinari e prodotti chimici per vetri di sicurezza, satinatura del vetro e applicazioni fotovoltaiche.<\/p>\n<div id=\"7d0bb8e74abc861ac\" class=\"panel-collapse collapse in\">\n<div class=\"panel-body toggle-content fusion-clearfix\">\n<p>La nostra vocazione \u00e8 <strong>consolidare la nostra natura di eccellenza italiana<\/strong> nel mondo.<\/p>\n<p><strong>L&#8217;obiettivo strategico<\/strong>, focalizzato sulla produzione di prodotti chimici, intercalari plastici e macchinari innovativi, fa della nostra azienda il pioniere della trasformazione del vetro del futuro e un interprete del <em>design<\/em> e della sicurezza nel presente.<\/p>\n<p>Lavoriamo con un <strong>approccio unico e innovativo<\/strong> a livello internazionale, garantendo un servizio di assistenza tecnica nella gestione dei macchinari.<\/p>\n<p>Grazie alla nostra capacit\u00e0 di <strong>risolvere problemi e dare risposte tempestive<\/strong>, superiamo le aspettative dei nostri clienti. Questo \u00e8 il motivo per cui riporre fiducia in Satinal.<\/p>\n<\/div>\n<\/div>\n<\/div><div class=\"fusion-clearfix\"><\/div><\/div><\/div><\/div><\/div><div class=\"fusion-fullwidth fullwidth-box fusion-builder-row-4 fusion-flex-container nonhundred-percent-fullwidth non-hundred-percent-height-scrolling\" style=\"--awb-border-radius-top-left:0px;--awb-border-radius-top-right:0px;--awb-border-radius-bottom-right:0px;--awb-border-radius-bottom-left:0px;--awb-padding-top:4%;--awb-padding-bottom:4%;--awb-padding-bottom-medium:52px;--awb-padding-top-small:40px;--awb-padding-bottom-small:24px;--awb-background-color:#f4f4f6;--awb-flex-wrap:wrap;\" ><div class=\"fusion-builder-row fusion-row fusion-flex-align-items-flex-start fusion-flex-justify-content-center fusion-flex-content-wrap\" style=\"max-width:1248px;margin-left: calc(-4% \/ 2 );margin-right: calc(-4% \/ 2 );\"><div class=\"fusion-layout-column fusion_builder_column fusion-builder-column-4 fusion_builder_column_1_3 1_3 fusion-flex-column\" style=\"--awb-bg-size:cover;--awb-width-large:33.333333333333%;--awb-margin-top-large:0px;--awb-spacing-right-large:5.76%;--awb-margin-bottom-large:20px;--awb-spacing-left-large:5.76%;--awb-width-medium:100%;--awb-order-medium:0;--awb-spacing-right-medium:1.92%;--awb-spacing-left-medium:1.92%;--awb-width-small:100%;--awb-order-small:0;--awb-spacing-right-small:1.92%;--awb-spacing-left-small:1.92%;\"><div class=\"fusion-column-wrapper fusion-column-has-shadow fusion-flex-justify-content-flex-start fusion-content-layout-column\"><\/div><\/div><div class=\"fusion-layout-column fusion_builder_column fusion-builder-column-5 fusion_builder_column_2_3 2_3 fusion-flex-column fusion-animated\" style=\"--awb-bg-size:cover;--awb-width-large:66.666666666667%;--awb-margin-top-large:0px;--awb-spacing-right-large:2.88%;--awb-margin-bottom-large:20px;--awb-spacing-left-large:2.88%;--awb-width-medium:83.333333333333%;--awb-order-medium:0;--awb-spacing-right-medium:2.304%;--awb-spacing-left-medium:2.304%;--awb-width-small:100%;--awb-order-small:0;--awb-spacing-right-small:1.92%;--awb-spacing-left-small:1.92%;\" data-animationType=\"fadeInDown\" data-animationDuration=\"1.6\" data-animationOffset=\"top-into-view\"><div class=\"fusion-column-wrapper fusion-column-has-shadow fusion-flex-justify-content-flex-start fusion-content-layout-column\"><div class=\"fusion-title title fusion-title-7 fusion-sep-none fusion-title-text fusion-title-size-three\" style=\"--awb-margin-top:6px;--awb-font-size:40px;\"><h3 class=\"fusion-title-heading title-heading-left\" style=\"margin:0;font-size:1em;\">IL NOSTRO MODO DI ESSERE<\/h3><\/div><div class=\"fusion-text fusion-text-5\" style=\"--awb-content-alignment:left;\"><p>Qualit\u00e0, onest\u00e0, trasparenza, innovazione e rispetto sono gli ingredienti principali della nostra quotidianit\u00e0. Le nostre risorse principali sono le persone e il loro valore. Questa \u00e8 l\u2019ispirazione che guida il nostro approccio quotidiano al business, all&#8217;innovazione e alla qualit\u00e0<\/p>\n<h4>Ascoltiamo, non ci limitiamo a sentire.<br \/>\nOsserviamo, non ci limitiamo a vedere.<br \/>\nCreiamo, non ci limitiamo a fare.<\/h4>\n<p>L&#8217;innovazione \u00e8 una conseguenza<\/p>\n<\/div><\/div><\/div><\/div><\/div><div class=\"fusion-fullwidth fullwidth-box fusion-builder-row-5 fusion-flex-container nonhundred-percent-fullwidth non-hundred-percent-height-scrolling\" style=\"--awb-border-radius-top-left:0px;--awb-border-radius-top-right:0px;--awb-border-radius-bottom-right:0px;--awb-border-radius-bottom-left:0px;--awb-padding-top-medium:12px;--awb-padding-top-small:10px;--awb-padding-bottom-small:40px;--awb-margin-top:40px;--awb-flex-wrap:wrap;\" ><div class=\"fusion-builder-row fusion-row fusion-flex-align-items-flex-start fusion-flex-justify-content-center fusion-flex-content-wrap\" style=\"max-width:1248px;margin-left: calc(-4% \/ 2 );margin-right: calc(-4% \/ 2 );\"><div class=\"fusion-layout-column fusion_builder_column fusion-builder-column-6 fusion_builder_column_1_3 1_3 fusion-flex-column\" style=\"--awb-bg-size:cover;--awb-width-large:33.333333333333%;--awb-margin-top-large:0px;--awb-spacing-right-large:5.76%;--awb-margin-bottom-large:20px;--awb-spacing-left-large:5.76%;--awb-width-medium:100%;--awb-order-medium:0;--awb-spacing-right-medium:1.92%;--awb-spacing-left-medium:1.92%;--awb-width-small:100%;--awb-order-small:0;--awb-spacing-right-small:1.92%;--awb-spacing-left-small:1.92%;\"><div class=\"fusion-column-wrapper fusion-column-has-shadow fusion-flex-justify-content-flex-start fusion-content-layout-column\"><\/div><\/div><div class=\"fusion-layout-column fusion_builder_column fusion-builder-column-7 fusion_builder_column_2_3 2_3 fusion-flex-column fusion-animated\" style=\"--awb-bg-size:cover;--awb-width-large:66.666666666667%;--awb-margin-top-large:0px;--awb-spacing-right-large:2.88%;--awb-margin-bottom-large:5%;--awb-spacing-left-large:2.88%;--awb-width-medium:75%;--awb-spacing-right-medium:2.56%;--awb-margin-bottom-medium:30px;--awb-spacing-left-medium:2.56%;--awb-width-small:100%;--awb-spacing-right-small:1.92%;--awb-spacing-left-small:1.92%;\" data-animationType=\"fadeInDown\" data-animationDuration=\"1.6\" data-animationOffset=\"top-into-view\"><div class=\"fusion-column-wrapper fusion-column-has-shadow fusion-flex-justify-content-flex-start fusion-content-layout-column\"><div class=\"fusion-title title fusion-title-8 fusion-sep-none fusion-title-text fusion-title-size-three\" style=\"--awb-margin-top:6px;--awb-font-size:40px;\"><h3 class=\"fusion-title-heading title-heading-left\" style=\"margin:0;font-size:1em;\">LA NOSTRA VISIONE<\/h3><\/div><div class=\"fusion-text fusion-text-6\"><p>Essere un&#8217;azienda italiana guidata dall&#8217;innovazione, che opera in tutto il mondo per fornire soluzioni avanzate per l&#8217;industria del vetro. Investiamo per essere i pi\u00f9 affidabili produttori di intercalari per laminatori di vetri di sicurezza, nonch\u00e9 i pi\u00f9 esperti fornitori di macchine e prodotti chimici per satinatura in tutto il mondo. Non ci limitiamo a fabbricare prodotti: realizziamo piattaforme ed ecosistemi per la soddisfazione del cliente. Ci impegniamo in strette collaborazioni con i nostri clienti per fornire assistenza tecnica completa e supporto e rendere pi\u00f9 redditizia la tua attivit\u00e0.<\/p>\n<\/div><\/div><\/div><\/div><\/div><\/p>\n","protected":false},"excerpt":{"rendered":"","protected":false},"author":7,"featured_media":0,"parent":0,"menu_order":0,"comment_status":"closed","ping_status":"closed","template":"100-width.php","meta":{"footnotes":""},"class_list":["post-10976","page","type-page","status-publish","hentry"],"yoast_head":"<!-- This site is optimized with the Yoast SEO plugin v25.7 - https:\/\/yoast.com\/wordpress\/plugins\/seo\/ -->\n<title>La nostra missione, i nostri valori, la nostra visione<\/title>\n<meta name=\"description\" content=\"SATINAL - Azienda italiana orientata all&#039;innovazione, che opera in tutto il mondo per fornire soluzioni avanzate per l&#039;industria del vetro.\" \/>\n<meta name=\"robots\" content=\"index, follow, max-snippet:-1, max-image-preview:large, max-video-preview:-1\" \/>\n<link rel=\"canonical\" href=\"https:\/\/www.satinal.it\/it\/missione-visione-valori\/\" \/>\n<meta property=\"og:locale\" content=\"it_IT\" \/>\n<meta property=\"og:type\" content=\"article\" \/>\n<meta property=\"og:title\" content=\"La nostra missione, i nostri valori, la nostra visione\" \/>\n<meta property=\"og:description\" content=\"SATINAL - Azienda italiana orientata all&#039;innovazione, che opera in tutto il mondo per fornire soluzioni avanzate per l&#039;industria del vetro.\" \/>\n<meta property=\"og:url\" content=\"https:\/\/www.satinal.it\/it\/missione-visione-valori\/\" \/>\n<meta property=\"og:site_name\" content=\"Satinal\" \/>\n<meta property=\"article:modified_time\" content=\"2026-01-29T07:56:58+00:00\" \/>\n<meta name=\"twitter:card\" content=\"summary_large_image\" \/>\n<meta name=\"twitter:label1\" content=\"Tempo di lettura stimato\" \/>\n\t<meta name=\"twitter:data1\" content=\"14 minuti\" \/>\n<script type=\"application\/ld+json\" class=\"yoast-schema-graph\">{\"@context\":\"https:\/\/schema.org\",\"@graph\":[{\"@type\":\"WebPage\",\"@id\":\"https:\/\/www.satinal.it\/it\/missione-visione-valori\/\",\"url\":\"https:\/\/www.satinal.it\/it\/missione-visione-valori\/\",\"name\":\"La nostra missione, i nostri valori, la nostra visione\",\"isPartOf\":{\"@id\":\"https:\/\/www.satinal.it\/it\/#website\"},\"datePublished\":\"2020-12-15T13:00:04+00:00\",\"dateModified\":\"2026-01-29T07:56:58+00:00\",\"description\":\"SATINAL - Azienda italiana orientata all'innovazione, che opera in tutto il mondo per fornire soluzioni avanzate per l'industria del vetro.\",\"breadcrumb\":{\"@id\":\"https:\/\/www.satinal.it\/it\/missione-visione-valori\/#breadcrumb\"},\"inLanguage\":\"it-IT\",\"potentialAction\":[{\"@type\":\"ReadAction\",\"target\":[\"https:\/\/www.satinal.it\/it\/missione-visione-valori\/\"]}]},{\"@type\":\"BreadcrumbList\",\"@id\":\"https:\/\/www.satinal.it\/it\/missione-visione-valori\/#breadcrumb\",\"itemListElement\":[{\"@type\":\"ListItem\",\"position\":1,\"name\":\"Home\",\"item\":\"https:\/\/www.satinal.it\/it\/\"},{\"@type\":\"ListItem\",\"position\":2,\"name\":\"Missione | Visione | Valori\"}]},{\"@type\":\"WebSite\",\"@id\":\"https:\/\/www.satinal.it\/it\/#website\",\"url\":\"https:\/\/www.satinal.it\/it\/\",\"name\":\"Satinal\",\"description\":\"Competent in glass\",\"publisher\":{\"@id\":\"https:\/\/www.satinal.it\/it\/#organization\"},\"potentialAction\":[{\"@type\":\"SearchAction\",\"target\":{\"@type\":\"EntryPoint\",\"urlTemplate\":\"https:\/\/www.satinal.it\/it\/?s={search_term_string}\"},\"query-input\":{\"@type\":\"PropertyValueSpecification\",\"valueRequired\":true,\"valueName\":\"search_term_string\"}}],\"inLanguage\":\"it-IT\"},{\"@type\":\"Organization\",\"@id\":\"https:\/\/www.satinal.it\/it\/#organization\",\"name\":\"SATINAL SPA\",\"url\":\"https:\/\/www.satinal.it\/it\/\",\"logo\":{\"@type\":\"ImageObject\",\"inLanguage\":\"it-IT\",\"@id\":\"https:\/\/www.satinal.it\/it\/#\/schema\/logo\/image\/\",\"url\":\"https:\/\/www.satinal.it\/wp-content\/uploads\/2020\/11\/Satinal-logo-mission.png\",\"contentUrl\":\"https:\/\/www.satinal.it\/wp-content\/uploads\/2020\/11\/Satinal-logo-mission.png\",\"width\":210,\"height\":81,\"caption\":\"SATINAL SPA\"},\"image\":{\"@id\":\"https:\/\/www.satinal.it\/it\/#\/schema\/logo\/image\/\"}}]}<\/script>\n<!-- \/ Yoast SEO plugin. -->","yoast_head_json":{"title":"La nostra missione, i nostri valori, la nostra visione","description":"SATINAL - Azienda italiana orientata all'innovazione, che opera in tutto il mondo per fornire soluzioni avanzate per l'industria del vetro.","robots":{"index":"index","follow":"follow","max-snippet":"max-snippet:-1","max-image-preview":"max-image-preview:large","max-video-preview":"max-video-preview:-1"},"canonical":"https:\/\/www.satinal.it\/it\/missione-visione-valori\/","og_locale":"it_IT","og_type":"article","og_title":"La nostra missione, i nostri valori, la nostra visione","og_description":"SATINAL - Azienda italiana orientata all'innovazione, che opera in tutto il mondo per fornire soluzioni avanzate per l'industria del vetro.","og_url":"https:\/\/www.satinal.it\/it\/missione-visione-valori\/","og_site_name":"Satinal","article_modified_time":"2026-01-29T07:56:58+00:00","twitter_card":"summary_large_image","twitter_misc":{"Tempo di lettura stimato":"14 minuti"},"schema":{"@context":"https:\/\/schema.org","@graph":[{"@type":"WebPage","@id":"https:\/\/www.satinal.it\/it\/missione-visione-valori\/","url":"https:\/\/www.satinal.it\/it\/missione-visione-valori\/","name":"La nostra missione, i nostri valori, la nostra visione","isPartOf":{"@id":"https:\/\/www.satinal.it\/it\/#website"},"datePublished":"2020-12-15T13:00:04+00:00","dateModified":"2026-01-29T07:56:58+00:00","description":"SATINAL - Azienda italiana orientata all'innovazione, che opera in tutto il mondo per fornire soluzioni avanzate per l'industria del vetro.","breadcrumb":{"@id":"https:\/\/www.satinal.it\/it\/missione-visione-valori\/#breadcrumb"},"inLanguage":"it-IT","potentialAction":[{"@type":"ReadAction","target":["https:\/\/www.satinal.it\/it\/missione-visione-valori\/"]}]},{"@type":"BreadcrumbList","@id":"https:\/\/www.satinal.it\/it\/missione-visione-valori\/#breadcrumb","itemListElement":[{"@type":"ListItem","position":1,"name":"Home","item":"https:\/\/www.satinal.it\/it\/"},{"@type":"ListItem","position":2,"name":"Missione | Visione | Valori"}]},{"@type":"WebSite","@id":"https:\/\/www.satinal.it\/it\/#website","url":"https:\/\/www.satinal.it\/it\/","name":"Satinal","description":"Competent in glass","publisher":{"@id":"https:\/\/www.satinal.it\/it\/#organization"},"potentialAction":[{"@type":"SearchAction","target":{"@type":"EntryPoint","urlTemplate":"https:\/\/www.satinal.it\/it\/?s={search_term_string}"},"query-input":{"@type":"PropertyValueSpecification","valueRequired":true,"valueName":"search_term_string"}}],"inLanguage":"it-IT"},{"@type":"Organization","@id":"https:\/\/www.satinal.it\/it\/#organization","name":"SATINAL SPA","url":"https:\/\/www.satinal.it\/it\/","logo":{"@type":"ImageObject","inLanguage":"it-IT","@id":"https:\/\/www.satinal.it\/it\/#\/schema\/logo\/image\/","url":"https:\/\/www.satinal.it\/wp-content\/uploads\/2020\/11\/Satinal-logo-mission.png","contentUrl":"https:\/\/www.satinal.it\/wp-content\/uploads\/2020\/11\/Satinal-logo-mission.png","width":210,"height":81,"caption":"SATINAL SPA"},"image":{"@id":"https:\/\/www.satinal.it\/it\/#\/schema\/logo\/image\/"}}]}},"_links":{"self":[{"href":"https:\/\/www.satinal.it\/it\/wp-json\/wp\/v2\/pages\/10976","targetHints":{"allow":["GET"]}}],"collection":[{"href":"https:\/\/www.satinal.it\/it\/wp-json\/wp\/v2\/pages"}],"about":[{"href":"https:\/\/www.satinal.it\/it\/wp-json\/wp\/v2\/types\/page"}],"author":[{"embeddable":true,"href":"https:\/\/www.satinal.it\/it\/wp-json\/wp\/v2\/users\/7"}],"replies":[{"embeddable":true,"href":"https:\/\/www.satinal.it\/it\/wp-json\/wp\/v2\/comments?post=10976"}],"version-history":[{"count":1,"href":"https:\/\/www.satinal.it\/it\/wp-json\/wp\/v2\/pages\/10976\/revisions"}],"predecessor-version":[{"id":24063,"href":"https:\/\/www.satinal.it\/it\/wp-json\/wp\/v2\/pages\/10976\/revisions\/24063"}],"wp:attachment":[{"href":"https:\/\/www.satinal.it\/it\/wp-json\/wp\/v2\/media?parent=10976"}],"curies":[{"name":"wp","href":"https:\/\/api.w.org\/{rel}","templated":true}]}}