{"id":18855,"date":"2022-06-15T09:57:37","date_gmt":"2022-06-15T09:57:37","guid":{"rendered":"https:\/\/www.satinal.it\/?page_id=18855"},"modified":"2022-06-15T09:58:28","modified_gmt":"2022-06-15T09:58:28","slug":"privacy-policy","status":"publish","type":"page","link":"https:\/\/www.satinal.it\/it\/privacy-policy\/","title":{"rendered":"Privacy Policy"},"content":{"rendered":"<h3><strong>Privacy policy<\/strong><\/h3>\n<p>Satinal S.p.A. (nel seguito, \u201c<em>Satinal<\/em>\u201d) fornisce agli utenti del sito <em>web <\/em>di Satinal (nel seguito, il \u201c<em>Sito<\/em>\u201d, visitabile all\u2019indirizzo <a href=\"https:\/\/www.satinal.it\/\">https:\/\/www.satinal.it\/<\/a>) le seguenti informazioni, nel rispetto dell\u2019articolo 13 Regolamento (UE) 2016\/679 (o <em>General Data Protection Regulation<\/em>, nel seguito \u201c<em>G.D.P.R<\/em>\u201d) e successiva normativa nazionale di adeguamento (nel seguito indicata, congiuntamente al G.D.P.R., come \u201c<em>Normativa Privacy Applicabile<\/em>\u201d). Durante la consultazione del Sito vengono, infatti, raccolte informazioni relative agli utenti, che costituiscono dati personali ai sensi della Normativa <em>Privacy<\/em> Applicabile.<\/p>\n<p>L\u2019informativa \u00e8 resa esclusivamente per il Sito di cui sopra, e non per altri siti raggiungibili tramite <em>link<\/em> presenti sullo stesso.<\/p>\n<p><strong>Titolare del trattamento dei dati<\/strong><\/p>\n<p>Titolare del trattamento dei dati personali \u00e8 Satinal S.p.A., con sede legale in via del Lavoro, 1 \u2013 22036 Erba (CO)\u00a0 (<em>e-mail<\/em>: info@satinal.it; tel.: +39 031 870573)<\/p>\n<p><strong>Tipi di dati trattati<\/strong><\/p>\n<p>Di seguito sono specificati i dati che vengono trattati da Satinal nel caso in cui l\u2019utente utilizzi il Sito.<\/p>\n<p>L&#8217;utente si assume la responsabilit\u00e0 degli eventuali dati personali di terzi inseriti o pubblicati sul Sito, e garantisce di avere il diritto di comunicarli o diffonderli &#8211; liberando cos\u00ec Satinal da qualsiasi responsabilit\u00e0 verso i suddetti terzi.<\/p>\n<p><em>Dati personali acquisiti automaticamente in caso di visita al Sito<\/em><\/p>\n<ul>\n<li><strong>Dati sulla navigazione.<\/strong>\u00a0Satinal raccoglie automaticamente dati sul dispositivo (pc, <em>tablet, <\/em>telefono cellulare o altro dispositivo mobile) e la connessione utilizzati dall\u2019utente, tra i quali, ad esempio, l\u2019indirizzo IP, la data e l\u2019ora di accesso, le informazioni su <em>hardware<\/em> e <em>software<\/em>, le informazioni sugli eventi riguardanti il dispositivo, gli identificativi unici, i dati di <em>crash<\/em>, e le pagine visualizzate dall&#8217;utente prima o dopo l&#8217;utilizzo del Sito.<\/li>\n<\/ul>\n<ul>\n<li><strong>Dati sull&#8217;utilizzo del Sito.<\/strong>\u00a0Satinal raccoglie informazioni sulle modalit\u00e0 con le quali l\u2019utente ha utilizzato il Sito, comprese, ad esempio, le pagine del Sito o altri contenuti visualizzati, le ricerche effettuate, le applicazioni di terze parti (Google Maps, nella sezione del Sito dedicata al marchio TK) presenti sul Sito che vengono utilizzate dall\u2019utente e i <em>link<\/em> ad altri siti e applicazioni su cui l\u2019utente ha cliccato.<\/li>\n<\/ul>\n<p><em>Dati personali forniti direttamente dall\u2019utente<\/em><\/p>\n<ul>\n<li><em><em>Dati necessari per candidarsi come dipendente<\/em><\/em><\/li>\n<\/ul>\n<ul>\n<li><strong>Dati forniti per le candidature. <\/strong>Se l\u2019utente, attraverso la sezione \u201c<em>Lavora con noi<\/em>\u201d decide di sottoporre la sua candidatura a Satinal, compilando il modulo \u201c<em>Vorresti entrare a far parte del nostro team?<\/em>\u201d, Satinal raccoglie il nome, il cognome, l\u2019indirizzo e-mail, il numero di telefono ed eventuali dati personali dell\u2019utente (e\/o di terzi) inseriti nel testo del messaggio, nonch\u00e9 i dati personali del candidato e\/o di terzi contenuti nel CV eventualmente inviato.<\/li>\n<\/ul>\n<p>Queste informazioni sono necessarie per consentire all\u2019utente di candidarsi presso Satinal. Se l\u2019utente non intende fornire i suddetti dati, non potr\u00e0 sottoporre la propria candidatura.<\/p>\n<ul>\n<li><em><em>Dati facoltativi<\/em><\/em><\/li>\n<\/ul>\n<ul>\n<li><strong>Dati forniti per la richiesta di cataloghi e\/o di documentazione<\/strong>. Se l\u2019utente decide di richiedere dei cataloghi o della documentazione realizzati da Satinal \u2013 attraverso le sezioni \u201c<em>Richiedi documentazione<\/em>\u201d e\u201c<em>Richiedi cataloghi<\/em>\u201d &#8211; Satinal raccoglie il nome dell\u2019azienda, il nome, il cognome, il numero di telefono, l\u2019indirizzo e-mail ed eventuali dati personali dell\u2019utente (e\/o di terzi) inseriti nel testo dell\u2019oggetto e del messaggio.<\/li>\n<li><strong>Dati forniti per la richiesta di consulenza<\/strong>. Se l\u2019utente decide di richiedere una consulenza \u2013 attraverso le sezioni \u201c<em>Richiedi i nostri test<\/em>\u201d &#8211; Satinal raccoglie il nome dell\u2019azienda, il nome, il cognome, il numero di telefono, l\u2019indirizzo e-mail ed eventuali dati personali dell\u2019utente (e\/o di terzi) inseriti nel testo dell\u2019oggetto e del messaggio e nel testo delle note.<\/li>\n<li><strong>Dati forniti per la richiesta di un preventivo<\/strong>. Se l\u2019utente decide di richiedere un preventivo di un determinato prodotto \u2013 attraverso la sezione dedicata all\u2019e-commerce \u201dRFQ<em> Details<\/em>\u201d- Satinal raccoglie il nome, il cognome, l\u2019indirizzo e-mail ed eventuali dati personali dell\u2019utente (e\/o di terzi) inseriti nel testo del messaggio.<\/li>\n<li><strong>Dati forniti mediante richieste di informazioni via<\/strong><strong><em> e-mail<\/em><\/strong>. Se l\u2019utente, per richiedere informazioni, invia in modo esplicito e volontario posta elettronica agli indirizzi di Satinal indicati sul Sito, oppure utilizza il modulo disponibile alla voce \u201c<em>Contattaci<\/em>\u201d presente nella sezione \u201c<em>Contatti<\/em>\u201d e nella sezione <em>\u201dHome\u201d<\/em>, Satinal acquisisce l\u2019indirizzo e-mail ed eventuali dati personali dell\u2019utente (e\/o di terzi) inseriti nel testo della comunicazione elettronica, nonch\u00e9 \u2013 per il modulo \u201c<em>Contattaci<\/em>\u201d &#8211; il nome dell\u2019azienda, il nome, il cognome, il numero di telefono, l\u2019indirizzo e-mail ed eventuali dati personali dell\u2019utente (e\/o di terzi) inseriti nel testo del messaggio.<\/li>\n<\/ul>\n<p><strong>Finalit\u00e0 di trattamento<\/strong><\/p>\n<p><em>Contribuire al funzionamento del Sito; fornire all\u2019utente i servizi che Satinal presta tramite il Sito; proteggere gli interessi vitali dell\u2019utente; rispettare la normativa vigente o perseguire altre esigenze di interesse pubblico<\/em><\/p>\n<p>I dati dell\u2019utente, infatti, vengono trattati:<\/p>\n<ul>\n<li>per far funzionare, misurare, migliorare e mantenere sicuri il Sito e i servizi resi tramite esso;<\/li>\n<li>per prevenire, rilevare e mitigare violazioni della sicurezza e attivit\u00e0 potenzialmente vietate o illegali.<\/li>\n<\/ul>\n<p><em>Perseguire i legittimi interessi di Satinal in modo tale che questi interessi non prevalgano sui diritti e sulle libert\u00e0 fondamentali dell\u2019utente<\/em><\/p>\n<p>I dati dell\u2019utente, infatti, vengono trattati:<\/p>\n<ul>\n<li>per identificare e risolvere i problemi riscontrati dall\u2019utente nell\u2019utilizzo del Sito (ad esempio, pagine bloccate o non funzionanti).<\/li>\n<\/ul>\n<p>Questi trattamenti tutelano l\u2019interesse di Satinal a mantenere il Sito funzionante ed efficiente. Essi, inoltre, non ledono i diritti e le libert\u00e0 fondamentali dell\u2019utente, in quanto sono trattamenti prevedibili e diffusi in ogni sito. Inoltre, tali trattamenti vanno altres\u00ec a vantaggio dell\u2019utente stesso, permettendo al Sito di continuare a funzionare.<\/p>\n<p><strong>Modalit\u00e0 di trattamento<\/strong><\/p>\n<p>I dati personali dell\u2019utente sono trattati con strumenti, informatici o telematici, esclusivamente per le finalit\u00e0 per le quali sono stati raccolti (vedi sopra), e conservati per un periodo determinato secondo i criteri segnalati in questa <em>privacy policy<\/em> (vedi sotto).<\/p>\n<p>I dati personali potranno essere conosciuti e trattati dal personale di Satinal, debitamente istruito circa le cautele da adottare previste dalla Normativa <em>Privacy<\/em> Applicabile.<\/p>\n<p><strong>Durata di trattamento<\/strong><\/p>\n<p>Gli specifici tempi di conservazione dei dati personali dell\u2019utente sono documentati nel registro delle attivit\u00e0 di trattamento di Satinal (implementato ai sensi dell\u2019articolo 30 della G.D.P.R.).<\/p>\n<p>I dati personali dell\u2019utente vengono conservati (secondo i criteri di cui al considerando 39 e all\u2019art. 5, comma 1, lett. <em>e<\/em>) del G.D.P.R.) per un periodo necessario ad assicurare che il Sito funzioni, e che Satinal eroghi agli utenti i servizi prestati tramite il Sito. Tale periodo, in ogni caso, non pu\u00f2 eccedere i 10 anni dalla raccolta.<\/p>\n<p>I dati personali dell\u2019utente possono essere conservati per periodi maggiori di quelli appena visti solamente nel caso in ci\u00f2 sia necessario a Satinal per assolvere gli obblighi di legge ricadenti in capo ad essi o per tutelare un diritto in sede giudiziaria.<\/p>\n<p>Alla scadenza di tali termini di conservazione, i dati dell\u2019utente vengono cancellati, oppure anonimizzati in modo permanente.<\/p>\n<p><strong>Comunicazione dei dati<\/strong><\/p>\n<p>Satinal potrebbe comunicare i dati personali trattati ai soli soggetti e per le sole finalit\u00e0 di seguito indicati.<\/p>\n<p><strong>Lotta agli atti illeciti e alle violazioni di sicurezza<\/strong><\/p>\n<ul>\n<li>Satinal potrebbe comunicare i dati personali degli utenti a soggetti terzi che si occupano di prevenire, rilevare e mitigare atti potenzialmente illeciti e violazioni della sicurezza.<\/li>\n<\/ul>\n<p><strong>Applicazione della legge, procedimenti giudiziari e modalit\u00e0 autorizzate dalla legge<\/strong><\/p>\n<ul>\n<li>Satinal potrebbe comunicare i dati personali degli utenti ad Autorit\u00e0 Giudiziarie, Pubbliche Autorit\u00e0 o terze parti autorizzate, nei casi in cui la legge lo prevede. Nonch\u00e9, in generale, nei casi in cui sia necessario per adempiere obblighi di legge o richieste verificate relative ad un&#8217;indagine penale o ad una presunta attivit\u00e0 illecita, oppure per rispondere a rivendicazioni altrui circa i diritti, la propriet\u00e0 o la sicurezza di Satinal, dei suoi dipendenti o degli utenti.<\/li>\n<\/ul>\n<p><strong>Diritti degli interessati<\/strong><\/p>\n<p>Nei soli casi e con tutti i limiti previsti dagli artt. 15-22 G.D.P.R., l\u2019utente ha diritto &#8211; in ogni momento, a titolo gratuito e senza oneri e formalit\u00e0 particolari \u2013 a:<\/p>\n<ul>\n<li>ottenere conferma del fatto che Satinal tratta i suoi dati personali;<\/li>\n<li>accedere ai suoi dati personali, e conoscerne l\u2019origine, le finalit\u00e0 e gli scopi di trattamento, il periodo di conservazione e le informazioni riguardanti i soggetti terzi cui i dati personali vengono comunicati;<\/li>\n<li>revocare il suo consenso in qualunque momento, nel caso in cui questo costituisca la base del trattamento;<\/li>\n<li>aggiornare o rettificare i suoi dati personali raccolti da Satinal, in modo che questi ultimi siano sempre esatti e accurati;<\/li>\n<li>esercitare il cd. diritto all\u2019oblio, ovvero fare in modo che i suoi dati personali raccolti da Satinal vengano cancellati dalle banche dati e\/o dagli archivi anche di <em>backup<\/em> di Satinal;<\/li>\n<li>limitare il trattamento dei suoi dati personali da parte di Satinal;<\/li>\n<li>opporsi al trattamento, per quei dati personali trattati per perseguire esigenze di interesse pubblico oppure legittimi interessi di Satinal;<\/li>\n<li>vedersi comunicate, in tempi congrui, le eventuali rettifiche, cancellazioni o limitazioni del trattamento disposte da Satinal, nonch\u00e9 le eventuali revoche di tali misure e le ragioni alla base delle revoche.<\/li>\n<\/ul>\n<p>L\u2019utente pu\u00f2 esercitare tali diritti mediante richiesta scritta rivolta senza formalit\u00e0 a Satinal, inviando apposita <em>e-mail<\/em> all\u2019indirizzo info@satinal.it<\/p>\n<p>Una volta ricevuta la suddetta <em>e-mail<\/em>, Satinal soddisfer\u00e0 la richiesta entro un mese dal ricevimento della stessa. Tale termine potr\u00e0 essere prorogato di due mesi \u2013 previo avviso all\u2019utente- tenuto conto della complessit\u00e0 e del numero delle richieste.<\/p>\n<p>Satinal ricorda all\u2019utente che, laddove il riscontro alle sue richieste non sia stato a suo avviso soddisfacente, egli\/ella potr\u00e0 rivolgersi e proporre reclamo all\u2019Autorit\u00e0 Garante per la Protezione dei Dati Personali (<a href=\"http:\/\/www.garanteprivacy.it\/\">http:\/\/www.garanteprivacy.it\/<\/a>) nei modi previsti dalla Normativa <em>Privacy<\/em> Applicabile.<\/p>\n<p>Modifiche alla <em>privacy policy<\/em><\/p>\n<p>Satinal si riserva il diritto di apportare modifiche alla presente <em>privacy policy<\/em> in qualunque momento, dandone pubblicit\u00e0 agli utenti su questa pagina del Sito.<\/p>\n<p>Si prega, dunque, l\u2019utente di consultare spesso questa pagina, prendendo come riferimento la data di ultima modifica indicata in fondo. Salvo quanto diversamente specificato, in caso di modifica la precedente <em>privacy policy<\/em> continuer\u00e0 ad applicarsi ai dati personali sino a quel momento raccolti.<\/p>\n<p>Data ultimo aggiornamento: aprile 2022<\/p>\n<p>&nbsp;<\/p>\n<h3><strong>Cookie Policy<\/strong><\/h3>\n<p>&nbsp;<br \/>\n<script id=\"CookieDeclaration\" src=\"https:\/\/consent.cookiebot.com\/4dc32ac0-22e7-4a1e-b6a8-0f677f8392e5\/cd.js\" data-culture=\"IT\" type=\"text\/javascript\" async><\/script><\/p>\n","protected":false},"excerpt":{"rendered":"<p>  [&#8230;]<\/p>\n","protected":false},"author":7,"featured_media":0,"parent":0,"menu_order":0,"comment_status":"closed","ping_status":"open","template":"","meta":{"footnotes":""},"class_list":["post-18855","page","type-page","status-publish","hentry"],"yoast_head":"<!-- This site is optimized with the Yoast SEO plugin v25.7 - https:\/\/yoast.com\/wordpress\/plugins\/seo\/ -->\n<title>Privacy Policy<\/title>\n<meta name=\"robots\" content=\"index, follow, max-snippet:-1, max-image-preview:large, max-video-preview:-1\" \/>\n<link rel=\"canonical\" href=\"https:\/\/www.satinal.it\/it\/privacy-policy\/\" \/>\n<meta property=\"og:locale\" content=\"it_IT\" \/>\n<meta property=\"og:type\" content=\"article\" \/>\n<meta property=\"og:title\" content=\"Privacy Policy\" \/>\n<meta property=\"og:description\" content=\"[...]\" \/>\n<meta property=\"og:url\" content=\"https:\/\/www.satinal.it\/it\/privacy-policy\/\" \/>\n<meta property=\"og:site_name\" content=\"Satinal\" \/>\n<meta property=\"article:modified_time\" content=\"2022-06-15T09:58:28+00:00\" \/>\n<meta name=\"twitter:card\" content=\"summary_large_image\" \/>\n<meta name=\"twitter:label1\" content=\"Tempo di lettura stimato\" \/>\n\t<meta name=\"twitter:data1\" content=\"7 minuti\" \/>\n<script type=\"application\/ld+json\" class=\"yoast-schema-graph\">{\"@context\":\"https:\/\/schema.org\",\"@graph\":[{\"@type\":\"WebPage\",\"@id\":\"https:\/\/www.satinal.it\/it\/privacy-policy\/\",\"url\":\"https:\/\/www.satinal.it\/it\/privacy-policy\/\",\"name\":\"Privacy Policy\",\"isPartOf\":{\"@id\":\"https:\/\/www.satinal.it\/it\/#website\"},\"datePublished\":\"2022-06-15T09:57:37+00:00\",\"dateModified\":\"2022-06-15T09:58:28+00:00\",\"breadcrumb\":{\"@id\":\"https:\/\/www.satinal.it\/it\/privacy-policy\/#breadcrumb\"},\"inLanguage\":\"it-IT\",\"potentialAction\":[{\"@type\":\"ReadAction\",\"target\":[\"https:\/\/www.satinal.it\/it\/privacy-policy\/\"]}]},{\"@type\":\"BreadcrumbList\",\"@id\":\"https:\/\/www.satinal.it\/it\/privacy-policy\/#breadcrumb\",\"itemListElement\":[{\"@type\":\"ListItem\",\"position\":1,\"name\":\"Home\",\"item\":\"https:\/\/www.satinal.it\/it\/\"},{\"@type\":\"ListItem\",\"position\":2,\"name\":\"Privacy Policy\"}]},{\"@type\":\"WebSite\",\"@id\":\"https:\/\/www.satinal.it\/it\/#website\",\"url\":\"https:\/\/www.satinal.it\/it\/\",\"name\":\"Satinal\",\"description\":\"Competent in glass\",\"publisher\":{\"@id\":\"https:\/\/www.satinal.it\/it\/#organization\"},\"potentialAction\":[{\"@type\":\"SearchAction\",\"target\":{\"@type\":\"EntryPoint\",\"urlTemplate\":\"https:\/\/www.satinal.it\/it\/?s={search_term_string}\"},\"query-input\":{\"@type\":\"PropertyValueSpecification\",\"valueRequired\":true,\"valueName\":\"search_term_string\"}}],\"inLanguage\":\"it-IT\"},{\"@type\":\"Organization\",\"@id\":\"https:\/\/www.satinal.it\/it\/#organization\",\"name\":\"SATINAL SPA\",\"url\":\"https:\/\/www.satinal.it\/it\/\",\"logo\":{\"@type\":\"ImageObject\",\"inLanguage\":\"it-IT\",\"@id\":\"https:\/\/www.satinal.it\/it\/#\/schema\/logo\/image\/\",\"url\":\"https:\/\/www.satinal.it\/wp-content\/uploads\/2020\/11\/Satinal-logo-mission.png\",\"contentUrl\":\"https:\/\/www.satinal.it\/wp-content\/uploads\/2020\/11\/Satinal-logo-mission.png\",\"width\":210,\"height\":81,\"caption\":\"SATINAL SPA\"},\"image\":{\"@id\":\"https:\/\/www.satinal.it\/it\/#\/schema\/logo\/image\/\"}}]}<\/script>\n<!-- \/ Yoast SEO plugin. -->","yoast_head_json":{"title":"Privacy Policy","robots":{"index":"index","follow":"follow","max-snippet":"max-snippet:-1","max-image-preview":"max-image-preview:large","max-video-preview":"max-video-preview:-1"},"canonical":"https:\/\/www.satinal.it\/it\/privacy-policy\/","og_locale":"it_IT","og_type":"article","og_title":"Privacy Policy","og_description":"[...]","og_url":"https:\/\/www.satinal.it\/it\/privacy-policy\/","og_site_name":"Satinal","article_modified_time":"2022-06-15T09:58:28+00:00","twitter_card":"summary_large_image","twitter_misc":{"Tempo di lettura stimato":"7 minuti"},"schema":{"@context":"https:\/\/schema.org","@graph":[{"@type":"WebPage","@id":"https:\/\/www.satinal.it\/it\/privacy-policy\/","url":"https:\/\/www.satinal.it\/it\/privacy-policy\/","name":"Privacy Policy","isPartOf":{"@id":"https:\/\/www.satinal.it\/it\/#website"},"datePublished":"2022-06-15T09:57:37+00:00","dateModified":"2022-06-15T09:58:28+00:00","breadcrumb":{"@id":"https:\/\/www.satinal.it\/it\/privacy-policy\/#breadcrumb"},"inLanguage":"it-IT","potentialAction":[{"@type":"ReadAction","target":["https:\/\/www.satinal.it\/it\/privacy-policy\/"]}]},{"@type":"BreadcrumbList","@id":"https:\/\/www.satinal.it\/it\/privacy-policy\/#breadcrumb","itemListElement":[{"@type":"ListItem","position":1,"name":"Home","item":"https:\/\/www.satinal.it\/it\/"},{"@type":"ListItem","position":2,"name":"Privacy Policy"}]},{"@type":"WebSite","@id":"https:\/\/www.satinal.it\/it\/#website","url":"https:\/\/www.satinal.it\/it\/","name":"Satinal","description":"Competent in glass","publisher":{"@id":"https:\/\/www.satinal.it\/it\/#organization"},"potentialAction":[{"@type":"SearchAction","target":{"@type":"EntryPoint","urlTemplate":"https:\/\/www.satinal.it\/it\/?s={search_term_string}"},"query-input":{"@type":"PropertyValueSpecification","valueRequired":true,"valueName":"search_term_string"}}],"inLanguage":"it-IT"},{"@type":"Organization","@id":"https:\/\/www.satinal.it\/it\/#organization","name":"SATINAL SPA","url":"https:\/\/www.satinal.it\/it\/","logo":{"@type":"ImageObject","inLanguage":"it-IT","@id":"https:\/\/www.satinal.it\/it\/#\/schema\/logo\/image\/","url":"https:\/\/www.satinal.it\/wp-content\/uploads\/2020\/11\/Satinal-logo-mission.png","contentUrl":"https:\/\/www.satinal.it\/wp-content\/uploads\/2020\/11\/Satinal-logo-mission.png","width":210,"height":81,"caption":"SATINAL SPA"},"image":{"@id":"https:\/\/www.satinal.it\/it\/#\/schema\/logo\/image\/"}}]}},"_links":{"self":[{"href":"https:\/\/www.satinal.it\/it\/wp-json\/wp\/v2\/pages\/18855","targetHints":{"allow":["GET"]}}],"collection":[{"href":"https:\/\/www.satinal.it\/it\/wp-json\/wp\/v2\/pages"}],"about":[{"href":"https:\/\/www.satinal.it\/it\/wp-json\/wp\/v2\/types\/page"}],"author":[{"embeddable":true,"href":"https:\/\/www.satinal.it\/it\/wp-json\/wp\/v2\/users\/7"}],"replies":[{"embeddable":true,"href":"https:\/\/www.satinal.it\/it\/wp-json\/wp\/v2\/comments?post=18855"}],"version-history":[{"count":2,"href":"https:\/\/www.satinal.it\/it\/wp-json\/wp\/v2\/pages\/18855\/revisions"}],"predecessor-version":[{"id":18857,"href":"https:\/\/www.satinal.it\/it\/wp-json\/wp\/v2\/pages\/18855\/revisions\/18857"}],"wp:attachment":[{"href":"https:\/\/www.satinal.it\/it\/wp-json\/wp\/v2\/media?parent=18855"}],"curies":[{"name":"wp","href":"https:\/\/api.w.org\/{rel}","templated":true}]}}