{"id":16410,"date":"2020-12-15T13:00:04","date_gmt":"2020-12-15T13:00:04","guid":{"rendered":"https:\/\/www.satinal.it\/mission-vision-values\/"},"modified":"2026-01-29T08:19:56","modified_gmt":"2026-01-29T08:19:56","slug":"missao-valores-visao","status":"publish","type":"page","link":"https:\/\/www.satinal.it\/pt-pt\/missao-valores-visao\/","title":{"rendered":"Miss\u00e3o | Valores | Vis\u00e3o"},"content":{"rendered":"<p><div class=\"fusion-fullwidth fullwidth-box fusion-builder-row-1 fusion-flex-container fusion-parallax-none hundred-percent-fullwidth non-hundred-percent-height-scrolling fusion-no-small-visibility\" style=\"--awb-border-radius-top-left:0px;--awb-border-radius-top-right:0px;--awb-border-radius-bottom-right:0px;--awb-border-radius-bottom-left:0px;--awb-min-height:400px;--awb-background-image:url(&quot;https:\/\/www.satinal.it\/wp-content\/uploads\/2020\/10\/satinal-company-no-group.jpg&quot;);--awb-background-size:cover;--awb-flex-wrap:wrap;\" ><div class=\"fusion-builder-row fusion-row fusion-flex-align-items-center fusion-flex-align-content-center fusion-flex-content-wrap\" style=\"width:104% !important;max-width:104% !important;margin-left: calc(-4% \/ 2 );margin-right: calc(-4% \/ 2 );\"><div class=\"fusion-layout-column fusion_builder_column fusion-builder-column-0 fusion_builder_column_1_1 1_1 fusion-flex-column\" style=\"--awb-bg-size:cover;--awb-width-large:100%;--awb-margin-top-large:0px;--awb-spacing-right-large:1.92%;--awb-margin-bottom-large:20px;--awb-spacing-left-large:1.92%;--awb-width-medium:100%;--awb-order-medium:0;--awb-spacing-right-medium:1.92%;--awb-spacing-left-medium:1.92%;--awb-width-small:100%;--awb-order-small:0;--awb-spacing-right-small:1.92%;--awb-spacing-left-small:1.92%;\"><div class=\"fusion-column-wrapper fusion-column-has-shadow fusion-flex-justify-content-flex-start fusion-content-layout-column\"><\/div><\/div><\/div><\/div><div class=\"fusion-fullwidth fullwidth-box fusion-builder-row-2 fusion-flex-container hundred-percent-fullwidth non-hundred-percent-height-scrolling fusion-no-medium-visibility fusion-no-large-visibility\" style=\"--awb-border-radius-top-left:0px;--awb-border-radius-top-right:0px;--awb-border-radius-bottom-right:0px;--awb-border-radius-bottom-left:0px;--awb-padding-top:0px;--awb-padding-right:0px;--awb-padding-bottom:0px;--awb-padding-left:0px;--awb-margin-top:0px;--awb-margin-bottom:0px;--awb-flex-wrap:wrap;\" ><div class=\"fusion-builder-row fusion-row fusion-flex-align-items-center fusion-flex-align-content-center fusion-flex-content-wrap\" style=\"width:104% !important;max-width:104% !important;margin-left: calc(-4% \/ 2 );margin-right: calc(-4% \/ 2 );\"><div class=\"fusion-layout-column fusion_builder_column fusion-builder-column-1 fusion_builder_column_1_1 1_1 fusion-flex-column\" style=\"--awb-bg-size:cover;--awb-width-large:100%;--awb-margin-top-large:0px;--awb-spacing-right-large:1.92%;--awb-margin-bottom-large:20px;--awb-spacing-left-large:1.92%;--awb-width-medium:100%;--awb-order-medium:0;--awb-spacing-right-medium:1.92%;--awb-spacing-left-medium:1.92%;--awb-width-small:100%;--awb-order-small:0;--awb-spacing-right-small:1.92%;--awb-spacing-left-small:1.92%;\"><div class=\"fusion-column-wrapper fusion-column-has-shadow fusion-flex-justify-content-flex-start fusion-content-layout-column\"><div class=\"fusion-image-element \" style=\"text-align:center;--awb-caption-title-font-family:var(--h2_typography-font-family);--awb-caption-title-font-weight:var(--h2_typography-font-weight);--awb-caption-title-font-style:var(--h2_typography-font-style);--awb-caption-title-size:var(--h2_typography-font-size);--awb-caption-title-transform:var(--h2_typography-text-transform);--awb-caption-title-line-height:var(--h2_typography-line-height);--awb-caption-title-letter-spacing:var(--h2_typography-letter-spacing);\"><span class=\" fusion-imageframe imageframe-none imageframe-1 hover-type-none\"><img decoding=\"async\" width=\"1200\" height=\"815\" alt=\"Satinal Company\" title=\"AZIENDA-mobile\" src=\"https:\/\/www.satinal.it\/wp-content\/uploads\/2020\/12\/AZIENDA-mobile.jpg\" class=\"img-responsive wp-image-9835\" srcset=\"https:\/\/www.satinal.it\/wp-content\/uploads\/2020\/12\/AZIENDA-mobile-200x136.jpg 200w, https:\/\/www.satinal.it\/wp-content\/uploads\/2020\/12\/AZIENDA-mobile-400x272.jpg 400w, https:\/\/www.satinal.it\/wp-content\/uploads\/2020\/12\/AZIENDA-mobile-600x408.jpg 600w, https:\/\/www.satinal.it\/wp-content\/uploads\/2020\/12\/AZIENDA-mobile-800x543.jpg 800w, https:\/\/www.satinal.it\/wp-content\/uploads\/2020\/12\/AZIENDA-mobile.jpg 1200w\" sizes=\"(max-width: 1024px) 100vw, (max-width: 640px) 100vw, 1200px\" \/><\/span><\/div><\/div><\/div><\/div><\/div><div class=\"fusion-fullwidth fullwidth-box fusion-builder-row-3 nonhundred-percent-fullwidth non-hundred-percent-height-scrolling\" style=\"--awb-border-radius-top-left:0px;--awb-border-radius-top-right:0px;--awb-border-radius-bottom-right:0px;--awb-border-radius-bottom-left:0px;--awb-padding-top:60px;--awb-padding-bottom:60px;--awb-flex-wrap:wrap;\" ><div class=\"fusion-builder-row fusion-row\"><div class=\"fusion-layout-column fusion_builder_column fusion-builder-column-2 fusion_builder_column_1_3 1_3 fusion-one-third fusion-column-first\" style=\"--awb-padding-right:5%;--awb-bg-size:cover;width:30.6666%; margin-right: 4%;\"><div class=\"fusion-column-wrapper fusion-column-has-shadow fusion-flex-column-wrapper-legacy\"><div class=\"fusion-text fusion-text-1\" style=\"--awb-content-alignment:center;--awb-text-color:#38373a;\"><p><strong>SOBRE N\u00d3S<\/strong><\/p>\n<\/div><div class=\"fusion-sep-clear\"><\/div><div class=\"fusion-separator fusion-full-width-sep\" style=\"margin-left: auto;margin-right: auto;margin-top:-10px;margin-bottom:20px;width:100%;\"><div class=\"fusion-separator-border sep-single sep-solid\" style=\"--awb-height:20px;--awb-amount:20px;--awb-sep-color:#38373a;border-color:#38373a;border-top-width:2px;\"><\/div><\/div><div class=\"fusion-sep-clear\"><\/div><div class=\"fusion-fa-align-left\"><i class=\"fb-icon-element-1 fb-icon-element fontawesome-icon fa-square-full fas circle-no\" style=\"--awb-iconcolor:#38373a;--awb-iconcolor-hover:#38373a;--awb-font-size:25px;--awb-margin-right:10px;\"><\/i><\/div><div class=\"fusion-title title fusion-title-1 sep-underline sep-solid fusion-title-text fusion-title-size-four bottone-s-lab-grey\" style=\"--awb-text-color:#38373a;--awb-margin-top:0px;--awb-font-size:16px;\"><h4 class=\"fusion-title-heading title-heading-left\" style=\"margin:0;font-size:1em;line-height:22px;\"><a href=\"https:\/\/www.satinal.it\/pt-pt\/empresa\/\">EMPRESA<\/a><\/h4><\/div><div class=\"fusion-fa-align-left\"><i class=\"fb-icon-element-2 fb-icon-element fontawesome-icon fa-square-full fas circle-no\" style=\"--awb-iconcolor:#38373a;--awb-iconcolor-hover:#38373a;--awb-font-size:25px;--awb-margin-right:10px;\"><\/i><\/div><div class=\"fusion-title title fusion-title-2 sep-underline sep-solid fusion-title-text fusion-title-size-four bottone-s-lab-grey\" style=\"--awb-text-color:#38373a;--awb-margin-top:0px;--awb-font-size:16px;\"><h4 class=\"fusion-title-heading title-heading-left\" style=\"margin:0;font-size:1em;line-height:22px;\"><a href=\"https:\/\/www.satinal.it\/pt-pt\/satinal-no-mundo\/\">SATINAL NO MUNDO<\/a><\/h4><\/div><div class=\"fusion-fa-align-left\"><i class=\"fb-icon-element-3 fb-icon-element fontawesome-icon fa-square-full fas circle-no\" style=\"--awb-iconcolor:#38373a;--awb-iconcolor-hover:#38373a;--awb-font-size:25px;--awb-margin-right:10px;\"><\/i><\/div><div class=\"fusion-title title fusion-title-3 sep-underline sep-solid fusion-title-text fusion-title-size-four bottone-s-lab-grey\" style=\"--awb-text-color:#38373a;--awb-margin-top:0px;--awb-font-size:16px;\"><h4 class=\"fusion-title-heading title-heading-left\" style=\"margin:0;font-size:1em;line-height:22px;\"><a href=\"https:\/\/www.satinal.it\/pt-pt\/missao-valores-visao\/\">MISS\u00c3O | <\/a><a href=\"https:\/\/www.satinal.it\/pt-pt\/missao-valores-visao\/\">VALORES<\/a><a href=\"https:\/\/www.satinal.it\/pt-pt\/missao-valores-visao\/\"> | <\/a><a href=\"https:\/\/www.satinal.it\/pt-pt\/missao-valores-visao\/\">VIS\u00c3O\u00a0<\/a><\/h4><\/div><div class=\"fusion-fa-align-left\"><i class=\"fb-icon-element-4 fb-icon-element fontawesome-icon fa-square-full fas circle-no\" style=\"--awb-iconcolor:#38373a;--awb-iconcolor-hover:#38373a;--awb-font-size:25px;--awb-margin-right:10px;\"><\/i><\/div><div class=\"fusion-title title fusion-title-4 sep-underline sep-solid fusion-title-text fusion-title-size-four bottone-s-lab-grey\" style=\"--awb-text-color:#38373a;--awb-margin-top:0px;--awb-font-size:16px;\"><h4 class=\"fusion-title-heading title-heading-left\" style=\"margin:0;font-size:1em;line-height:22px;\"><a href=\"https:\/\/www.satinal.it\/pt-pt\/sustentabilidade\/\">SUSTENTABILIDADE<\/a><\/h4><\/div><div class=\"fusion-clearfix\"><\/div><\/div><\/div><div class=\"fusion-layout-column fusion_builder_column fusion-builder-column-3 fusion_builder_column_2_3 2_3 fusion-two-third fusion-column-last\" style=\"--awb-bg-size:cover;width:65.3333%;\"><div class=\"fusion-column-wrapper fusion-column-has-shadow fusion-flex-column-wrapper-legacy\"><div class=\"fusion-title title fusion-title-5 fusion-sep-none fusion-title-text fusion-title-size-one\" style=\"--awb-margin-top:6px;--awb-font-size:40px;\"><h1 class=\"fusion-title-heading title-heading-left\" style=\"margin:0;font-size:1em;\">A TRADI\u00c7\u00c3O DA FAM\u00cdLIA BRESCIANI<\/h1><\/div><div class=\"fusion-text fusion-text-2\" style=\"--awb-content-alignment:left;\"><p>A <strong>fam\u00edlia Bresciani<\/strong> opera no sector <strong>do<\/strong> vidro desde a d\u00e9cadade<strong> 1920<\/strong> e fundou a SATINAL SpA  <strong>em 2001, <\/strong>ap\u00f3s v\u00e1rias experi\u00eancias no processamento industrial de vidro.<\/p>\n<\/div><div class=\"fusion-title title fusion-title-6 fusion-sep-none fusion-title-text fusion-title-size-three\" style=\"--awb-margin-top:6px;\"><h3 class=\"fusion-title-heading title-heading-left\" style=\"margin:0;\">A NOSSA MISS\u00c3O<\/h3><\/div><div class=\"fusion-text fusion-text-3\" style=\"--awb-content-alignment:left;--awb-font-size:24px;\"><p><strong>Permitir hoje a produ\u00e7\u00e3o do vidro de seguran\u00e7a do futuro<\/strong><\/p>\n<\/div><div class=\"fusion-text fusion-text-4\" style=\"--awb-content-alignment:left;\"><p><strong>O nosso compromisso \u00e9<\/strong> ser um ponto de refer\u00eancia confi\u00e1vel e um centro de excel\u00eancia na Europa. Especializamo-nos na produ\u00e7\u00e3o de camadas intermedi\u00e1rias, m\u00e1quinas e produtos qu\u00edmicos para acabamento acetinado de vidro e fotovoltaica.<\/p>\n<p>A nossa voca\u00e7\u00e3o \u00e9 consolidar a <strong>nossa natureza de excel\u00eancia italiana no<\/strong>  mundo.<\/p>\n<p>O objetivo estrat\u00e9gico, focado na produ\u00e7\u00e3o de produtos qu\u00edmicos, intercalares de pl\u00e1stico faz da nossa empresa a pioneira na transforma\u00e7\u00e3o do vidro do futuro e uma int\u00e9rprete de design e <em>seguran\u00e7a<\/em> no presente.<\/p>\n<p>Trabalhamos com <strong>uma abordagem \u00fanica e inovadora<\/strong> a n\u00edvel internacional, garantindo um servi\u00e7o de assist\u00eancia t\u00e9cnica na gest\u00e3o de m\u00e1quinas.<\/p>\n<p>Gra\u00e7as \u00e0 nossa capacidade <strong>de resolver problemas e dar respostas antecipadamente,<\/strong> superamos as expectativas dos nossos clientes. \u00c9 por isso voc\u00ea deve confiar em Satinal.<\/p>\n<\/div><div class=\"fusion-clearfix\"><\/div><\/div><\/div><div class=\"fusion-layout-column fusion_builder_column fusion-builder-column-4 fusion_builder_column_1_1 1_1 fusion-one-full fusion-column-first fusion-column-last\" style=\"--awb-bg-size:cover;--awb-margin-bottom:0px;\"><div class=\"fusion-column-wrapper fusion-flex-column-wrapper-legacy\"><div class=\"fusion-clearfix\"><\/div><\/div><\/div><\/div><\/div><div class=\"fusion-fullwidth fullwidth-box fusion-builder-row-4 fusion-flex-container nonhundred-percent-fullwidth non-hundred-percent-height-scrolling\" style=\"--awb-border-radius-top-left:0px;--awb-border-radius-top-right:0px;--awb-border-radius-bottom-right:0px;--awb-border-radius-bottom-left:0px;--awb-padding-top:4%;--awb-padding-bottom:4%;--awb-padding-bottom-medium:52px;--awb-padding-top-small:40px;--awb-padding-bottom-small:24px;--awb-background-color:#f4f4f6;--awb-flex-wrap:wrap;\" ><div class=\"fusion-builder-row fusion-row fusion-flex-align-items-flex-start fusion-flex-justify-content-center fusion-flex-content-wrap\" style=\"max-width:1248px;margin-left: calc(-4% \/ 2 );margin-right: calc(-4% \/ 2 );\"><div class=\"fusion-layout-column fusion_builder_column fusion-builder-column-5 fusion_builder_column_1_3 1_3 fusion-flex-column\" style=\"--awb-bg-size:cover;--awb-width-large:33.333333333333%;--awb-margin-top-large:0px;--awb-spacing-right-large:5.76%;--awb-margin-bottom-large:20px;--awb-spacing-left-large:5.76%;--awb-width-medium:100%;--awb-order-medium:0;--awb-spacing-right-medium:1.92%;--awb-spacing-left-medium:1.92%;--awb-width-small:100%;--awb-order-small:0;--awb-spacing-right-small:1.92%;--awb-spacing-left-small:1.92%;\"><div class=\"fusion-column-wrapper fusion-column-has-shadow fusion-flex-justify-content-flex-start fusion-content-layout-column\"><\/div><\/div><div class=\"fusion-layout-column fusion_builder_column fusion-builder-column-6 fusion_builder_column_2_3 2_3 fusion-flex-column\" style=\"--awb-bg-size:cover;--awb-width-large:66.666666666667%;--awb-margin-top-large:0px;--awb-spacing-right-large:2.88%;--awb-margin-bottom-large:20px;--awb-spacing-left-large:2.88%;--awb-width-medium:83.333333333333%;--awb-order-medium:0;--awb-spacing-right-medium:2.304%;--awb-spacing-left-medium:2.304%;--awb-width-small:100%;--awb-order-small:0;--awb-spacing-right-small:1.92%;--awb-spacing-left-small:1.92%;\"><div class=\"fusion-column-wrapper fusion-column-has-shadow fusion-flex-justify-content-flex-start fusion-content-layout-column\"><div class=\"fusion-title title fusion-title-7 fusion-sep-none fusion-title-text fusion-title-size-three\" style=\"--awb-margin-top:6px;--awb-font-size:40px;\"><h3 class=\"fusion-title-heading title-heading-left\" style=\"margin:0;font-size:1em;\">NOSSA MANEIRA DE SER<\/h3><\/div><div class=\"fusion-text fusion-text-5\" style=\"--awb-content-alignment:left;\"><p>Qualidade, honestidade, transpar\u00eancia, inova\u00e7\u00e3o e respeito s\u00e3o os principais ingredientes do nosso dia-a-dia. Os nossos principais recursos s\u00e3o as pessoas e o seu valor. Esta \u00e9 a inspira\u00e7\u00e3o que guia a nossa abordagem di\u00e1ria ao neg\u00f3cio, inova\u00e7\u00e3o e qualidade.<\/p>\n<p>N\u00f3s ouvimos, n\u00e3o apenas ouvimos.<br \/>\nN\u00f3s observamos, n\u00e3o apenas vemos.<br \/>\nN\u00f3s criamos, n\u00e3o apenas fazemos<\/p>\n<p>A inova\u00e7\u00e3o \u00e9 uma consequ\u00eancia.<\/p>\n<\/div><\/div><\/div><\/div><\/div><div class=\"fusion-fullwidth fullwidth-box fusion-builder-row-5 fusion-flex-container nonhundred-percent-fullwidth non-hundred-percent-height-scrolling\" style=\"--awb-border-radius-top-left:0px;--awb-border-radius-top-right:0px;--awb-border-radius-bottom-right:0px;--awb-border-radius-bottom-left:0px;--awb-padding-top-medium:12px;--awb-padding-top-small:10px;--awb-padding-bottom-small:40px;--awb-margin-top:40px;--awb-flex-wrap:wrap;\" ><div class=\"fusion-builder-row fusion-row fusion-flex-align-items-flex-start fusion-flex-justify-content-center fusion-flex-content-wrap\" style=\"max-width:1248px;margin-left: calc(-4% \/ 2 );margin-right: calc(-4% \/ 2 );\"><div class=\"fusion-layout-column fusion_builder_column fusion-builder-column-7 fusion_builder_column_1_3 1_3 fusion-flex-column\" style=\"--awb-bg-size:cover;--awb-width-large:33.333333333333%;--awb-margin-top-large:0px;--awb-spacing-right-large:5.76%;--awb-margin-bottom-large:20px;--awb-spacing-left-large:5.76%;--awb-width-medium:100%;--awb-order-medium:0;--awb-spacing-right-medium:1.92%;--awb-spacing-left-medium:1.92%;--awb-width-small:100%;--awb-order-small:0;--awb-spacing-right-small:1.92%;--awb-spacing-left-small:1.92%;\"><div class=\"fusion-column-wrapper fusion-column-has-shadow fusion-flex-justify-content-flex-start fusion-content-layout-column\"><\/div><\/div><div class=\"fusion-layout-column fusion_builder_column fusion-builder-column-8 fusion_builder_column_2_3 2_3 fusion-flex-column\" style=\"--awb-bg-size:cover;--awb-width-large:66.666666666667%;--awb-margin-top-large:0px;--awb-spacing-right-large:2.88%;--awb-margin-bottom-large:5%;--awb-spacing-left-large:2.88%;--awb-width-medium:75%;--awb-order-medium:0;--awb-spacing-right-medium:2.56%;--awb-margin-bottom-medium:30px;--awb-spacing-left-medium:2.56%;--awb-width-small:100%;--awb-order-small:0;--awb-spacing-right-small:1.92%;--awb-spacing-left-small:1.92%;\"><div class=\"fusion-column-wrapper fusion-column-has-shadow fusion-flex-justify-content-flex-start fusion-content-layout-column\"><div class=\"fusion-title title fusion-title-8 fusion-sep-none fusion-title-text fusion-title-size-three\" style=\"--awb-margin-top:6px;--awb-font-size:40px;\"><h3 class=\"fusion-title-heading title-heading-left\" style=\"margin:0;font-size:1em;\">A NOSSA VIS\u00c3O<\/h3><\/div><div class=\"fusion-text fusion-text-6\"><p>Ser uma empresa italiana movida pela inova\u00e7\u00e3o, operando em todo o mundo para fornecer solu\u00e7\u00f5es avan\u00e7adas para a ind\u00fastria do vidro. Investimos para sermos os fabricantes mais confi\u00e1veis de interlayers, bem como os fornecedores mais experientes de m\u00e1quinas e produtos qu\u00edmicos para acabamento acetinado do mundo. N\u00e3o fabricamos apenas produtos: criamos plataformas e ecossistemas para satisfa\u00e7\u00e3o do cliente. Dedicamo-nos a colabora\u00e7\u00f5es estreitas com os nossos clientes para prestar assist\u00eancia t\u00e9cnica e apoio t\u00e9cnico abrangente e tornar o seu neg\u00f3cio mais rent\u00e1vel.<\/p>\n<\/div><\/div><\/div><\/div><\/div><\/p>\n","protected":false},"excerpt":{"rendered":"","protected":false},"author":7,"featured_media":0,"parent":0,"menu_order":0,"comment_status":"closed","ping_status":"closed","template":"100-width.php","meta":{"footnotes":""},"class_list":["post-16410","page","type-page","status-publish","hentry"],"yoast_head":"<!-- This site is optimized with the Yoast SEO plugin v25.7 - https:\/\/yoast.com\/wordpress\/plugins\/seo\/ -->\n<title>Miss\u00e3o, Valores, Vis\u00e3o - SATINAL<\/title>\n<meta name=\"description\" content=\"Somos uma empresa italiana voltada para a inova\u00e7\u00e3o, operando em todo o mundo para fornecer solu\u00e7\u00f5es avan\u00e7adas para a ind\u00fastria do vidro.\" \/>\n<meta name=\"robots\" content=\"index, follow, max-snippet:-1, max-image-preview:large, max-video-preview:-1\" \/>\n<link rel=\"canonical\" href=\"https:\/\/www.satinal.it\/pt-pt\/missao-valores-visao\/\" \/>\n<meta property=\"og:locale\" content=\"pt_PT\" \/>\n<meta property=\"og:type\" content=\"article\" \/>\n<meta property=\"og:title\" content=\"Miss\u00e3o, Valores, Vis\u00e3o - SATINAL\" \/>\n<meta property=\"og:description\" content=\"Somos uma empresa italiana voltada para a inova\u00e7\u00e3o, operando em todo o mundo para fornecer solu\u00e7\u00f5es avan\u00e7adas para a ind\u00fastria do vidro.\" \/>\n<meta property=\"og:url\" content=\"https:\/\/www.satinal.it\/pt-pt\/missao-valores-visao\/\" \/>\n<meta property=\"og:site_name\" content=\"Satinal\" \/>\n<meta property=\"article:modified_time\" content=\"2026-01-29T08:19:56+00:00\" \/>\n<meta name=\"twitter:card\" content=\"summary_large_image\" \/>\n<meta name=\"twitter:label1\" content=\"Tempo estimado de leitura\" \/>\n\t<meta name=\"twitter:data1\" content=\"19 minutos\" \/>\n<script type=\"application\/ld+json\" class=\"yoast-schema-graph\">{\"@context\":\"https:\/\/schema.org\",\"@graph\":[{\"@type\":\"WebPage\",\"@id\":\"https:\/\/www.satinal.it\/pt-pt\/missao-valores-visao\/\",\"url\":\"https:\/\/www.satinal.it\/pt-pt\/missao-valores-visao\/\",\"name\":\"Miss\u00e3o, Valores, Vis\u00e3o - SATINAL\",\"isPartOf\":{\"@id\":\"https:\/\/www.satinal.it\/pt-pt\/#website\"},\"datePublished\":\"2020-12-15T13:00:04+00:00\",\"dateModified\":\"2026-01-29T08:19:56+00:00\",\"description\":\"Somos uma empresa italiana voltada para a inova\u00e7\u00e3o, operando em todo o mundo para fornecer solu\u00e7\u00f5es avan\u00e7adas para a ind\u00fastria do vidro.\",\"breadcrumb\":{\"@id\":\"https:\/\/www.satinal.it\/pt-pt\/missao-valores-visao\/#breadcrumb\"},\"inLanguage\":\"pt-PT\",\"potentialAction\":[{\"@type\":\"ReadAction\",\"target\":[\"https:\/\/www.satinal.it\/pt-pt\/missao-valores-visao\/\"]}]},{\"@type\":\"BreadcrumbList\",\"@id\":\"https:\/\/www.satinal.it\/pt-pt\/missao-valores-visao\/#breadcrumb\",\"itemListElement\":[{\"@type\":\"ListItem\",\"position\":1,\"name\":\"Home\",\"item\":\"https:\/\/www.satinal.it\/pt-pt\/\"},{\"@type\":\"ListItem\",\"position\":2,\"name\":\"Miss\u00e3o | Valores | Vis\u00e3o\"}]},{\"@type\":\"WebSite\",\"@id\":\"https:\/\/www.satinal.it\/pt-pt\/#website\",\"url\":\"https:\/\/www.satinal.it\/pt-pt\/\",\"name\":\"Satinal\",\"description\":\"Competent in glass\",\"publisher\":{\"@id\":\"https:\/\/www.satinal.it\/pt-pt\/#organization\"},\"potentialAction\":[{\"@type\":\"SearchAction\",\"target\":{\"@type\":\"EntryPoint\",\"urlTemplate\":\"https:\/\/www.satinal.it\/pt-pt\/?s={search_term_string}\"},\"query-input\":{\"@type\":\"PropertyValueSpecification\",\"valueRequired\":true,\"valueName\":\"search_term_string\"}}],\"inLanguage\":\"pt-PT\"},{\"@type\":\"Organization\",\"@id\":\"https:\/\/www.satinal.it\/pt-pt\/#organization\",\"name\":\"SATINAL SPA\",\"url\":\"https:\/\/www.satinal.it\/pt-pt\/\",\"logo\":{\"@type\":\"ImageObject\",\"inLanguage\":\"pt-PT\",\"@id\":\"https:\/\/www.satinal.it\/pt-pt\/#\/schema\/logo\/image\/\",\"url\":\"https:\/\/www.satinal.it\/wp-content\/uploads\/2020\/11\/Satinal-logo-mission.png\",\"contentUrl\":\"https:\/\/www.satinal.it\/wp-content\/uploads\/2020\/11\/Satinal-logo-mission.png\",\"width\":210,\"height\":81,\"caption\":\"SATINAL SPA\"},\"image\":{\"@id\":\"https:\/\/www.satinal.it\/pt-pt\/#\/schema\/logo\/image\/\"}}]}<\/script>\n<!-- \/ Yoast SEO plugin. -->","yoast_head_json":{"title":"Miss\u00e3o, Valores, Vis\u00e3o - SATINAL","description":"Somos uma empresa italiana voltada para a inova\u00e7\u00e3o, operando em todo o mundo para fornecer solu\u00e7\u00f5es avan\u00e7adas para a ind\u00fastria do vidro.","robots":{"index":"index","follow":"follow","max-snippet":"max-snippet:-1","max-image-preview":"max-image-preview:large","max-video-preview":"max-video-preview:-1"},"canonical":"https:\/\/www.satinal.it\/pt-pt\/missao-valores-visao\/","og_locale":"pt_PT","og_type":"article","og_title":"Miss\u00e3o, Valores, Vis\u00e3o - SATINAL","og_description":"Somos uma empresa italiana voltada para a inova\u00e7\u00e3o, operando em todo o mundo para fornecer solu\u00e7\u00f5es avan\u00e7adas para a ind\u00fastria do vidro.","og_url":"https:\/\/www.satinal.it\/pt-pt\/missao-valores-visao\/","og_site_name":"Satinal","article_modified_time":"2026-01-29T08:19:56+00:00","twitter_card":"summary_large_image","twitter_misc":{"Tempo estimado de leitura":"19 minutos"},"schema":{"@context":"https:\/\/schema.org","@graph":[{"@type":"WebPage","@id":"https:\/\/www.satinal.it\/pt-pt\/missao-valores-visao\/","url":"https:\/\/www.satinal.it\/pt-pt\/missao-valores-visao\/","name":"Miss\u00e3o, Valores, Vis\u00e3o - SATINAL","isPartOf":{"@id":"https:\/\/www.satinal.it\/pt-pt\/#website"},"datePublished":"2020-12-15T13:00:04+00:00","dateModified":"2026-01-29T08:19:56+00:00","description":"Somos uma empresa italiana voltada para a inova\u00e7\u00e3o, operando em todo o mundo para fornecer solu\u00e7\u00f5es avan\u00e7adas para a ind\u00fastria do vidro.","breadcrumb":{"@id":"https:\/\/www.satinal.it\/pt-pt\/missao-valores-visao\/#breadcrumb"},"inLanguage":"pt-PT","potentialAction":[{"@type":"ReadAction","target":["https:\/\/www.satinal.it\/pt-pt\/missao-valores-visao\/"]}]},{"@type":"BreadcrumbList","@id":"https:\/\/www.satinal.it\/pt-pt\/missao-valores-visao\/#breadcrumb","itemListElement":[{"@type":"ListItem","position":1,"name":"Home","item":"https:\/\/www.satinal.it\/pt-pt\/"},{"@type":"ListItem","position":2,"name":"Miss\u00e3o | Valores | Vis\u00e3o"}]},{"@type":"WebSite","@id":"https:\/\/www.satinal.it\/pt-pt\/#website","url":"https:\/\/www.satinal.it\/pt-pt\/","name":"Satinal","description":"Competent in glass","publisher":{"@id":"https:\/\/www.satinal.it\/pt-pt\/#organization"},"potentialAction":[{"@type":"SearchAction","target":{"@type":"EntryPoint","urlTemplate":"https:\/\/www.satinal.it\/pt-pt\/?s={search_term_string}"},"query-input":{"@type":"PropertyValueSpecification","valueRequired":true,"valueName":"search_term_string"}}],"inLanguage":"pt-PT"},{"@type":"Organization","@id":"https:\/\/www.satinal.it\/pt-pt\/#organization","name":"SATINAL SPA","url":"https:\/\/www.satinal.it\/pt-pt\/","logo":{"@type":"ImageObject","inLanguage":"pt-PT","@id":"https:\/\/www.satinal.it\/pt-pt\/#\/schema\/logo\/image\/","url":"https:\/\/www.satinal.it\/wp-content\/uploads\/2020\/11\/Satinal-logo-mission.png","contentUrl":"https:\/\/www.satinal.it\/wp-content\/uploads\/2020\/11\/Satinal-logo-mission.png","width":210,"height":81,"caption":"SATINAL SPA"},"image":{"@id":"https:\/\/www.satinal.it\/pt-pt\/#\/schema\/logo\/image\/"}}]}},"_links":{"self":[{"href":"https:\/\/www.satinal.it\/pt-pt\/wp-json\/wp\/v2\/pages\/16410","targetHints":{"allow":["GET"]}}],"collection":[{"href":"https:\/\/www.satinal.it\/pt-pt\/wp-json\/wp\/v2\/pages"}],"about":[{"href":"https:\/\/www.satinal.it\/pt-pt\/wp-json\/wp\/v2\/types\/page"}],"author":[{"embeddable":true,"href":"https:\/\/www.satinal.it\/pt-pt\/wp-json\/wp\/v2\/users\/7"}],"replies":[{"embeddable":true,"href":"https:\/\/www.satinal.it\/pt-pt\/wp-json\/wp\/v2\/comments?post=16410"}],"version-history":[{"count":1,"href":"https:\/\/www.satinal.it\/pt-pt\/wp-json\/wp\/v2\/pages\/16410\/revisions"}],"predecessor-version":[{"id":24077,"href":"https:\/\/www.satinal.it\/pt-pt\/wp-json\/wp\/v2\/pages\/16410\/revisions\/24077"}],"wp:attachment":[{"href":"https:\/\/www.satinal.it\/pt-pt\/wp-json\/wp\/v2\/media?parent=16410"}],"curies":[{"name":"wp","href":"https:\/\/api.w.org\/{rel}","templated":true}]}}