{"id":16465,"date":"2020-09-22T11:11:45","date_gmt":"2020-09-22T11:11:45","guid":{"rendered":"https:\/\/www.satinal.it\/shop\/sem%20categoria\/thermal-green-tape\/"},"modified":"2021-06-29T13:27:31","modified_gmt":"2021-06-29T13:27:31","slug":"fita-adesiva-verde-microperfurada","status":"publish","type":"product","link":"https:\/\/www.satinal.it\/pt-pt\/shop\/acessorios-e-pecas-sobressalentes\/fita-adesiva-verde-microperfurada\/","title":{"rendered":"Fita adesiva verde microperfurada"},"content":{"rendered":"","protected":false},"excerpt":{"rendered":"<p>Fita de poli\u00e9ster verde transparente com adesivo de silicone adequado para temperaturas elevadas de 180\u00b0C\/200\u00b0C.<br \/>\n\u00datil para selar as bordas do vidro laminado antes da lamina\u00e7\u00e3o. Tamanhos dispon\u00edveis:<\/p>\n<ul>\n<li>h 30 mm x 66 ml<\/li>\n<li>h 40 mm x 66 ml<\/li>\n<li>h 50 mm x 66 ml<\/li>\n<\/ul>\n","protected":false},"featured_media":7931,"template":"","meta":[],"product_brand":[],"product_cat":[756],"product_tag":[],"class_list":{"0":"post-16465","1":"product","2":"type-product","3":"status-publish","4":"has-post-thumbnail","6":"product_cat-acessorios-e-pecas-sobressalentes","8":"first","9":"instock","10":"featured","11":"shipping-taxable","12":"purchasable","13":"product-type-simple"},"yoast_head":"<!-- This site is optimized with the Yoast SEO plugin v25.7 - https:\/\/yoast.com\/wordpress\/plugins\/seo\/ -->\n<title>Fita adesiva verde microperfurada - Acess\u00f3rios SATINAL<\/title>\n<meta name=\"description\" content=\"SATINAL SpA - Fita adesiva verde microperfurada. Fita de poli\u00e9ster com adesivo de silicone adequado para temperaturas elevadas.\" \/>\n<meta name=\"robots\" content=\"index, follow, max-snippet:-1, max-image-preview:large, max-video-preview:-1\" \/>\n<link rel=\"canonical\" href=\"https:\/\/www.satinal.it\/pt-pt\/shop\/acessorios-e-pecas-sobressalentes\/fita-adesiva-verde-microperfurada\/\" \/>\n<meta property=\"og:locale\" content=\"pt_PT\" \/>\n<meta property=\"og:type\" content=\"article\" \/>\n<meta property=\"og:title\" content=\"Fita adesiva verde microperfurada - Acess\u00f3rios SATINAL\" \/>\n<meta property=\"og:description\" content=\"SATINAL SpA - Fita adesiva verde microperfurada. Fita de poli\u00e9ster com adesivo de silicone adequado para temperaturas elevadas.\" \/>\n<meta property=\"og:url\" content=\"https:\/\/www.satinal.it\/pt-pt\/shop\/acessorios-e-pecas-sobressalentes\/fita-adesiva-verde-microperfurada\/\" \/>\n<meta property=\"og:site_name\" content=\"Satinal\" \/>\n<meta property=\"article:modified_time\" content=\"2021-06-29T13:27:31+00:00\" \/>\n<meta property=\"og:image\" content=\"https:\/\/www.satinal.it\/wp-content\/uploads\/2020\/09\/Thermal-green-tape.jpg\" \/>\n\t<meta property=\"og:image:width\" content=\"1200\" \/>\n\t<meta property=\"og:image:height\" content=\"1200\" \/>\n\t<meta property=\"og:image:type\" content=\"image\/jpeg\" \/>\n<meta name=\"twitter:card\" content=\"summary_large_image\" \/>\n<script type=\"application\/ld+json\" class=\"yoast-schema-graph\">{\"@context\":\"https:\/\/schema.org\",\"@graph\":[{\"@type\":\"WebPage\",\"@id\":\"https:\/\/www.satinal.it\/pt-pt\/shop\/acessorios-e-pecas-sobressalentes\/fita-adesiva-verde-microperfurada\/\",\"url\":\"https:\/\/www.satinal.it\/pt-pt\/shop\/acessorios-e-pecas-sobressalentes\/fita-adesiva-verde-microperfurada\/\",\"name\":\"Fita adesiva verde microperfurada - Acess\u00f3rios SATINAL\",\"isPartOf\":{\"@id\":\"https:\/\/www.satinal.it\/pt-pt\/#website\"},\"primaryImageOfPage\":{\"@id\":\"https:\/\/www.satinal.it\/pt-pt\/shop\/acessorios-e-pecas-sobressalentes\/fita-adesiva-verde-microperfurada\/#primaryimage\"},\"image\":{\"@id\":\"https:\/\/www.satinal.it\/pt-pt\/shop\/acessorios-e-pecas-sobressalentes\/fita-adesiva-verde-microperfurada\/#primaryimage\"},\"thumbnailUrl\":\"https:\/\/www.satinal.it\/wp-content\/uploads\/2020\/09\/Thermal-green-tape.jpg\",\"datePublished\":\"2020-09-22T11:11:45+00:00\",\"dateModified\":\"2021-06-29T13:27:31+00:00\",\"description\":\"SATINAL SpA - Fita adesiva verde microperfurada. Fita de poli\u00e9ster com adesivo de silicone adequado para temperaturas elevadas.\",\"breadcrumb\":{\"@id\":\"https:\/\/www.satinal.it\/pt-pt\/shop\/acessorios-e-pecas-sobressalentes\/fita-adesiva-verde-microperfurada\/#breadcrumb\"},\"inLanguage\":\"pt-PT\",\"potentialAction\":[{\"@type\":\"ReadAction\",\"target\":[\"https:\/\/www.satinal.it\/pt-pt\/shop\/acessorios-e-pecas-sobressalentes\/fita-adesiva-verde-microperfurada\/\"]}]},{\"@type\":\"ImageObject\",\"inLanguage\":\"pt-PT\",\"@id\":\"https:\/\/www.satinal.it\/pt-pt\/shop\/acessorios-e-pecas-sobressalentes\/fita-adesiva-verde-microperfurada\/#primaryimage\",\"url\":\"https:\/\/www.satinal.it\/wp-content\/uploads\/2020\/09\/Thermal-green-tape.jpg\",\"contentUrl\":\"https:\/\/www.satinal.it\/wp-content\/uploads\/2020\/09\/Thermal-green-tape.jpg\",\"width\":1200,\"height\":1200,\"caption\":\"SATINAL Nastro adesivo microforato verde\"},{\"@type\":\"BreadcrumbList\",\"@id\":\"https:\/\/www.satinal.it\/pt-pt\/shop\/acessorios-e-pecas-sobressalentes\/fita-adesiva-verde-microperfurada\/#breadcrumb\",\"itemListElement\":[{\"@type\":\"ListItem\",\"position\":1,\"name\":\"Home\",\"item\":\"https:\/\/www.satinal.it\/pt-pt\/\"},{\"@type\":\"ListItem\",\"position\":2,\"name\":\"Shop\",\"item\":\"https:\/\/www.satinal.it\/pt-pt\/shop\/\"},{\"@type\":\"ListItem\",\"position\":3,\"name\":\"Fita adesiva verde microperfurada\"}]},{\"@type\":\"WebSite\",\"@id\":\"https:\/\/www.satinal.it\/pt-pt\/#website\",\"url\":\"https:\/\/www.satinal.it\/pt-pt\/\",\"name\":\"Satinal\",\"description\":\"Competent in glass\",\"publisher\":{\"@id\":\"https:\/\/www.satinal.it\/pt-pt\/#organization\"},\"potentialAction\":[{\"@type\":\"SearchAction\",\"target\":{\"@type\":\"EntryPoint\",\"urlTemplate\":\"https:\/\/www.satinal.it\/pt-pt\/?s={search_term_string}\"},\"query-input\":{\"@type\":\"PropertyValueSpecification\",\"valueRequired\":true,\"valueName\":\"search_term_string\"}}],\"inLanguage\":\"pt-PT\"},{\"@type\":\"Organization\",\"@id\":\"https:\/\/www.satinal.it\/pt-pt\/#organization\",\"name\":\"SATINAL SPA\",\"url\":\"https:\/\/www.satinal.it\/pt-pt\/\",\"logo\":{\"@type\":\"ImageObject\",\"inLanguage\":\"pt-PT\",\"@id\":\"https:\/\/www.satinal.it\/pt-pt\/#\/schema\/logo\/image\/\",\"url\":\"https:\/\/www.satinal.it\/wp-content\/uploads\/2020\/11\/Satinal-logo-mission.png\",\"contentUrl\":\"https:\/\/www.satinal.it\/wp-content\/uploads\/2020\/11\/Satinal-logo-mission.png\",\"width\":210,\"height\":81,\"caption\":\"SATINAL SPA\"},\"image\":{\"@id\":\"https:\/\/www.satinal.it\/pt-pt\/#\/schema\/logo\/image\/\"}}]}<\/script>\n<!-- \/ Yoast SEO plugin. -->","yoast_head_json":{"title":"Fita adesiva verde microperfurada - Acess\u00f3rios SATINAL","description":"SATINAL SpA - Fita adesiva verde microperfurada. Fita de poli\u00e9ster com adesivo de silicone adequado para temperaturas elevadas.","robots":{"index":"index","follow":"follow","max-snippet":"max-snippet:-1","max-image-preview":"max-image-preview:large","max-video-preview":"max-video-preview:-1"},"canonical":"https:\/\/www.satinal.it\/pt-pt\/shop\/acessorios-e-pecas-sobressalentes\/fita-adesiva-verde-microperfurada\/","og_locale":"pt_PT","og_type":"article","og_title":"Fita adesiva verde microperfurada - Acess\u00f3rios SATINAL","og_description":"SATINAL SpA - Fita adesiva verde microperfurada. Fita de poli\u00e9ster com adesivo de silicone adequado para temperaturas elevadas.","og_url":"https:\/\/www.satinal.it\/pt-pt\/shop\/acessorios-e-pecas-sobressalentes\/fita-adesiva-verde-microperfurada\/","og_site_name":"Satinal","article_modified_time":"2021-06-29T13:27:31+00:00","og_image":[{"width":1200,"height":1200,"url":"https:\/\/www.satinal.it\/wp-content\/uploads\/2020\/09\/Thermal-green-tape.jpg","type":"image\/jpeg"}],"twitter_card":"summary_large_image","schema":{"@context":"https:\/\/schema.org","@graph":[{"@type":"WebPage","@id":"https:\/\/www.satinal.it\/pt-pt\/shop\/acessorios-e-pecas-sobressalentes\/fita-adesiva-verde-microperfurada\/","url":"https:\/\/www.satinal.it\/pt-pt\/shop\/acessorios-e-pecas-sobressalentes\/fita-adesiva-verde-microperfurada\/","name":"Fita adesiva verde microperfurada - Acess\u00f3rios SATINAL","isPartOf":{"@id":"https:\/\/www.satinal.it\/pt-pt\/#website"},"primaryImageOfPage":{"@id":"https:\/\/www.satinal.it\/pt-pt\/shop\/acessorios-e-pecas-sobressalentes\/fita-adesiva-verde-microperfurada\/#primaryimage"},"image":{"@id":"https:\/\/www.satinal.it\/pt-pt\/shop\/acessorios-e-pecas-sobressalentes\/fita-adesiva-verde-microperfurada\/#primaryimage"},"thumbnailUrl":"https:\/\/www.satinal.it\/wp-content\/uploads\/2020\/09\/Thermal-green-tape.jpg","datePublished":"2020-09-22T11:11:45+00:00","dateModified":"2021-06-29T13:27:31+00:00","description":"SATINAL SpA - Fita adesiva verde microperfurada. Fita de poli\u00e9ster com adesivo de silicone adequado para temperaturas elevadas.","breadcrumb":{"@id":"https:\/\/www.satinal.it\/pt-pt\/shop\/acessorios-e-pecas-sobressalentes\/fita-adesiva-verde-microperfurada\/#breadcrumb"},"inLanguage":"pt-PT","potentialAction":[{"@type":"ReadAction","target":["https:\/\/www.satinal.it\/pt-pt\/shop\/acessorios-e-pecas-sobressalentes\/fita-adesiva-verde-microperfurada\/"]}]},{"@type":"ImageObject","inLanguage":"pt-PT","@id":"https:\/\/www.satinal.it\/pt-pt\/shop\/acessorios-e-pecas-sobressalentes\/fita-adesiva-verde-microperfurada\/#primaryimage","url":"https:\/\/www.satinal.it\/wp-content\/uploads\/2020\/09\/Thermal-green-tape.jpg","contentUrl":"https:\/\/www.satinal.it\/wp-content\/uploads\/2020\/09\/Thermal-green-tape.jpg","width":1200,"height":1200,"caption":"SATINAL Nastro adesivo microforato verde"},{"@type":"BreadcrumbList","@id":"https:\/\/www.satinal.it\/pt-pt\/shop\/acessorios-e-pecas-sobressalentes\/fita-adesiva-verde-microperfurada\/#breadcrumb","itemListElement":[{"@type":"ListItem","position":1,"name":"Home","item":"https:\/\/www.satinal.it\/pt-pt\/"},{"@type":"ListItem","position":2,"name":"Shop","item":"https:\/\/www.satinal.it\/pt-pt\/shop\/"},{"@type":"ListItem","position":3,"name":"Fita adesiva verde microperfurada"}]},{"@type":"WebSite","@id":"https:\/\/www.satinal.it\/pt-pt\/#website","url":"https:\/\/www.satinal.it\/pt-pt\/","name":"Satinal","description":"Competent in glass","publisher":{"@id":"https:\/\/www.satinal.it\/pt-pt\/#organization"},"potentialAction":[{"@type":"SearchAction","target":{"@type":"EntryPoint","urlTemplate":"https:\/\/www.satinal.it\/pt-pt\/?s={search_term_string}"},"query-input":{"@type":"PropertyValueSpecification","valueRequired":true,"valueName":"search_term_string"}}],"inLanguage":"pt-PT"},{"@type":"Organization","@id":"https:\/\/www.satinal.it\/pt-pt\/#organization","name":"SATINAL SPA","url":"https:\/\/www.satinal.it\/pt-pt\/","logo":{"@type":"ImageObject","inLanguage":"pt-PT","@id":"https:\/\/www.satinal.it\/pt-pt\/#\/schema\/logo\/image\/","url":"https:\/\/www.satinal.it\/wp-content\/uploads\/2020\/11\/Satinal-logo-mission.png","contentUrl":"https:\/\/www.satinal.it\/wp-content\/uploads\/2020\/11\/Satinal-logo-mission.png","width":210,"height":81,"caption":"SATINAL SPA"},"image":{"@id":"https:\/\/www.satinal.it\/pt-pt\/#\/schema\/logo\/image\/"}}]}},"_links":{"self":[{"href":"https:\/\/www.satinal.it\/pt-pt\/wp-json\/wp\/v2\/product\/16465","targetHints":{"allow":["GET"]}}],"collection":[{"href":"https:\/\/www.satinal.it\/pt-pt\/wp-json\/wp\/v2\/product"}],"about":[{"href":"https:\/\/www.satinal.it\/pt-pt\/wp-json\/wp\/v2\/types\/product"}],"wp:featuredmedia":[{"embeddable":true,"href":"https:\/\/www.satinal.it\/pt-pt\/wp-json\/wp\/v2\/media\/7931"}],"wp:attachment":[{"href":"https:\/\/www.satinal.it\/pt-pt\/wp-json\/wp\/v2\/media?parent=16465"}],"wp:term":[{"taxonomy":"product_brand","embeddable":true,"href":"https:\/\/www.satinal.it\/pt-pt\/wp-json\/wp\/v2\/product_brand?post=16465"},{"taxonomy":"product_cat","embeddable":true,"href":"https:\/\/www.satinal.it\/pt-pt\/wp-json\/wp\/v2\/product_cat?post=16465"},{"taxonomy":"product_tag","embeddable":true,"href":"https:\/\/www.satinal.it\/pt-pt\/wp-json\/wp\/v2\/product_tag?post=16465"}],"curies":[{"name":"wp","href":"https:\/\/api.w.org\/{rel}","templated":true}]}}