{"id":16495,"date":"2020-11-10T11:35:48","date_gmt":"2020-11-10T11:35:48","guid":{"rendered":"https:\/\/www.satinal.it\/shop\/sem%20categoria\/4-channel-thermometer\/"},"modified":"2021-06-29T12:49:49","modified_gmt":"2021-06-29T12:49:49","slug":"termometro-de-4-canais","status":"publish","type":"product","link":"https:\/\/www.satinal.it\/pt-pt\/shop\/dispositivos\/termometro-de-4-canais\/","title":{"rendered":"Term\u00f4metro de 4 canais"},"content":{"rendered":"","protected":false},"excerpt":{"rendered":"<p>Este term\u00f4metro \u00e9 utilizado para calibrar fornos de lamina\u00e7\u00e3o e pode medir at\u00e9 4 temperaturas diferentes ao mesmo tempo.<\/p>\n<p>Especifica\u00e7\u00f5es t\u00e9cnicas:<\/p>\n<ul>\n<li>Sonda de temperatura: termopar do tipo K<\/li>\n<li>Comprimento dos termopares: at\u00e9 5 m<\/li>\n<li>Fonte de alimenta\u00e7\u00e3o: 9 V<\/li>\n<\/ul>\n","protected":false},"featured_media":7827,"template":"","meta":[],"product_brand":[],"product_cat":[808],"product_tag":[],"class_list":{"0":"post-16495","1":"product","2":"type-product","3":"status-publish","4":"has-post-thumbnail","6":"product_cat-dispositivos","8":"first","9":"instock","10":"featured","11":"shipping-taxable","12":"purchasable","13":"product-type-simple"},"yoast_head":"<!-- This site is optimized with the Yoast SEO plugin v25.7 - https:\/\/yoast.com\/wordpress\/plugins\/seo\/ -->\n<title>Term\u00f4metro de 4 canais - Dispositivos SATINAL<\/title>\n<meta name=\"description\" content=\"SATINAL SpA - Term\u00f4metro de 4 canais. Para calibrar fornos de lamina\u00e7\u00e3o e pode medir at\u00e9 4 temperaturas diferentes ao mesmo tempo.\" \/>\n<meta name=\"robots\" content=\"index, follow, max-snippet:-1, max-image-preview:large, max-video-preview:-1\" \/>\n<link rel=\"canonical\" href=\"https:\/\/www.satinal.it\/pt-pt\/shop\/dispositivos\/termometro-de-4-canais\/\" \/>\n<meta property=\"og:locale\" content=\"pt_PT\" \/>\n<meta property=\"og:type\" content=\"article\" \/>\n<meta property=\"og:title\" content=\"Term\u00f4metro de 4 canais - Dispositivos SATINAL\" \/>\n<meta property=\"og:description\" content=\"SATINAL SpA - Term\u00f4metro de 4 canais. Para calibrar fornos de lamina\u00e7\u00e3o e pode medir at\u00e9 4 temperaturas diferentes ao mesmo tempo.\" \/>\n<meta property=\"og:url\" content=\"https:\/\/www.satinal.it\/pt-pt\/shop\/dispositivos\/termometro-de-4-canais\/\" \/>\n<meta property=\"og:site_name\" content=\"Satinal\" \/>\n<meta property=\"article:modified_time\" content=\"2021-06-29T12:49:49+00:00\" \/>\n<meta property=\"og:image\" content=\"https:\/\/www.satinal.it\/wp-content\/uploads\/2020\/11\/Channel-Thermometer.jpg\" \/>\n\t<meta property=\"og:image:width\" content=\"1200\" \/>\n\t<meta property=\"og:image:height\" content=\"1200\" \/>\n\t<meta property=\"og:image:type\" content=\"image\/jpeg\" \/>\n<meta name=\"twitter:card\" content=\"summary_large_image\" \/>\n<script type=\"application\/ld+json\" class=\"yoast-schema-graph\">{\"@context\":\"https:\/\/schema.org\",\"@graph\":[{\"@type\":\"WebPage\",\"@id\":\"https:\/\/www.satinal.it\/pt-pt\/shop\/dispositivos\/termometro-de-4-canais\/\",\"url\":\"https:\/\/www.satinal.it\/pt-pt\/shop\/dispositivos\/termometro-de-4-canais\/\",\"name\":\"Term\u00f4metro de 4 canais - Dispositivos SATINAL\",\"isPartOf\":{\"@id\":\"https:\/\/www.satinal.it\/pt-pt\/#website\"},\"primaryImageOfPage\":{\"@id\":\"https:\/\/www.satinal.it\/pt-pt\/shop\/dispositivos\/termometro-de-4-canais\/#primaryimage\"},\"image\":{\"@id\":\"https:\/\/www.satinal.it\/pt-pt\/shop\/dispositivos\/termometro-de-4-canais\/#primaryimage\"},\"thumbnailUrl\":\"https:\/\/www.satinal.it\/wp-content\/uploads\/2020\/11\/Channel-Thermometer.jpg\",\"datePublished\":\"2020-11-10T11:35:48+00:00\",\"dateModified\":\"2021-06-29T12:49:49+00:00\",\"description\":\"SATINAL SpA - Term\u00f4metro de 4 canais. Para calibrar fornos de lamina\u00e7\u00e3o e pode medir at\u00e9 4 temperaturas diferentes ao mesmo tempo.\",\"breadcrumb\":{\"@id\":\"https:\/\/www.satinal.it\/pt-pt\/shop\/dispositivos\/termometro-de-4-canais\/#breadcrumb\"},\"inLanguage\":\"pt-PT\",\"potentialAction\":[{\"@type\":\"ReadAction\",\"target\":[\"https:\/\/www.satinal.it\/pt-pt\/shop\/dispositivos\/termometro-de-4-canais\/\"]}]},{\"@type\":\"ImageObject\",\"inLanguage\":\"pt-PT\",\"@id\":\"https:\/\/www.satinal.it\/pt-pt\/shop\/dispositivos\/termometro-de-4-canais\/#primaryimage\",\"url\":\"https:\/\/www.satinal.it\/wp-content\/uploads\/2020\/11\/Channel-Thermometer.jpg\",\"contentUrl\":\"https:\/\/www.satinal.it\/wp-content\/uploads\/2020\/11\/Channel-Thermometer.jpg\",\"width\":1200,\"height\":1200,\"caption\":\"SATINAL Channel Thermometer\"},{\"@type\":\"BreadcrumbList\",\"@id\":\"https:\/\/www.satinal.it\/pt-pt\/shop\/dispositivos\/termometro-de-4-canais\/#breadcrumb\",\"itemListElement\":[{\"@type\":\"ListItem\",\"position\":1,\"name\":\"Home\",\"item\":\"https:\/\/www.satinal.it\/pt-pt\/\"},{\"@type\":\"ListItem\",\"position\":2,\"name\":\"Shop\",\"item\":\"https:\/\/www.satinal.it\/pt-pt\/shop\/\"},{\"@type\":\"ListItem\",\"position\":3,\"name\":\"Term\u00f4metro de 4 canais\"}]},{\"@type\":\"WebSite\",\"@id\":\"https:\/\/www.satinal.it\/pt-pt\/#website\",\"url\":\"https:\/\/www.satinal.it\/pt-pt\/\",\"name\":\"Satinal\",\"description\":\"Competent in glass\",\"publisher\":{\"@id\":\"https:\/\/www.satinal.it\/pt-pt\/#organization\"},\"potentialAction\":[{\"@type\":\"SearchAction\",\"target\":{\"@type\":\"EntryPoint\",\"urlTemplate\":\"https:\/\/www.satinal.it\/pt-pt\/?s={search_term_string}\"},\"query-input\":{\"@type\":\"PropertyValueSpecification\",\"valueRequired\":true,\"valueName\":\"search_term_string\"}}],\"inLanguage\":\"pt-PT\"},{\"@type\":\"Organization\",\"@id\":\"https:\/\/www.satinal.it\/pt-pt\/#organization\",\"name\":\"SATINAL SPA\",\"url\":\"https:\/\/www.satinal.it\/pt-pt\/\",\"logo\":{\"@type\":\"ImageObject\",\"inLanguage\":\"pt-PT\",\"@id\":\"https:\/\/www.satinal.it\/pt-pt\/#\/schema\/logo\/image\/\",\"url\":\"https:\/\/www.satinal.it\/wp-content\/uploads\/2020\/11\/Satinal-logo-mission.png\",\"contentUrl\":\"https:\/\/www.satinal.it\/wp-content\/uploads\/2020\/11\/Satinal-logo-mission.png\",\"width\":210,\"height\":81,\"caption\":\"SATINAL SPA\"},\"image\":{\"@id\":\"https:\/\/www.satinal.it\/pt-pt\/#\/schema\/logo\/image\/\"}}]}<\/script>\n<!-- \/ Yoast SEO plugin. -->","yoast_head_json":{"title":"Term\u00f4metro de 4 canais - Dispositivos SATINAL","description":"SATINAL SpA - Term\u00f4metro de 4 canais. Para calibrar fornos de lamina\u00e7\u00e3o e pode medir at\u00e9 4 temperaturas diferentes ao mesmo tempo.","robots":{"index":"index","follow":"follow","max-snippet":"max-snippet:-1","max-image-preview":"max-image-preview:large","max-video-preview":"max-video-preview:-1"},"canonical":"https:\/\/www.satinal.it\/pt-pt\/shop\/dispositivos\/termometro-de-4-canais\/","og_locale":"pt_PT","og_type":"article","og_title":"Term\u00f4metro de 4 canais - Dispositivos SATINAL","og_description":"SATINAL SpA - Term\u00f4metro de 4 canais. Para calibrar fornos de lamina\u00e7\u00e3o e pode medir at\u00e9 4 temperaturas diferentes ao mesmo tempo.","og_url":"https:\/\/www.satinal.it\/pt-pt\/shop\/dispositivos\/termometro-de-4-canais\/","og_site_name":"Satinal","article_modified_time":"2021-06-29T12:49:49+00:00","og_image":[{"width":1200,"height":1200,"url":"https:\/\/www.satinal.it\/wp-content\/uploads\/2020\/11\/Channel-Thermometer.jpg","type":"image\/jpeg"}],"twitter_card":"summary_large_image","schema":{"@context":"https:\/\/schema.org","@graph":[{"@type":"WebPage","@id":"https:\/\/www.satinal.it\/pt-pt\/shop\/dispositivos\/termometro-de-4-canais\/","url":"https:\/\/www.satinal.it\/pt-pt\/shop\/dispositivos\/termometro-de-4-canais\/","name":"Term\u00f4metro de 4 canais - Dispositivos SATINAL","isPartOf":{"@id":"https:\/\/www.satinal.it\/pt-pt\/#website"},"primaryImageOfPage":{"@id":"https:\/\/www.satinal.it\/pt-pt\/shop\/dispositivos\/termometro-de-4-canais\/#primaryimage"},"image":{"@id":"https:\/\/www.satinal.it\/pt-pt\/shop\/dispositivos\/termometro-de-4-canais\/#primaryimage"},"thumbnailUrl":"https:\/\/www.satinal.it\/wp-content\/uploads\/2020\/11\/Channel-Thermometer.jpg","datePublished":"2020-11-10T11:35:48+00:00","dateModified":"2021-06-29T12:49:49+00:00","description":"SATINAL SpA - Term\u00f4metro de 4 canais. Para calibrar fornos de lamina\u00e7\u00e3o e pode medir at\u00e9 4 temperaturas diferentes ao mesmo tempo.","breadcrumb":{"@id":"https:\/\/www.satinal.it\/pt-pt\/shop\/dispositivos\/termometro-de-4-canais\/#breadcrumb"},"inLanguage":"pt-PT","potentialAction":[{"@type":"ReadAction","target":["https:\/\/www.satinal.it\/pt-pt\/shop\/dispositivos\/termometro-de-4-canais\/"]}]},{"@type":"ImageObject","inLanguage":"pt-PT","@id":"https:\/\/www.satinal.it\/pt-pt\/shop\/dispositivos\/termometro-de-4-canais\/#primaryimage","url":"https:\/\/www.satinal.it\/wp-content\/uploads\/2020\/11\/Channel-Thermometer.jpg","contentUrl":"https:\/\/www.satinal.it\/wp-content\/uploads\/2020\/11\/Channel-Thermometer.jpg","width":1200,"height":1200,"caption":"SATINAL Channel Thermometer"},{"@type":"BreadcrumbList","@id":"https:\/\/www.satinal.it\/pt-pt\/shop\/dispositivos\/termometro-de-4-canais\/#breadcrumb","itemListElement":[{"@type":"ListItem","position":1,"name":"Home","item":"https:\/\/www.satinal.it\/pt-pt\/"},{"@type":"ListItem","position":2,"name":"Shop","item":"https:\/\/www.satinal.it\/pt-pt\/shop\/"},{"@type":"ListItem","position":3,"name":"Term\u00f4metro de 4 canais"}]},{"@type":"WebSite","@id":"https:\/\/www.satinal.it\/pt-pt\/#website","url":"https:\/\/www.satinal.it\/pt-pt\/","name":"Satinal","description":"Competent in glass","publisher":{"@id":"https:\/\/www.satinal.it\/pt-pt\/#organization"},"potentialAction":[{"@type":"SearchAction","target":{"@type":"EntryPoint","urlTemplate":"https:\/\/www.satinal.it\/pt-pt\/?s={search_term_string}"},"query-input":{"@type":"PropertyValueSpecification","valueRequired":true,"valueName":"search_term_string"}}],"inLanguage":"pt-PT"},{"@type":"Organization","@id":"https:\/\/www.satinal.it\/pt-pt\/#organization","name":"SATINAL SPA","url":"https:\/\/www.satinal.it\/pt-pt\/","logo":{"@type":"ImageObject","inLanguage":"pt-PT","@id":"https:\/\/www.satinal.it\/pt-pt\/#\/schema\/logo\/image\/","url":"https:\/\/www.satinal.it\/wp-content\/uploads\/2020\/11\/Satinal-logo-mission.png","contentUrl":"https:\/\/www.satinal.it\/wp-content\/uploads\/2020\/11\/Satinal-logo-mission.png","width":210,"height":81,"caption":"SATINAL SPA"},"image":{"@id":"https:\/\/www.satinal.it\/pt-pt\/#\/schema\/logo\/image\/"}}]}},"_links":{"self":[{"href":"https:\/\/www.satinal.it\/pt-pt\/wp-json\/wp\/v2\/product\/16495","targetHints":{"allow":["GET"]}}],"collection":[{"href":"https:\/\/www.satinal.it\/pt-pt\/wp-json\/wp\/v2\/product"}],"about":[{"href":"https:\/\/www.satinal.it\/pt-pt\/wp-json\/wp\/v2\/types\/product"}],"wp:featuredmedia":[{"embeddable":true,"href":"https:\/\/www.satinal.it\/pt-pt\/wp-json\/wp\/v2\/media\/7827"}],"wp:attachment":[{"href":"https:\/\/www.satinal.it\/pt-pt\/wp-json\/wp\/v2\/media?parent=16495"}],"wp:term":[{"taxonomy":"product_brand","embeddable":true,"href":"https:\/\/www.satinal.it\/pt-pt\/wp-json\/wp\/v2\/product_brand?post=16495"},{"taxonomy":"product_cat","embeddable":true,"href":"https:\/\/www.satinal.it\/pt-pt\/wp-json\/wp\/v2\/product_cat?post=16495"},{"taxonomy":"product_tag","embeddable":true,"href":"https:\/\/www.satinal.it\/pt-pt\/wp-json\/wp\/v2\/product_tag?post=16495"}],"curies":[{"name":"wp","href":"https:\/\/api.w.org\/{rel}","templated":true}]}}