{"id":16497,"date":"2020-09-22T12:11:56","date_gmt":"2020-09-22T12:11:56","guid":{"rendered":"https:\/\/www.satinal.it\/shop\/sem%20categoria\/thermal-cutter-with-4-blades-continuously-working-type\/"},"modified":"2021-06-29T12:49:57","modified_gmt":"2021-06-29T12:49:57","slug":"termocorte-eletrico-operacao-continua","status":"publish","type":"product","link":"https:\/\/www.satinal.it\/pt-pt\/shop\/dispositivos\/termocorte-eletrico-operacao-continua\/","title":{"rendered":"Termocorte el\u00e9trico com 4 l\u00e2minas Opera\u00e7\u00e3o cont\u00ednua"},"content":{"rendered":"","protected":false},"excerpt":{"rendered":"<p>Ferramenta el\u00e9trica ideal para limpar as bordas do vidro laminado dos restos de qualquer camada intermedi\u00e1ria usada. \u00c9 projetado para funcionar continuamente com o sistema de refrigera\u00e7\u00e3o de ar. Tamanho compacto, equipado com quatro l\u00e2minas diferentes que aquecem rapidamente (at\u00e9 500\u00b0C). \u00datil com alavanca de igni\u00e7\u00e3o integrada na al\u00e7a que lhe permite operar facilmente.<\/p>\n<ul>\n<li>Temperatura ajust\u00e1vel.<\/li>\n<li>L\u00e2minas que podem ser compradas separadamente.<\/li>\n<li>Completo com estojo de transporte<\/li>\n<\/ul>\n","protected":false},"featured_media":7927,"template":"","meta":[],"product_brand":[],"product_cat":[808],"product_tag":[],"class_list":{"0":"post-16497","1":"product","2":"type-product","3":"status-publish","4":"has-post-thumbnail","6":"product_cat-dispositivos","8":"first","9":"instock","10":"featured","11":"shipping-taxable","12":"purchasable","13":"product-type-simple"},"yoast_head":"<!-- This site is optimized with the Yoast SEO plugin v25.7 - https:\/\/yoast.com\/wordpress\/plugins\/seo\/ -->\n<title>Termocorte el\u00e9trico 4 l\u00e2minas Opera\u00e7\u00e3o cont\u00ednua - SATINAL<\/title>\n<meta name=\"description\" content=\"SATINAL SpA - Termocorte el\u00e9trico com 4 l\u00e2minas Opera\u00e7\u00e3o cont\u00ednua. Ideal para limpar as bordas do vidro laminado.\" \/>\n<meta name=\"robots\" content=\"index, follow, max-snippet:-1, max-image-preview:large, max-video-preview:-1\" \/>\n<link rel=\"canonical\" href=\"https:\/\/www.satinal.it\/pt-pt\/shop\/dispositivos\/termocorte-eletrico-operacao-continua\/\" \/>\n<meta property=\"og:locale\" content=\"pt_PT\" \/>\n<meta property=\"og:type\" content=\"article\" \/>\n<meta property=\"og:title\" content=\"Termocorte el\u00e9trico 4 l\u00e2minas Opera\u00e7\u00e3o cont\u00ednua - SATINAL\" \/>\n<meta property=\"og:description\" content=\"SATINAL SpA - Termocorte el\u00e9trico com 4 l\u00e2minas Opera\u00e7\u00e3o cont\u00ednua. Ideal para limpar as bordas do vidro laminado.\" \/>\n<meta property=\"og:url\" content=\"https:\/\/www.satinal.it\/pt-pt\/shop\/dispositivos\/termocorte-eletrico-operacao-continua\/\" \/>\n<meta property=\"og:site_name\" content=\"Satinal\" \/>\n<meta property=\"article:modified_time\" content=\"2021-06-29T12:49:57+00:00\" \/>\n<meta property=\"og:image\" content=\"https:\/\/www.satinal.it\/wp-content\/uploads\/2020\/09\/Thermal-cutter-4-blades-continuously-working-type.jpg\" \/>\n\t<meta property=\"og:image:width\" content=\"1200\" \/>\n\t<meta property=\"og:image:height\" content=\"1200\" \/>\n\t<meta property=\"og:image:type\" content=\"image\/jpeg\" \/>\n<meta name=\"twitter:card\" content=\"summary_large_image\" \/>\n<script type=\"application\/ld+json\" class=\"yoast-schema-graph\">{\"@context\":\"https:\/\/schema.org\",\"@graph\":[{\"@type\":\"WebPage\",\"@id\":\"https:\/\/www.satinal.it\/pt-pt\/shop\/dispositivos\/termocorte-eletrico-operacao-continua\/\",\"url\":\"https:\/\/www.satinal.it\/pt-pt\/shop\/dispositivos\/termocorte-eletrico-operacao-continua\/\",\"name\":\"Termocorte el\u00e9trico 4 l\u00e2minas Opera\u00e7\u00e3o cont\u00ednua - SATINAL\",\"isPartOf\":{\"@id\":\"https:\/\/www.satinal.it\/pt-pt\/#website\"},\"primaryImageOfPage\":{\"@id\":\"https:\/\/www.satinal.it\/pt-pt\/shop\/dispositivos\/termocorte-eletrico-operacao-continua\/#primaryimage\"},\"image\":{\"@id\":\"https:\/\/www.satinal.it\/pt-pt\/shop\/dispositivos\/termocorte-eletrico-operacao-continua\/#primaryimage\"},\"thumbnailUrl\":\"https:\/\/www.satinal.it\/wp-content\/uploads\/2020\/09\/Thermal-cutter-4-blades-continuously-working-type.jpg\",\"datePublished\":\"2020-09-22T12:11:56+00:00\",\"dateModified\":\"2021-06-29T12:49:57+00:00\",\"description\":\"SATINAL SpA - Termocorte el\u00e9trico com 4 l\u00e2minas Opera\u00e7\u00e3o cont\u00ednua. Ideal para limpar as bordas do vidro laminado.\",\"breadcrumb\":{\"@id\":\"https:\/\/www.satinal.it\/pt-pt\/shop\/dispositivos\/termocorte-eletrico-operacao-continua\/#breadcrumb\"},\"inLanguage\":\"pt-PT\",\"potentialAction\":[{\"@type\":\"ReadAction\",\"target\":[\"https:\/\/www.satinal.it\/pt-pt\/shop\/dispositivos\/termocorte-eletrico-operacao-continua\/\"]}]},{\"@type\":\"ImageObject\",\"inLanguage\":\"pt-PT\",\"@id\":\"https:\/\/www.satinal.it\/pt-pt\/shop\/dispositivos\/termocorte-eletrico-operacao-continua\/#primaryimage\",\"url\":\"https:\/\/www.satinal.it\/wp-content\/uploads\/2020\/09\/Thermal-cutter-4-blades-continuously-working-type.jpg\",\"contentUrl\":\"https:\/\/www.satinal.it\/wp-content\/uploads\/2020\/09\/Thermal-cutter-4-blades-continuously-working-type.jpg\",\"width\":1200,\"height\":1200,\"caption\":\"Thermal cutter 4 blades continuously working type\"},{\"@type\":\"BreadcrumbList\",\"@id\":\"https:\/\/www.satinal.it\/pt-pt\/shop\/dispositivos\/termocorte-eletrico-operacao-continua\/#breadcrumb\",\"itemListElement\":[{\"@type\":\"ListItem\",\"position\":1,\"name\":\"Home\",\"item\":\"https:\/\/www.satinal.it\/pt-pt\/\"},{\"@type\":\"ListItem\",\"position\":2,\"name\":\"Shop\",\"item\":\"https:\/\/www.satinal.it\/pt-pt\/shop\/\"},{\"@type\":\"ListItem\",\"position\":3,\"name\":\"Termocorte el\u00e9trico com 4 l\u00e2minas Opera\u00e7\u00e3o cont\u00ednua\"}]},{\"@type\":\"WebSite\",\"@id\":\"https:\/\/www.satinal.it\/pt-pt\/#website\",\"url\":\"https:\/\/www.satinal.it\/pt-pt\/\",\"name\":\"Satinal\",\"description\":\"Competent in glass\",\"publisher\":{\"@id\":\"https:\/\/www.satinal.it\/pt-pt\/#organization\"},\"potentialAction\":[{\"@type\":\"SearchAction\",\"target\":{\"@type\":\"EntryPoint\",\"urlTemplate\":\"https:\/\/www.satinal.it\/pt-pt\/?s={search_term_string}\"},\"query-input\":{\"@type\":\"PropertyValueSpecification\",\"valueRequired\":true,\"valueName\":\"search_term_string\"}}],\"inLanguage\":\"pt-PT\"},{\"@type\":\"Organization\",\"@id\":\"https:\/\/www.satinal.it\/pt-pt\/#organization\",\"name\":\"SATINAL SPA\",\"url\":\"https:\/\/www.satinal.it\/pt-pt\/\",\"logo\":{\"@type\":\"ImageObject\",\"inLanguage\":\"pt-PT\",\"@id\":\"https:\/\/www.satinal.it\/pt-pt\/#\/schema\/logo\/image\/\",\"url\":\"https:\/\/www.satinal.it\/wp-content\/uploads\/2020\/11\/Satinal-logo-mission.png\",\"contentUrl\":\"https:\/\/www.satinal.it\/wp-content\/uploads\/2020\/11\/Satinal-logo-mission.png\",\"width\":210,\"height\":81,\"caption\":\"SATINAL SPA\"},\"image\":{\"@id\":\"https:\/\/www.satinal.it\/pt-pt\/#\/schema\/logo\/image\/\"}}]}<\/script>\n<!-- \/ Yoast SEO plugin. -->","yoast_head_json":{"title":"Termocorte el\u00e9trico 4 l\u00e2minas Opera\u00e7\u00e3o cont\u00ednua - SATINAL","description":"SATINAL SpA - Termocorte el\u00e9trico com 4 l\u00e2minas Opera\u00e7\u00e3o cont\u00ednua. Ideal para limpar as bordas do vidro laminado.","robots":{"index":"index","follow":"follow","max-snippet":"max-snippet:-1","max-image-preview":"max-image-preview:large","max-video-preview":"max-video-preview:-1"},"canonical":"https:\/\/www.satinal.it\/pt-pt\/shop\/dispositivos\/termocorte-eletrico-operacao-continua\/","og_locale":"pt_PT","og_type":"article","og_title":"Termocorte el\u00e9trico 4 l\u00e2minas Opera\u00e7\u00e3o cont\u00ednua - SATINAL","og_description":"SATINAL SpA - Termocorte el\u00e9trico com 4 l\u00e2minas Opera\u00e7\u00e3o cont\u00ednua. Ideal para limpar as bordas do vidro laminado.","og_url":"https:\/\/www.satinal.it\/pt-pt\/shop\/dispositivos\/termocorte-eletrico-operacao-continua\/","og_site_name":"Satinal","article_modified_time":"2021-06-29T12:49:57+00:00","og_image":[{"width":1200,"height":1200,"url":"https:\/\/www.satinal.it\/wp-content\/uploads\/2020\/09\/Thermal-cutter-4-blades-continuously-working-type.jpg","type":"image\/jpeg"}],"twitter_card":"summary_large_image","schema":{"@context":"https:\/\/schema.org","@graph":[{"@type":"WebPage","@id":"https:\/\/www.satinal.it\/pt-pt\/shop\/dispositivos\/termocorte-eletrico-operacao-continua\/","url":"https:\/\/www.satinal.it\/pt-pt\/shop\/dispositivos\/termocorte-eletrico-operacao-continua\/","name":"Termocorte el\u00e9trico 4 l\u00e2minas Opera\u00e7\u00e3o cont\u00ednua - SATINAL","isPartOf":{"@id":"https:\/\/www.satinal.it\/pt-pt\/#website"},"primaryImageOfPage":{"@id":"https:\/\/www.satinal.it\/pt-pt\/shop\/dispositivos\/termocorte-eletrico-operacao-continua\/#primaryimage"},"image":{"@id":"https:\/\/www.satinal.it\/pt-pt\/shop\/dispositivos\/termocorte-eletrico-operacao-continua\/#primaryimage"},"thumbnailUrl":"https:\/\/www.satinal.it\/wp-content\/uploads\/2020\/09\/Thermal-cutter-4-blades-continuously-working-type.jpg","datePublished":"2020-09-22T12:11:56+00:00","dateModified":"2021-06-29T12:49:57+00:00","description":"SATINAL SpA - Termocorte el\u00e9trico com 4 l\u00e2minas Opera\u00e7\u00e3o cont\u00ednua. Ideal para limpar as bordas do vidro laminado.","breadcrumb":{"@id":"https:\/\/www.satinal.it\/pt-pt\/shop\/dispositivos\/termocorte-eletrico-operacao-continua\/#breadcrumb"},"inLanguage":"pt-PT","potentialAction":[{"@type":"ReadAction","target":["https:\/\/www.satinal.it\/pt-pt\/shop\/dispositivos\/termocorte-eletrico-operacao-continua\/"]}]},{"@type":"ImageObject","inLanguage":"pt-PT","@id":"https:\/\/www.satinal.it\/pt-pt\/shop\/dispositivos\/termocorte-eletrico-operacao-continua\/#primaryimage","url":"https:\/\/www.satinal.it\/wp-content\/uploads\/2020\/09\/Thermal-cutter-4-blades-continuously-working-type.jpg","contentUrl":"https:\/\/www.satinal.it\/wp-content\/uploads\/2020\/09\/Thermal-cutter-4-blades-continuously-working-type.jpg","width":1200,"height":1200,"caption":"Thermal cutter 4 blades continuously working type"},{"@type":"BreadcrumbList","@id":"https:\/\/www.satinal.it\/pt-pt\/shop\/dispositivos\/termocorte-eletrico-operacao-continua\/#breadcrumb","itemListElement":[{"@type":"ListItem","position":1,"name":"Home","item":"https:\/\/www.satinal.it\/pt-pt\/"},{"@type":"ListItem","position":2,"name":"Shop","item":"https:\/\/www.satinal.it\/pt-pt\/shop\/"},{"@type":"ListItem","position":3,"name":"Termocorte el\u00e9trico com 4 l\u00e2minas Opera\u00e7\u00e3o cont\u00ednua"}]},{"@type":"WebSite","@id":"https:\/\/www.satinal.it\/pt-pt\/#website","url":"https:\/\/www.satinal.it\/pt-pt\/","name":"Satinal","description":"Competent in glass","publisher":{"@id":"https:\/\/www.satinal.it\/pt-pt\/#organization"},"potentialAction":[{"@type":"SearchAction","target":{"@type":"EntryPoint","urlTemplate":"https:\/\/www.satinal.it\/pt-pt\/?s={search_term_string}"},"query-input":{"@type":"PropertyValueSpecification","valueRequired":true,"valueName":"search_term_string"}}],"inLanguage":"pt-PT"},{"@type":"Organization","@id":"https:\/\/www.satinal.it\/pt-pt\/#organization","name":"SATINAL SPA","url":"https:\/\/www.satinal.it\/pt-pt\/","logo":{"@type":"ImageObject","inLanguage":"pt-PT","@id":"https:\/\/www.satinal.it\/pt-pt\/#\/schema\/logo\/image\/","url":"https:\/\/www.satinal.it\/wp-content\/uploads\/2020\/11\/Satinal-logo-mission.png","contentUrl":"https:\/\/www.satinal.it\/wp-content\/uploads\/2020\/11\/Satinal-logo-mission.png","width":210,"height":81,"caption":"SATINAL SPA"},"image":{"@id":"https:\/\/www.satinal.it\/pt-pt\/#\/schema\/logo\/image\/"}}]}},"_links":{"self":[{"href":"https:\/\/www.satinal.it\/pt-pt\/wp-json\/wp\/v2\/product\/16497","targetHints":{"allow":["GET"]}}],"collection":[{"href":"https:\/\/www.satinal.it\/pt-pt\/wp-json\/wp\/v2\/product"}],"about":[{"href":"https:\/\/www.satinal.it\/pt-pt\/wp-json\/wp\/v2\/types\/product"}],"wp:featuredmedia":[{"embeddable":true,"href":"https:\/\/www.satinal.it\/pt-pt\/wp-json\/wp\/v2\/media\/7927"}],"wp:attachment":[{"href":"https:\/\/www.satinal.it\/pt-pt\/wp-json\/wp\/v2\/media?parent=16497"}],"wp:term":[{"taxonomy":"product_brand","embeddable":true,"href":"https:\/\/www.satinal.it\/pt-pt\/wp-json\/wp\/v2\/product_brand?post=16497"},{"taxonomy":"product_cat","embeddable":true,"href":"https:\/\/www.satinal.it\/pt-pt\/wp-json\/wp\/v2\/product_cat?post=16497"},{"taxonomy":"product_tag","embeddable":true,"href":"https:\/\/www.satinal.it\/pt-pt\/wp-json\/wp\/v2\/product_tag?post=16497"}],"curies":[{"name":"wp","href":"https:\/\/api.w.org\/{rel}","templated":true}]}}